{"id":2527,"date":"2024-03-26T12:39:00","date_gmt":"2024-03-26T10:39:00","guid":{"rendered":"https:\/\/hostallalolita.com\/que-fer\/"},"modified":"2024-11-06T19:23:16","modified_gmt":"2024-11-06T17:23:16","slug":"que-fer","status":"publish","type":"page","link":"https:\/\/hostallalolita.com\/en\/que-fer\/","title":{"rendered":"WHAT TO DO?"},"content":{"rendered":"\n<style type=\"text\/css\" data-created_by=\"avia_inline_auto\" id=\"style-css-av-9jr2xi-52f3d96b51a6e93a7a26cdba5ff14ab7\">\n.avia-section.av-9jr2xi-52f3d96b51a6e93a7a26cdba5ff14ab7{\nbackground-repeat:no-repeat;\nbackground-image:url(https:\/\/hostallalolita.com\/wp-content\/uploads\/2016\/07\/slider03.jpg);\nbackground-position:50% 50%;\nbackground-attachment:scroll;\n}\n<\/style>\n<div id='av_section_1'  class='avia-section av-9jr2xi-52f3d96b51a6e93a7a26cdba5ff14ab7 main_color avia-section-default avia-no-shadow  avia-builder-el-0  el_before_av_section  avia-builder-el-first  avia-full-stretch avia-bg-style-scroll av-minimum-height av-minimum-height-custom av-height-custom  container_wrap fullsize'  data-section-bg-repeat='stretch' data-av_minimum_height_px='250'><div class='container av-section-cont-open' style='height:250px'><main  role=\"main\" itemprop=\"mainContentOfPage\"  class='template-page content  av-content-full alpha units'><div class='post-entry post-entry-type-page post-entry-2527'><div class='entry-content-wrapper clearfix'>\n<\/div><\/div><\/main><!-- close content main element --><\/div><\/div>\n<style type=\"text\/css\" data-created_by=\"avia_inline_auto\" id=\"style-css-av-lu88nldd-5dc56e60f448d2c8a205b798cd221a65\">\n.avia-section.av-lu88nldd-5dc56e60f448d2c8a205b798cd221a65{\nbackground-color:#f8f8f8;\nbackground-image:unset;\n}\n<\/style>\n<div id='av_section_2'  class='avia-section av-lu88nldd-5dc56e60f448d2c8a205b798cd221a65 main_color avia-section-huge avia-no-border-styling  avia-builder-el-1  el_after_av_section  avia-builder-el-last  avia-bg-style-scroll container_wrap fullsize'  ><div class='container av-section-cont-open' ><div class='template-page content  av-content-full alpha units'><div class='post-entry post-entry-type-page post-entry-2527'><div class='entry-content-wrapper clearfix'>\n\n<style type=\"text\/css\" data-created_by=\"avia_inline_auto\" id=\"style-css-av-86w912-04c2556a12cb15897f22e04caa3e8e28\">\n#top .flex_column.av-86w912-04c2556a12cb15897f22e04caa3e8e28{\nmargin-top:-200px;\nmargin-bottom:0px;\n}\n.flex_column.av-86w912-04c2556a12cb15897f22e04caa3e8e28{\nborder-radius:0px 0px 0px 0px;\npadding:30px 0px 0px 0px;\nbackground-color:#f8f8f8;\n}\n.responsive #top #wrap_all .flex_column.av-86w912-04c2556a12cb15897f22e04caa3e8e28{\nmargin-top:-200px;\nmargin-bottom:0px;\n}\n<\/style>\n<div  class='flex_column av-86w912-04c2556a12cb15897f22e04caa3e8e28 av_one_full  avia-builder-el-2  el_before_av_hr  avia-builder-el-first  first flex_column_div  '     ><style type=\"text\/css\" data-created_by=\"avia_inline_auto\" id=\"style-css-av-lu88m6az-a953c9d311522bb77c83419175cfbe18\">\n#top .av-special-heading.av-lu88m6az-a953c9d311522bb77c83419175cfbe18{\npadding-bottom:20px;\nfont-size:40px;\n}\nbody .av-special-heading.av-lu88m6az-a953c9d311522bb77c83419175cfbe18 .av-special-heading-tag .heading-char{\nfont-size:25px;\n}\n#top #wrap_all .av-special-heading.av-lu88m6az-a953c9d311522bb77c83419175cfbe18 .av-special-heading-tag{\nfont-size:40px;\n}\n.av-special-heading.av-lu88m6az-a953c9d311522bb77c83419175cfbe18 .av-subheading{\nfont-size:15px;\n}\n\n@media only screen and (min-width: 480px) and (max-width: 767px){ \n#top #wrap_all .av-special-heading.av-lu88m6az-a953c9d311522bb77c83419175cfbe18 .av-special-heading-tag{\nfont-size:0.8em;\n}\n}\n\n@media only screen and (max-width: 479px){ \n#top #wrap_all .av-special-heading.av-lu88m6az-a953c9d311522bb77c83419175cfbe18 .av-special-heading-tag{\nfont-size:0.8em;\n}\n}\n<\/style>\n<div  class='av-special-heading av-lu88m6az-a953c9d311522bb77c83419175cfbe18 av-special-heading-h1 blockquote modern-quote modern-centered  avia-builder-el-3  avia-builder-el-no-sibling  av-inherit-size'><h1 class='av-special-heading-tag '  itemprop=\"headline\"  >What to do?<\/h1><div class=\"special-heading-border\"><div class=\"special-heading-inner-border\"><\/div><\/div><\/div><\/div>\n<style type=\"text\/css\" data-created_by=\"avia_inline_auto\" id=\"style-css-av-5ifdvq-4f09198423d1edbdc40fc519dce3baf6\">\n#top .hr.av-5ifdvq-4f09198423d1edbdc40fc519dce3baf6{\nmargin-top:0px;\nmargin-bottom:70px;\n}\n.hr.av-5ifdvq-4f09198423d1edbdc40fc519dce3baf6 .hr-inner{\nwidth:50px;\nborder-color:#f8f8f8;\nmax-width:45%;\n}\n.hr.av-5ifdvq-4f09198423d1edbdc40fc519dce3baf6 .av-seperator-icon{\ncolor:#e5c80c;\n}\n.hr.av-5ifdvq-4f09198423d1edbdc40fc519dce3baf6 .av-seperator-icon.avia-svg-icon svg:first-child{\nfill:#e5c80c;\nstroke:#e5c80c;\n}\n<\/style>\n<div  class='hr av-5ifdvq-4f09198423d1edbdc40fc519dce3baf6 hr-custom  avia-builder-el-4  el_after_av_one_full  el_before_av_one_half  hr-center hr-icon-yes'><span class='hr-inner inner-border-av-border-fat'><span class=\"hr-inner-style\"><\/span><\/span><span class='av-seperator-icon avia-iconfont avia-font-entypo-fontello' data-av_icon='\ue8ce' data-av_iconfont='entypo-fontello' ><\/span><span class='hr-inner inner-border-av-border-fat'><span class=\"hr-inner-style\"><\/span><\/span><\/div>\n\n<style type=\"text\/css\" data-created_by=\"avia_inline_auto\" id=\"style-css-av-3tuyie-e19c2a0e58eca49381ba4028a74bdb82\">\n.flex_column.av-3tuyie-e19c2a0e58eca49381ba4028a74bdb82{\nborder-width:2px;\nborder-color:#c8b89f;\nborder-style:solid;\nborder-radius:30px 30px 30px 30px;\npadding:15px 15px 15px 15px;\n}\n<\/style>\n<div  class='flex_column av-3tuyie-e19c2a0e58eca49381ba4028a74bdb82 av_one_half  avia-builder-el-5  el_after_av_hr  el_before_av_one_half  first flex_column_div  '     ><section  class='av_textblock_section av-lu88s7dq-33353abf4645867e795140b06528cb06 '   itemscope=\"itemscope\" itemtype=\"https:\/\/schema.org\/CreativeWork\" ><div class='avia_textblock'  itemprop=\"text\" ><h3 style=\"text-align: center;\">ACTIVITIES<\/h3>\n<\/div><\/section><br \/>\n\n<style type=\"text\/css\" data-created_by=\"avia_inline_auto\" id=\"style-css-av-lu88su1d-48d3c48119add6677becb3eb5deb100d\">\n.avia-image-container.av-lu88su1d-48d3c48119add6677becb3eb5deb100d img.avia_image{\nbox-shadow:none;\n}\n.avia-image-container.av-lu88su1d-48d3c48119add6677becb3eb5deb100d .av-image-caption-overlay-center{\ncolor:#ffffff;\n}\n<\/style>\n<div  class='avia-image-container av-lu88su1d-48d3c48119add6677becb3eb5deb100d av-styling- avia-align-center  avia-builder-el-7  el_after_av_textblock  el_before_av_textblock '   itemprop=\"image\" itemscope=\"itemscope\" itemtype=\"https:\/\/schema.org\/ImageObject\" ><div class=\"avia-image-container-inner\"><div class=\"avia-image-overlay-wrap\"><img decoding=\"async\" fetchpriority=\"high\" class='wp-image-2799 avia-img-lazy-loading-not-2799 avia_image ' src=\"https:\/\/hostallalolita.com\/wp-content\/uploads\/2024\/03\/paisatge-els-angels_ok.jpg\" alt='' title='paisatge-els-angels_ok'  height=\"1000\" width=\"1778\"  itemprop=\"thumbnailUrl\" srcset=\"https:\/\/hostallalolita.com\/wp-content\/uploads\/2024\/03\/paisatge-els-angels_ok.jpg 1778w, https:\/\/hostallalolita.com\/wp-content\/uploads\/2024\/03\/paisatge-els-angels_ok-300x169.jpg 300w, https:\/\/hostallalolita.com\/wp-content\/uploads\/2024\/03\/paisatge-els-angels_ok-1030x579.jpg 1030w, https:\/\/hostallalolita.com\/wp-content\/uploads\/2024\/03\/paisatge-els-angels_ok-768x432.jpg 768w, https:\/\/hostallalolita.com\/wp-content\/uploads\/2024\/03\/paisatge-els-angels_ok-1536x864.jpg 1536w, https:\/\/hostallalolita.com\/wp-content\/uploads\/2024\/03\/paisatge-els-angels_ok-1500x844.jpg 1500w, https:\/\/hostallalolita.com\/wp-content\/uploads\/2024\/03\/paisatge-els-angels_ok-705x397.jpg 705w\" sizes=\"(max-width: 1778px) 100vw, 1778px\" \/><\/div><\/div><\/div><br \/>\n<section  class='av_textblock_section av-lu88th9n-c5d42d048d2b467323ecabe1feac128a '   itemscope=\"itemscope\" itemtype=\"https:\/\/schema.org\/CreativeWork\" ><div class='avia_textblock'  itemprop=\"text\" ><p style=\"text-align: center;\">Hiking activities from the hostel or in the surrounding area, adventure activities such as windsurfing or via ferrata, boat trips, or hot air balloon rides.<br \/>\n.<\/p>\n<\/div><\/section><br \/>\n<div  class='avia-button-wrap av-lu88z1ns-387144a4dd1c82b7c9dd22b319f4d8ff-wrap avia-button-center  avia-builder-el-9  el_after_av_textblock  avia-builder-el-last '><a href='https:\/\/hostallalolita.com\/en\/que-fer\/activitats\/'  class='avia-button av-lu88z1ns-387144a4dd1c82b7c9dd22b319f4d8ff av-link-btn avia-icon_select-no avia-size-small avia-position-center avia-color-theme-color'   aria-label=\"More information\"><span class='avia_iconbox_title' >More information<\/span><\/a><\/div><\/p><\/div>\n<style type=\"text\/css\" data-created_by=\"avia_inline_auto\" id=\"style-css-av-34je5i-7bba5209179669a3a7a67c85bd8cb9f2\">\n.flex_column.av-34je5i-7bba5209179669a3a7a67c85bd8cb9f2{\nborder-width:2px;\nborder-color:#c8b89f;\nborder-style:solid;\nborder-radius:30px 30px 30px 30px;\npadding:15px 15px 15px 15px;\n}\n<\/style>\n<div  class='flex_column av-34je5i-7bba5209179669a3a7a67c85bd8cb9f2 av_one_half  avia-builder-el-10  el_after_av_one_half  el_before_av_one_half  flex_column_div  '     ><section  class='av_textblock_section av-lu88tye4-57e22a1cbca8709dc794712ecbd5b794 '   itemscope=\"itemscope\" itemtype=\"https:\/\/schema.org\/CreativeWork\" ><div class='avia_textblock'  itemprop=\"text\" ><h3 style=\"text-align: center;\">TOURISM<\/h3>\n<\/div><\/section><br \/>\n\n<style type=\"text\/css\" data-created_by=\"avia_inline_auto\" id=\"style-css-av-lu88ui3h-66442dfe9db8e7c1f3231d8802c8c3d9\">\n.avia-image-container.av-lu88ui3h-66442dfe9db8e7c1f3231d8802c8c3d9 img.avia_image{\nbox-shadow:none;\n}\n.avia-image-container.av-lu88ui3h-66442dfe9db8e7c1f3231d8802c8c3d9 .av-image-caption-overlay-center{\ncolor:#ffffff;\n}\n<\/style>\n<div  class='avia-image-container av-lu88ui3h-66442dfe9db8e7c1f3231d8802c8c3d9 av-styling- avia-align-center  avia-builder-el-12  el_after_av_textblock  el_before_av_textblock '   itemprop=\"image\" itemscope=\"itemscope\" itemtype=\"https:\/\/schema.org\/ImageObject\" ><div class=\"avia-image-container-inner\"><div class=\"avia-image-overlay-wrap\"><img decoding=\"async\" fetchpriority=\"high\" class='wp-image-2798 avia-img-lazy-loading-not-2798 avia_image ' src=\"https:\/\/hostallalolita.com\/wp-content\/uploads\/2024\/03\/sant-marti-vell_ok.jpg\" alt='' title='sant-marti-vell_ok'  height=\"1000\" width=\"1778\"  itemprop=\"thumbnailUrl\" srcset=\"https:\/\/hostallalolita.com\/wp-content\/uploads\/2024\/03\/sant-marti-vell_ok.jpg 1778w, https:\/\/hostallalolita.com\/wp-content\/uploads\/2024\/03\/sant-marti-vell_ok-300x169.jpg 300w, https:\/\/hostallalolita.com\/wp-content\/uploads\/2024\/03\/sant-marti-vell_ok-1030x579.jpg 1030w, https:\/\/hostallalolita.com\/wp-content\/uploads\/2024\/03\/sant-marti-vell_ok-768x432.jpg 768w, https:\/\/hostallalolita.com\/wp-content\/uploads\/2024\/03\/sant-marti-vell_ok-1536x864.jpg 1536w, https:\/\/hostallalolita.com\/wp-content\/uploads\/2024\/03\/sant-marti-vell_ok-1500x844.jpg 1500w, https:\/\/hostallalolita.com\/wp-content\/uploads\/2024\/03\/sant-marti-vell_ok-705x397.jpg 705w\" sizes=\"(max-width: 1778px) 100vw, 1778px\" \/><\/div><\/div><\/div><br \/>\n<section  class='av_textblock_section av-lu88v639-db94193dc4c5f7f5d6f6b473efc29b98 '   itemscope=\"itemscope\" itemtype=\"https:\/\/schema.org\/CreativeWork\" ><div class='avia_textblock'  itemprop=\"text\" ><p style=\"text-align: center;\">Visit charming villages and take a trip back in time, explore local crafts such as pottery, and enjoy the best beaches of the Costa Brava, all within 5 to 30 minutes of the hostel.<br \/>\n<span style=\"color: #ffffff;\">.<\/span><\/p>\n<\/div><\/section><br \/>\n<div  class='avia-button-wrap av-2dqo7q-afaecf73908ba09b90876e3afeabdd59-wrap avia-button-center  avia-builder-el-14  el_after_av_textblock  avia-builder-el-last '><a href='https:\/\/hostallalolita.com\/en\/que-fer\/activitats\/'  class='avia-button av-2dqo7q-afaecf73908ba09b90876e3afeabdd59 av-link-btn avia-icon_select-no avia-size-small avia-position-center avia-color-theme-color'   aria-label=\"More information\"><span class='avia_iconbox_title' >More information<\/span><\/a><\/div><\/p><\/div>\n<style type=\"text\/css\" data-created_by=\"avia_inline_auto\" id=\"style-css-av-4223ie-d44e9cef4a859c6650d370feda3f2df6\">\n.flex_column.av-4223ie-d44e9cef4a859c6650d370feda3f2df6{\nborder-width:2px;\nborder-color:#c8b89f;\nborder-style:solid;\nborder-radius:30px 30px 30px 30px;\npadding:15px 15px 15px 15px;\n}\n<\/style>\n<div  class='flex_column av-4223ie-d44e9cef4a859c6650d370feda3f2df6 av_one_half  avia-builder-el-15  el_after_av_one_half  el_before_av_one_half  first flex_column_div  column-top-margin'     ><section  class='av_textblock_section av-lu898rpl-62a108af8911fd50892ab970d3756460 '   itemscope=\"itemscope\" itemtype=\"https:\/\/schema.org\/CreativeWork\" ><div class='avia_textblock'  itemprop=\"text\" ><h3 style=\"text-align: center;\">GASTRONOMIC ROUTES<\/h3>\n<\/div><\/section><br \/>\n\n<style type=\"text\/css\" data-created_by=\"avia_inline_auto\" id=\"style-css-av-lu8993wd-9426e74f7bb9c44e1e1a001c4eca0341\">\n.avia-image-container.av-lu8993wd-9426e74f7bb9c44e1e1a001c4eca0341 img.avia_image{\nbox-shadow:none;\n}\n.avia-image-container.av-lu8993wd-9426e74f7bb9c44e1e1a001c4eca0341 .av-image-caption-overlay-center{\ncolor:#ffffff;\n}\n<\/style>\n<div  class='avia-image-container av-lu8993wd-9426e74f7bb9c44e1e1a001c4eca0341 av-styling- avia-align-center  avia-builder-el-17  el_after_av_textblock  el_before_av_textblock '   itemprop=\"image\" itemscope=\"itemscope\" itemtype=\"https:\/\/schema.org\/ImageObject\" ><div class=\"avia-image-container-inner\"><div class=\"avia-image-overlay-wrap\"><img decoding=\"async\" fetchpriority=\"high\" class='wp-image-2800 avia-img-lazy-loading-not-2800 avia_image ' src=\"https:\/\/hostallalolita.com\/wp-content\/uploads\/2024\/03\/gastronomia_ok.jpg\" alt='' title='gastronomia_ok'  height=\"416\" width=\"740\"  itemprop=\"thumbnailUrl\" srcset=\"https:\/\/hostallalolita.com\/wp-content\/uploads\/2024\/03\/gastronomia_ok.jpg 740w, https:\/\/hostallalolita.com\/wp-content\/uploads\/2024\/03\/gastronomia_ok-300x169.jpg 300w, https:\/\/hostallalolita.com\/wp-content\/uploads\/2024\/03\/gastronomia_ok-705x396.jpg 705w\" sizes=\"(max-width: 740px) 100vw, 740px\" \/><\/div><\/div><\/div><br \/>\n<section  class='av_textblock_section av-lu899jkw-39092d76d6aaf12efbed8107e734c490 '   itemscope=\"itemscope\" itemtype=\"https:\/\/schema.org\/CreativeWork\" ><div class='avia_textblock'  itemprop=\"text\" ><p style=\"text-align: center;\">Enjoy the delicious local cuisine, from wine tourism routes to restaurants where you can savor the best food from our region.<br \/>\n<span style=\"color: #ffffff;\">.<\/span><\/p>\n<\/div><\/section><br \/>\n<div  class='avia-button-wrap av-39wq12-674f7d5965dc0651bdf07b52fe7a7a72-wrap avia-button-center  avia-builder-el-19  el_after_av_textblock  avia-builder-el-last '><a href='https:\/\/hostallalolita.com\/en\/que-fer\/activitats\/'  class='avia-button av-39wq12-674f7d5965dc0651bdf07b52fe7a7a72 av-link-btn avia-icon_select-no avia-size-small avia-position-center avia-color-theme-color'   aria-label=\"More information\"><span class='avia_iconbox_title' >More information<\/span><\/a><\/div><\/p><\/div>\n<style type=\"text\/css\" data-created_by=\"avia_inline_auto\" id=\"style-css-av-3lze6e-739e1706f1c206018dcef7f607f4a998\">\n.flex_column.av-3lze6e-739e1706f1c206018dcef7f607f4a998{\nborder-width:2px;\nborder-color:#c8b89f;\nborder-style:solid;\nborder-radius:30px 30px 30px 30px;\npadding:15px 15px 15px 15px;\n}\n<\/style>\n<div  class='flex_column av-3lze6e-739e1706f1c206018dcef7f607f4a998 av_one_half  avia-builder-el-20  el_after_av_one_half  avia-builder-el-last  flex_column_div  column-top-margin'     ><section  class='av_textblock_section av-lu8qha5x-99013c55b9c907e14b3599363f4b2726 '   itemscope=\"itemscope\" itemtype=\"https:\/\/schema.org\/CreativeWork\" ><div class='avia_textblock'  itemprop=\"text\" ><h3 style=\"text-align: center;\">CULTURE<\/h3>\n<\/div><\/section><br \/>\n\n<style type=\"text\/css\" data-created_by=\"avia_inline_auto\" id=\"style-css-av-lu8qhq3v-f844abe9c53da78c8e408e1567997b2b\">\n.avia-image-container.av-lu8qhq3v-f844abe9c53da78c8e408e1567997b2b img.avia_image{\nbox-shadow:none;\n}\n.avia-image-container.av-lu8qhq3v-f844abe9c53da78c8e408e1567997b2b .av-image-caption-overlay-center{\ncolor:#ffffff;\n}\n<\/style>\n<div  class='avia-image-container av-lu8qhq3v-f844abe9c53da78c8e408e1567997b2b av-styling- avia-align-center  avia-builder-el-22  el_after_av_textblock  el_before_av_textblock '   itemprop=\"image\" itemscope=\"itemscope\" itemtype=\"https:\/\/schema.org\/ImageObject\" ><div class=\"avia-image-container-inner\"><div class=\"avia-image-overlay-wrap\"><img decoding=\"async\" fetchpriority=\"high\" class='wp-image-2528 avia-img-lazy-loading-not-2528 avia_image ' src=\"https:\/\/hostallalolita.com\/wp-content\/uploads\/2024\/03\/museu-dali.jpg\" alt='' title='museu-dali'  height=\"563\" width=\"1000\"  itemprop=\"thumbnailUrl\" srcset=\"https:\/\/hostallalolita.com\/wp-content\/uploads\/2024\/03\/museu-dali.jpg 1000w, https:\/\/hostallalolita.com\/wp-content\/uploads\/2024\/03\/museu-dali-300x169.jpg 300w, https:\/\/hostallalolita.com\/wp-content\/uploads\/2024\/03\/museu-dali-768x432.jpg 768w, https:\/\/hostallalolita.com\/wp-content\/uploads\/2024\/03\/museu-dali-705x397.jpg 705w\" sizes=\"(max-width: 1000px) 100vw, 1000px\" \/><\/div><\/div><\/div><br \/>\n<section  class='av_textblock_section av-lu8qi5y9-837a03e207d9e654baefdbaaec65e76f '   itemscope=\"itemscope\" itemtype=\"https:\/\/schema.org\/CreativeWork\" ><div class='avia_textblock'  itemprop=\"text\" ><p style=\"text-align: center;\">Explore the local culture, such as museums dedicated to Dal\u00ed and his life, located in P\u00fabol and Figueres. Additionally, there are various exhibitions throughout the year in the Giron\u00e8s region.<\/p>\n<\/div><\/section><br \/>\n<div  class='avia-button-wrap av-8xyw6-03ee21e33ee36ef204630bdd01c829cd-wrap avia-button-center  avia-builder-el-24  el_after_av_textblock  avia-builder-el-last '><a href=''  class='avia-button av-8xyw6-03ee21e33ee36ef204630bdd01c829cd av-link-btn avia-icon_select-no avia-size-small avia-position-center avia-color-theme-color'   aria-label=\"More information\"><span class='avia_iconbox_title' >More information<\/span><\/a><\/div><\/p><\/div>\n","protected":false},"excerpt":{"rendered":"","protected":false},"author":1,"featured_media":0,"parent":0,"menu_order":0,"comment_status":"closed","ping_status":"closed","template":"","meta":{"footnotes":""},"class_list":["post-2527","page","type-page","status-publish","hentry"],"_links":{"self":[{"href":"https:\/\/hostallalolita.com\/en\/wp-json\/wp\/v2\/pages\/2527","targetHints":{"allow":["GET"]}}],"collection":[{"href":"https:\/\/hostallalolita.com\/en\/wp-json\/wp\/v2\/pages"}],"about":[{"href":"https:\/\/hostallalolita.com\/en\/wp-json\/wp\/v2\/types\/page"}],"author":[{"embeddable":true,"href":"https:\/\/hostallalolita.com\/en\/wp-json\/wp\/v2\/users\/1"}],"replies":[{"embeddable":true,"href":"https:\/\/hostallalolita.com\/en\/wp-json\/wp\/v2\/comments?post=2527"}],"version-history":[{"count":3,"href":"https:\/\/hostallalolita.com\/en\/wp-json\/wp\/v2\/pages\/2527\/revisions"}],"predecessor-version":[{"id":2797,"href":"https:\/\/hostallalolita.com\/en\/wp-json\/wp\/v2\/pages\/2527\/revisions\/2797"}],"wp:attachment":[{"href":"https:\/\/hostallalolita.com\/en\/wp-json\/wp\/v2\/media?parent=2527"}],"curies":[{"name":"wp","href":"https:\/\/api.w.org\/{rel}","templated":true}]}}