{"id":2553,"date":"2024-04-08T12:50:40","date_gmt":"2024-04-08T10:50:40","guid":{"rendered":"https:\/\/hostallalolita.com\/que-fer\/turisme\/"},"modified":"2024-11-06T20:30:56","modified_gmt":"2024-11-06T18:30:56","slug":"turisme","status":"publish","type":"page","link":"https:\/\/hostallalolita.com\/es\/que-fer\/turisme\/","title":{"rendered":"Turismo"},"content":{"rendered":"\n<style type=\"text\/css\" data-created_by=\"avia_inline_auto\" id=\"style-css-av-20jat9y-c6a2919b44f17f5303f3885921da763d\">\n.avia-section.av-20jat9y-c6a2919b44f17f5303f3885921da763d{\nbackground-repeat:no-repeat;\nbackground-image:url(https:\/\/hostallalolita.com\/wp-content\/uploads\/2024\/04\/turisme.jpg);\nbackground-position:50% 50%;\nbackground-attachment:scroll;\n}\n<\/style>\n<div id='av_section_1'  class='avia-section av-20jat9y-c6a2919b44f17f5303f3885921da763d main_color avia-section-default avia-no-shadow  avia-builder-el-0  el_before_av_section  avia-builder-el-first  avia-full-stretch avia-bg-style-scroll av-minimum-height av-minimum-height-custom av-height-custom  container_wrap fullsize'  data-section-bg-repeat='stretch' data-av_minimum_height_px='250'><div class='container av-section-cont-open' style='height:250px'><main  role=\"main\" itemprop=\"mainContentOfPage\"  class='template-page content  av-content-full alpha units'><div class='post-entry post-entry-type-page post-entry-2553'><div class='entry-content-wrapper clearfix'>\n<\/div><\/div><\/main><!-- close content main element --><\/div><\/div><div id='av_section_2'  class='avia-section av-1ypcevq-6212e403b092747578f46e88cc8829b1 main_color avia-section-huge avia-no-border-styling  avia-builder-el-1  el_after_av_section  avia-builder-el-last  avia-bg-style-scroll container_wrap fullsize'  ><div class='container av-section-cont-open' ><div class='template-page content  av-content-full alpha units'><div class='post-entry post-entry-type-page post-entry-2553'><div class='entry-content-wrapper clearfix'>\n\n<style type=\"text\/css\" data-created_by=\"avia_inline_auto\" id=\"style-css-av-1w9i4ae-f6e77b55be6b1507bdd7536ca84f5fc7\">\n#top .flex_column.av-1w9i4ae-f6e77b55be6b1507bdd7536ca84f5fc7{\nmargin-top:-200px;\nmargin-bottom:0px;\n}\n.flex_column.av-1w9i4ae-f6e77b55be6b1507bdd7536ca84f5fc7{\nborder-radius:0px 0px 0px 0px;\npadding:30px 0px 0px 0px;\nbackground-color:#f8f8f8;\n}\n.responsive #top #wrap_all .flex_column.av-1w9i4ae-f6e77b55be6b1507bdd7536ca84f5fc7{\nmargin-top:-200px;\nmargin-bottom:0px;\n}\n<\/style>\n<div  class='flex_column av-1w9i4ae-f6e77b55be6b1507bdd7536ca84f5fc7 av_one_full  avia-builder-el-2  el_before_av_one_third  avia-builder-el-first  first flex_column_div  '     ><p>\n<style type=\"text\/css\" data-created_by=\"avia_inline_auto\" id=\"style-css-av-1vomg3q-303ba5b5ef6a536a14f8ddb7619a64a0\">\n#top .av-special-heading.av-1vomg3q-303ba5b5ef6a536a14f8ddb7619a64a0{\npadding-bottom:20px;\nfont-size:40px;\n}\nbody .av-special-heading.av-1vomg3q-303ba5b5ef6a536a14f8ddb7619a64a0 .av-special-heading-tag .heading-char{\nfont-size:25px;\n}\n#top #wrap_all .av-special-heading.av-1vomg3q-303ba5b5ef6a536a14f8ddb7619a64a0 .av-special-heading-tag{\nfont-size:40px;\n}\n.av-special-heading.av-1vomg3q-303ba5b5ef6a536a14f8ddb7619a64a0 .av-subheading{\nfont-size:15px;\n}\n\n@media only screen and (min-width: 480px) and (max-width: 767px){ \n#top #wrap_all .av-special-heading.av-1vomg3q-303ba5b5ef6a536a14f8ddb7619a64a0 .av-special-heading-tag{\nfont-size:0.8em;\n}\n}\n\n@media only screen and (max-width: 479px){ \n#top #wrap_all .av-special-heading.av-1vomg3q-303ba5b5ef6a536a14f8ddb7619a64a0 .av-special-heading-tag{\nfont-size:0.8em;\n}\n}\n<\/style>\n<div  class='av-special-heading av-1vomg3q-303ba5b5ef6a536a14f8ddb7619a64a0 av-special-heading-h1 blockquote modern-quote modern-centered  avia-builder-el-3  el_before_av_hr  avia-builder-el-first  av-inherit-size'><h1 class='av-special-heading-tag '  itemprop=\"headline\"  >Turismo<\/h1><div class=\"special-heading-border\"><div class=\"special-heading-inner-border\"><\/div><\/div><\/div><br \/>\n\n<style type=\"text\/css\" data-created_by=\"avia_inline_auto\" id=\"style-css-av-6i1r2e-8521226aeee05ae8830fa7fe2bfeba70\">\n#top .hr.av-6i1r2e-8521226aeee05ae8830fa7fe2bfeba70{\nmargin-top:0px;\nmargin-bottom:70px;\n}\n.hr.av-6i1r2e-8521226aeee05ae8830fa7fe2bfeba70 .hr-inner{\nwidth:50px;\nborder-color:#f8f8f8;\nmax-width:45%;\n}\n.hr.av-6i1r2e-8521226aeee05ae8830fa7fe2bfeba70 .av-seperator-icon{\ncolor:#e5c80c;\n}\n.hr.av-6i1r2e-8521226aeee05ae8830fa7fe2bfeba70 .av-seperator-icon.avia-svg-icon svg:first-child{\nfill:#e5c80c;\nstroke:#e5c80c;\n}\n<\/style>\n<div  class='hr av-6i1r2e-8521226aeee05ae8830fa7fe2bfeba70 hr-custom  avia-builder-el-4  el_after_av_heading  el_before_av_textblock  hr-center hr-icon-yes'><span class='hr-inner inner-border-av-border-fat'><span class=\"hr-inner-style\"><\/span><\/span><span class='av-seperator-icon avia-iconfont avia-font-entypo-fontello' data-av_icon='\ue8ce' data-av_iconfont='entypo-fontello' ><\/span><span class='hr-inner inner-border-av-border-fat'><span class=\"hr-inner-style\"><\/span><\/span><\/div><br \/>\n\n<style type=\"text\/css\" data-created_by=\"avia_inline_auto\" id=\"style-css-av-luqumild-ae9b72bf9e4f9a0db28aa03638dad8e2\">\n#top .av_textblock_section.av-luqumild-ae9b72bf9e4f9a0db28aa03638dad8e2 .avia_textblock{\ncolor:#c8b89f;\n}\n<\/style>\n<section  class='av_textblock_section av-luqumild-ae9b72bf9e4f9a0db28aa03638dad8e2 '   itemscope=\"itemscope\" itemtype=\"https:\/\/schema.org\/CreativeWork\" ><div class='avia_textblock av_inherit_color'  itemprop=\"text\" ><h2 style=\"text-align: center;\">PUEBLOS MEDIEVALES<\/h2>\n<\/div><\/section><br \/>\n\n<style type=\"text\/css\" data-created_by=\"avia_inline_auto\" id=\"style-css-av-it6wc6-846df9538fe1405af798290f70bed646\">\n.hr.av-it6wc6-846df9538fe1405af798290f70bed646 .hr-inner{\nwidth:500px;\nborder-color:#c8b89f;\n}\n<\/style>\n<div  class='hr av-it6wc6-846df9538fe1405af798290f70bed646 hr-custom  avia-builder-el-6  el_after_av_textblock  avia-builder-el-last  hr-center hr-icon-no'><span class='hr-inner inner-border-av-border-thin'><span class=\"hr-inner-style\"><\/span><\/span><\/div><\/p><\/div><div  class='flex_column av-1ssn7q-fa629bb8d2df303d471e2c7f791b51ce av_one_third  avia-builder-el-7  el_after_av_one_full  el_before_av_one_third  first flex_column_div  column-top-margin'     ><style type=\"text\/css\" data-created_by=\"avia_inline_auto\" id=\"style-css-av-luquo23k-9da8c36ce7ba0c8234d70b7a7ca8ff80\">\n.avia-image-container.av-luquo23k-9da8c36ce7ba0c8234d70b7a7ca8ff80 img.avia_image{\nbox-shadow:none;\n}\n.avia-image-container.av-luquo23k-9da8c36ce7ba0c8234d70b7a7ca8ff80 .av-image-caption-overlay-center{\ncolor:#ffffff;\n}\n<\/style>\n<div  class='avia-image-container av-luquo23k-9da8c36ce7ba0c8234d70b7a7ca8ff80 av-styling- avia-align-center  avia-builder-el-8  avia-builder-el-no-sibling '   itemprop=\"image\" itemscope=\"itemscope\" itemtype=\"https:\/\/schema.org\/ImageObject\" ><div class=\"avia-image-container-inner\"><div class=\"avia-image-overlay-wrap\"><img decoding=\"async\" fetchpriority=\"high\" class='wp-image-2935 avia-img-lazy-loading-not-2935 avia_image ' src=\"https:\/\/hostallalolita.com\/wp-content\/uploads\/2024\/04\/madremanya.jpg\" alt='' title='madremanya'  height=\"377\" width=\"670\"  itemprop=\"thumbnailUrl\" srcset=\"https:\/\/hostallalolita.com\/wp-content\/uploads\/2024\/04\/madremanya.jpg 670w, https:\/\/hostallalolita.com\/wp-content\/uploads\/2024\/04\/madremanya-300x169.jpg 300w\" sizes=\"(max-width: 670px) 100vw, 670px\" \/><\/div><\/div><\/div><\/div><div  class='flex_column av-gg49pi-6bfcd64f8aa145a3f5bf42f66dd0db03 av_one_third  avia-builder-el-9  el_after_av_one_third  el_before_av_one_third  flex_column_div  column-top-margin'     ><style type=\"text\/css\" data-created_by=\"avia_inline_auto\" id=\"style-css-av-luqupo8h-e129e4af8b97d0b387c606b5fa39de01\">\n.avia-image-container.av-luqupo8h-e129e4af8b97d0b387c606b5fa39de01 img.avia_image{\nbox-shadow:none;\n}\n.avia-image-container.av-luqupo8h-e129e4af8b97d0b387c606b5fa39de01 .av-image-caption-overlay-center{\ncolor:#ffffff;\n}\n<\/style>\n<div  class='avia-image-container av-luqupo8h-e129e4af8b97d0b387c606b5fa39de01 av-styling- avia-align-center  avia-builder-el-10  avia-builder-el-no-sibling '   itemprop=\"image\" itemscope=\"itemscope\" itemtype=\"https:\/\/schema.org\/ImageObject\" ><div class=\"avia-image-container-inner\"><div class=\"avia-image-overlay-wrap\"><img decoding=\"async\" fetchpriority=\"high\" class='wp-image-2939 avia-img-lazy-loading-not-2939 avia_image ' src=\"https:\/\/hostallalolita.com\/wp-content\/uploads\/2024\/04\/monells.jpg\" alt='' title='monells'  height=\"377\" width=\"670\"  itemprop=\"thumbnailUrl\" srcset=\"https:\/\/hostallalolita.com\/wp-content\/uploads\/2024\/04\/monells.jpg 670w, https:\/\/hostallalolita.com\/wp-content\/uploads\/2024\/04\/monells-300x169.jpg 300w\" sizes=\"(max-width: 670px) 100vw, 670px\" \/><\/div><\/div><\/div><\/div><div  class='flex_column av-dv1sfa-8a241064b9ea7437e924532a476c5ce8 av_one_third  avia-builder-el-11  el_after_av_one_third  el_before_av_one_half  flex_column_div  column-top-margin'     ><style type=\"text\/css\" data-created_by=\"avia_inline_auto\" id=\"style-css-av-luquq2b4-ff114df95837b2696176c4f5919c6aed\">\n.avia-image-container.av-luquq2b4-ff114df95837b2696176c4f5919c6aed img.avia_image{\nbox-shadow:none;\n}\n.avia-image-container.av-luquq2b4-ff114df95837b2696176c4f5919c6aed .av-image-caption-overlay-center{\ncolor:#ffffff;\n}\n<\/style>\n<div  class='avia-image-container av-luquq2b4-ff114df95837b2696176c4f5919c6aed av-styling- avia-align-center  avia-builder-el-12  avia-builder-el-no-sibling '   itemprop=\"image\" itemscope=\"itemscope\" itemtype=\"https:\/\/schema.org\/ImageObject\" ><div class=\"avia-image-container-inner\"><div class=\"avia-image-overlay-wrap\"><img decoding=\"async\" fetchpriority=\"high\" class='wp-image-2554 avia-img-lazy-loading-not-2554 avia_image ' src=\"https:\/\/hostallalolita.com\/wp-content\/uploads\/2024\/04\/st-marti-vell.jpg\" alt='' title='st-marti-vell'  height=\"377\" width=\"670\"  itemprop=\"thumbnailUrl\" srcset=\"https:\/\/hostallalolita.com\/wp-content\/uploads\/2024\/04\/st-marti-vell.jpg 670w, https:\/\/hostallalolita.com\/wp-content\/uploads\/2024\/04\/st-marti-vell-300x169.jpg 300w\" sizes=\"(max-width: 670px) 100vw, 670px\" \/><\/div><\/div><\/div><\/div><div  class='flex_column av-3vtova-c39275dd4a633b990e81212ce300ba65 av_one_half  avia-builder-el-13  el_after_av_one_third  el_before_av_one_half  first flex_column_div  column-top-margin'     ><section  class='av_textblock_section av-luqun78y-0f4a2bacba5e6e227c6b01d097f853b8 '   itemscope=\"itemscope\" itemtype=\"https:\/\/schema.org\/CreativeWork\" ><div class='avia_textblock'  itemprop=\"text\" ><p>Visita <strong>Sant Mart\u00ed Vell<\/strong>, nuestro precioso pueblo al que se puede llegar caminando desde el hostal en menos de 5 minutos.<\/p>\n<p>Se ha conservado tal como era hace siglos, con callejones de piedra, rincones encantados y una preciosa iglesia de arquitectura renacentista. \u00a1D\u00e9jate maravillar por su encanto!<\/p>\n<\/div><\/section><\/div><div  class='flex_column av-28l9w6-68a7998e665fd8a347392af092d81884 av_one_half  avia-builder-el-15  el_after_av_one_half  el_before_av_hr  flex_column_div  column-top-margin'     ><section  class='av_textblock_section av-luqutcwb-06ff1fd3f1b6294bc7a4d3b3d2a63d8c '   itemscope=\"itemscope\" itemtype=\"https:\/\/schema.org\/CreativeWork\" ><div class='avia_textblock'  itemprop=\"text\" ><p>Tambi\u00e9n puedes hacer la ruta de los peque\u00f1os pueblos medievales de la costa, entre el Giron\u00e8s y el Baix Empord\u00e0, siguiendo la Carretera de Madremanya a pie desde el hostal. Podr\u00e1s visitar <strong>Madremanya, Monells, La Pera, P\u00fabol y Cor\u00e7\u00e0<\/strong>.<\/p>\n<\/div><\/section><\/div>\n<style type=\"text\/css\" data-created_by=\"avia_inline_auto\" id=\"style-css-av-10b1smu-bc436daa9363d4aee5f7cf7ff42d44cf\">\n#top .hr.av-10b1smu-bc436daa9363d4aee5f7cf7ff42d44cf{\nmargin-top:70px;\nmargin-bottom:70px;\n}\n.hr.av-10b1smu-bc436daa9363d4aee5f7cf7ff42d44cf .hr-inner{\nwidth:50px;\nborder-color:#f8f8f8;\nmax-width:45%;\n}\n.hr.av-10b1smu-bc436daa9363d4aee5f7cf7ff42d44cf .av-seperator-icon{\ncolor:#e5c80c;\n}\n.hr.av-10b1smu-bc436daa9363d4aee5f7cf7ff42d44cf .av-seperator-icon.avia-svg-icon svg:first-child{\nfill:#e5c80c;\nstroke:#e5c80c;\n}\n<\/style>\n<div  class='hr av-10b1smu-bc436daa9363d4aee5f7cf7ff42d44cf hr-custom  avia-builder-el-17  el_after_av_one_half  el_before_av_one_half  hr-center hr-icon-yes'><span class='hr-inner inner-border-av-border-fat'><span class=\"hr-inner-style\"><\/span><\/span><span class='av-seperator-icon avia-iconfont avia-font-entypo-fontello' data-av_icon='\ue8ce' data-av_iconfont='entypo-fontello' ><\/span><span class='hr-inner inner-border-av-border-fat'><span class=\"hr-inner-style\"><\/span><\/span><\/div>\n\n<style type=\"text\/css\" data-created_by=\"avia_inline_auto\" id=\"style-css-av-yiqc5i-8476e28c3954cc2a98f86aabef4e0bb3\">\n.flex_column.av-yiqc5i-8476e28c3954cc2a98f86aabef4e0bb3{\npadding:0px 10px 10px 10px;\n}\n<\/style>\n<div  class='flex_column av-yiqc5i-8476e28c3954cc2a98f86aabef4e0bb3 av_one_half  avia-builder-el-18  el_after_av_hr  el_before_av_one_half  first flex_column_div  '     ><style type=\"text\/css\" data-created_by=\"avia_inline_auto\" id=\"style-css-av-wn3hty-9cdcd2896f9aba81c0e2143f43df7cb5\">\n#top .av_textblock_section.av-wn3hty-9cdcd2896f9aba81c0e2143f43df7cb5 .avia_textblock{\ncolor:#c8b89f;\n}\n<\/style>\n<section  class='av_textblock_section av-wn3hty-9cdcd2896f9aba81c0e2143f43df7cb5 '   itemscope=\"itemscope\" itemtype=\"https:\/\/schema.org\/CreativeWork\" ><div class='avia_textblock av_inherit_color'  itemprop=\"text\" ><h2 style=\"text-align: center;\">ARTESAN\u00cdA LOCAL<\/h2>\n<\/div><\/section><br \/>\n\n<style type=\"text\/css\" data-created_by=\"avia_inline_auto\" id=\"style-css-av-ue1bti-8676a36be597002f12679644719868a6\">\n#top .hr.av-ue1bti-8676a36be597002f12679644719868a6{\nmargin-bottom:10px;\n}\n.hr.av-ue1bti-8676a36be597002f12679644719868a6 .hr-inner{\nwidth:100px;\nborder-color:#c8b89f;\n}\n<\/style>\n<div  class='hr av-ue1bti-8676a36be597002f12679644719868a6 hr-custom  avia-builder-el-20  el_after_av_textblock  el_before_av_image  hr-center hr-icon-no'><span class='hr-inner inner-border-av-border-thin'><span class=\"hr-inner-style\"><\/span><\/span><\/div><br \/>\n\n<style type=\"text\/css\" data-created_by=\"avia_inline_auto\" id=\"style-css-av-tikcs6-d6e3205e8e15e1748485b0f2b1a4b15d\">\n.avia-image-container.av-tikcs6-d6e3205e8e15e1748485b0f2b1a4b15d img.avia_image{\nbox-shadow:none;\n}\n.avia-image-container.av-tikcs6-d6e3205e8e15e1748485b0f2b1a4b15d .av-image-caption-overlay-center{\ncolor:#ffffff;\n}\n<\/style>\n<div  class='avia-image-container av-tikcs6-d6e3205e8e15e1748485b0f2b1a4b15d av-styling- avia-align-center  avia-builder-el-21  el_after_av_hr  el_before_av_textblock '   itemprop=\"image\" itemscope=\"itemscope\" itemtype=\"https:\/\/schema.org\/ImageObject\" ><div class=\"avia-image-container-inner\"><div class=\"avia-image-overlay-wrap\"><img decoding=\"async\" fetchpriority=\"high\" class='wp-image-2937 avia-img-lazy-loading-not-2937 avia_image ' src=\"https:\/\/hostallalolita.com\/wp-content\/uploads\/2024\/04\/ceramica.jpg\" alt='' title='ceramica'  height=\"377\" width=\"670\"  itemprop=\"thumbnailUrl\" srcset=\"https:\/\/hostallalolita.com\/wp-content\/uploads\/2024\/04\/ceramica.jpg 670w, https:\/\/hostallalolita.com\/wp-content\/uploads\/2024\/04\/ceramica-300x169.jpg 300w\" sizes=\"(max-width: 670px) 100vw, 670px\" \/><\/div><\/div><\/div><br \/>\n<section  class='av_textblock_section av-qte752-bae1df5b096c3b4d67dfff119aa44fab '   itemscope=\"itemscope\" itemtype=\"https:\/\/schema.org\/CreativeWork\" ><div class='avia_textblock'  itemprop=\"text\" ><p style=\"text-align: left;\">En la <strong>Bisbal d&#8217;Empord\u00e0<\/strong>, a tan solo 15 minutos en coche de La Lolita, podr\u00e1s encontrar un mont\u00f3n de tiendas de cer\u00e1mica, artesan\u00eda local y tiendas de decoraci\u00f3n.<\/p>\n<p style=\"text-align: left;\"><a href=\"https:\/\/ceramisteslabisbal.com\/\" target=\"_blank\" rel=\"noopener\">https:\/\/ceramisteslabisbal.com\/<\/a><\/p>\n<\/div><\/section><\/p><\/div>\n<style type=\"text\/css\" data-created_by=\"avia_inline_auto\" id=\"style-css-av-q5mko6-3d6fcf5669f36a67d1d1e15550a1ac72\">\n.flex_column.av-q5mko6-3d6fcf5669f36a67d1d1e15550a1ac72{\npadding:0px 10px 10px 10px;\n}\n<\/style>\n<div  class='flex_column av-q5mko6-3d6fcf5669f36a67d1d1e15550a1ac72 av_one_half  avia-builder-el-23  el_after_av_one_half  avia-builder-el-last  flex_column_div  '     ><style type=\"text\/css\" data-created_by=\"avia_inline_auto\" id=\"style-css-av-njdvbq-7aaa23cbd6bbdc137f30f2a001d76054\">\n#top .av_textblock_section.av-njdvbq-7aaa23cbd6bbdc137f30f2a001d76054 .avia_textblock{\ncolor:#c8b89f;\n}\n<\/style>\n<section  class='av_textblock_section av-njdvbq-7aaa23cbd6bbdc137f30f2a001d76054 '   itemscope=\"itemscope\" itemtype=\"https:\/\/schema.org\/CreativeWork\" ><div class='avia_textblock av_inherit_color'  itemprop=\"text\" ><h2 style=\"text-align: center;\">PLAYAS<\/h2>\n<\/div><\/section><br \/>\n\n<style type=\"text\/css\" data-created_by=\"avia_inline_auto\" id=\"style-css-av-mg1jo6-b946fc98a2d891f9649362ae9b354659\">\n#top .hr.av-mg1jo6-b946fc98a2d891f9649362ae9b354659{\nmargin-bottom:10px;\n}\n.hr.av-mg1jo6-b946fc98a2d891f9649362ae9b354659 .hr-inner{\nwidth:100px;\nborder-color:#c8b89f;\n}\n<\/style>\n<div  class='hr av-mg1jo6-b946fc98a2d891f9649362ae9b354659 hr-custom  avia-builder-el-25  el_after_av_textblock  el_before_av_image  hr-center hr-icon-no'><span class='hr-inner inner-border-av-border-thin'><span class=\"hr-inner-style\"><\/span><\/span><\/div><br \/>\n\n<style type=\"text\/css\" data-created_by=\"avia_inline_auto\" id=\"style-css-av-l2ia52-494bc2fd6349dd130ce662c480673178\">\n.avia-image-container.av-l2ia52-494bc2fd6349dd130ce662c480673178 img.avia_image{\nbox-shadow:none;\n}\n.avia-image-container.av-l2ia52-494bc2fd6349dd130ce662c480673178 .av-image-caption-overlay-center{\ncolor:#ffffff;\n}\n<\/style>\n<div  class='avia-image-container av-l2ia52-494bc2fd6349dd130ce662c480673178 av-styling- avia-align-center  avia-builder-el-26  el_after_av_hr  el_before_av_textblock '   itemprop=\"image\" itemscope=\"itemscope\" itemtype=\"https:\/\/schema.org\/ImageObject\" ><div class=\"avia-image-container-inner\"><div class=\"avia-image-overlay-wrap\"><img decoding=\"async\" fetchpriority=\"high\" class='wp-image-2938 avia-img-lazy-loading-not-2938 avia_image ' src=\"https:\/\/hostallalolita.com\/wp-content\/uploads\/2024\/04\/cala-montgo.jpg\" alt='' title='cala-montgo'  height=\"377\" width=\"670\"  itemprop=\"thumbnailUrl\" srcset=\"https:\/\/hostallalolita.com\/wp-content\/uploads\/2024\/04\/cala-montgo.jpg 670w, https:\/\/hostallalolita.com\/wp-content\/uploads\/2024\/04\/cala-montgo-300x169.jpg 300w\" sizes=\"(max-width: 670px) 100vw, 670px\" \/><\/div><\/div><\/div><br \/>\n<section  class='av_textblock_section av-ixjkrq-fbe093d9432949d6cacf5caf9d417135 '   itemscope=\"itemscope\" itemtype=\"https:\/\/schema.org\/CreativeWork\" ><div class='avia_textblock'  itemprop=\"text\" ><p>A 30-40 minutos en coche desde el hostal, tenemos las mejores playas de la <strong>Costa Brava<\/strong>, para disfrutar del mar durante el d\u00eda, pero luego regresar a la tranquilidad de La Lolita.<\/p>\n<p>Tambi\u00e9n hay varios tramos a lo largo de la Costa Brava del <em>Cam\u00ed de Ronda<\/em>, donde se puede hacer senderismo junto al mar con unas vistas fant\u00e1sticas.<\/p>\n<ul>\n<li>L\u2019ESCALA (30min): Cala Montg\u00f3, Illa Mateua<\/li>\n<li>PALS (30min): Platja de Pals<\/li>\n<li>BEGUR (35min): L\u2019Illa Roja, Sa Tuna, Platja fonda, Aiguablava<\/li>\n<li>TAMARIU (40min)<\/li>\n<li>CALELLA DE PALAFRUGELL (40min)<\/li>\n<li>SANT ANTONI DE CALONGE (40min): Platja Belladona, Cala el Pi<\/li>\n<li>PALAM\u00d3S (45min): Cala Estreta, La Fosca, Cala s\u2019Alguer, Platja del Catell<\/li>\n<\/ul>\n<\/div><\/section><\/p><\/div>\n","protected":false},"excerpt":{"rendered":"","protected":false},"author":1,"featured_media":0,"parent":2531,"menu_order":0,"comment_status":"closed","ping_status":"closed","template":"","meta":{"footnotes":""},"class_list":["post-2553","page","type-page","status-publish","hentry"],"_links":{"self":[{"href":"https:\/\/hostallalolita.com\/es\/wp-json\/wp\/v2\/pages\/2553","targetHints":{"allow":["GET"]}}],"collection":[{"href":"https:\/\/hostallalolita.com\/es\/wp-json\/wp\/v2\/pages"}],"about":[{"href":"https:\/\/hostallalolita.com\/es\/wp-json\/wp\/v2\/types\/page"}],"author":[{"embeddable":true,"href":"https:\/\/hostallalolita.com\/es\/wp-json\/wp\/v2\/users\/1"}],"replies":[{"embeddable":true,"href":"https:\/\/hostallalolita.com\/es\/wp-json\/wp\/v2\/comments?post=2553"}],"version-history":[{"count":2,"href":"https:\/\/hostallalolita.com\/es\/wp-json\/wp\/v2\/pages\/2553\/revisions"}],"predecessor-version":[{"id":2934,"href":"https:\/\/hostallalolita.com\/es\/wp-json\/wp\/v2\/pages\/2553\/revisions\/2934"}],"up":[{"embeddable":true,"href":"https:\/\/hostallalolita.com\/es\/wp-json\/wp\/v2\/pages\/2531"}],"wp:attachment":[{"href":"https:\/\/hostallalolita.com\/es\/wp-json\/wp\/v2\/media?parent=2553"}],"curies":[{"name":"wp","href":"https:\/\/api.w.org\/{rel}","templated":true}]}}