{"id":2581,"date":"2024-07-02T18:51:38","date_gmt":"2024-07-02T16:51:38","guid":{"rendered":"https:\/\/hostallalolita.com\/pet-friendly\/"},"modified":"2025-04-18T18:01:43","modified_gmt":"2025-04-18T16:01:43","slug":"pet-friendly","status":"publish","type":"page","link":"https:\/\/hostallalolita.com\/es\/pet-friendly\/","title":{"rendered":"PET-FRIENDLY"},"content":{"rendered":"<div id='full_slider_1'  class='avia-fullwidth-slider main_color avia-shadow   avia-builder-el-0  el_before_av_one_full  avia-builder-el-first   container_wrap fullsize'  ><div  class='avia-slideshow av-lyepqdjv-a87275d81102d869202fd29d37b8a77a avia-slideshow-featured av_slideshow_full avia-slide-slider av-slideshow-ui av-control-default av-slideshow-manual av-loop-once av-loop-manual-endless av-default-height-applied   avia-slideshow-1' data-slideshow-options=\"{&quot;animation&quot;:&quot;slide&quot;,&quot;autoplay&quot;:false,&quot;loop_autoplay&quot;:&quot;once&quot;,&quot;interval&quot;:5,&quot;loop_manual&quot;:&quot;manual-endless&quot;,&quot;autoplay_stopper&quot;:false,&quot;noNavigation&quot;:false,&quot;bg_slider&quot;:false,&quot;keep_padding&quot;:false,&quot;hoverpause&quot;:false,&quot;show_slide_delay&quot;:0}\"  itemprop=\"image\" itemscope=\"itemscope\" itemtype=\"https:\/\/schema.org\/ImageObject\" ><ul class='avia-slideshow-inner ' style='padding-bottom: 28.666666666667%;'><li  class='avia-slideshow-slide av-lyepqdjv-a87275d81102d869202fd29d37b8a77a__0  av-single-slide slide-1 slide-odd'><div data-rel='slideshow-1' class='avia-slide-wrap '   ><img decoding=\"async\" fetchpriority=\"high\" class=\"wp-image-2744 avia-img-lazy-loading-not-2744\"  src=\"https:\/\/hostallalolita.com\/wp-content\/uploads\/2024\/07\/bimba-jardi-1-1500x430.jpg\" width=\"1500\" height=\"430\" title='bimba jardi\u0301' alt=''  itemprop=\"thumbnailUrl\" srcset=\"https:\/\/hostallalolita.com\/wp-content\/uploads\/2024\/07\/bimba-jardi-1-1500x430.jpg 1500w, https:\/\/hostallalolita.com\/wp-content\/uploads\/2024\/07\/bimba-jardi-1-350x100.jpg 350w\" sizes=\"(max-width: 1500px) 100vw, 1500px\" \/><\/div><\/li><\/ul><\/div><\/div><div id='after_full_slider_1'  class='main_color av_default_container_wrap container_wrap fullsize'  ><div class='container av-section-cont-open' ><div class='template-page content  av-content-full alpha units'><div class='post-entry post-entry-type-page post-entry-2581'><div class='entry-content-wrapper clearfix'>\n<div  class='flex_column av-2puf2p-76b6fad82ba2e1e1fe707d509acad966 av_one_full  avia-builder-el-1  el_after_av_slideshow_full  el_before_av_one_half  avia-builder-el-first  first flex_column_div  '     ><section  class='av_textblock_section av-ly4o6vg9-56d2378174eb28fcd377b1f78cd45131 '   itemscope=\"itemscope\" itemtype=\"https:\/\/schema.org\/CreativeWork\" ><div class='avia_textblock'  itemprop=\"text\" ><p>Aceptamos mascotas bien educadas bajo solicitud previa. Es necesario avisar al momento de realizar la reserva que se vendr\u00e1 con perro.<\/p>\n<p><strong>NORMATIVA PARA ESTANCIAS CON MASCOTA<\/strong><\/p>\n<ol>\n<li>Se aceptan perros de todos los tama\u00f1os y razas siempre que est\u00e9n bien educados y puedan convivir sin problema con otros perros, personas e instalaciones.<\/li>\n<li>Dado que somos un alojamiento solo para adultos, los perros que vengan <strong>no pueden ladrar en exceso<\/strong> por razones obvias. Los clientes que vienen a La Lolita buscan descanso y tranquilidad, lejos del ruido, y los ladridos pueden ser muy molestos. Agradecer\u00edamos que valoren esta norma antes de venir para una buena convivencia.<\/li>\n<li><strong>Evitar que el animal suba a la cama \/ sof\u00e1<\/strong> de la habitaci\u00f3n por higiene. Si no se puede evitar porque est\u00e1 acostumbrado, agradecer\u00edamos que le lleven un mantel o s\u00e1bana.<\/li>\n<li>No hacer sus necesidades dentro de la habitaci\u00f3n y encargarse de recoger los excrementos en el entorno.<\/li>\n<li>No ba\u00f1ar a los animales en la ducha de la habitaci\u00f3n ni en la piscina.<\/li>\n<li>Pueden estar en todas las instalaciones, incluido el jard\u00edn y la piscina, siempre que vayan atados.<\/li>\n<li>En invierno, debido al poco espacio en el comedor interior, no pueden bajar. Si no pueden quedarse solos en la habitaci\u00f3n, ofrecemos la opci\u00f3n de bajar a desayunar a \u00faltima hora. En verano, el desayuno es en la terraza.<\/li>\n<li>Los animales <strong>no pueden quedarse solos<\/strong> en las habitaciones, excepto por per\u00edodos cortos de tiempo.<\/li>\n<li>Los responsables de los animales se har\u00e1n cargo de los da\u00f1os ocasionados a las instalaciones durante la estancia o a terceras personas.<\/li>\n<li>Los animales no pueden quedarse solos en las habitaciones excepto por per\u00edodos cortos de tiempo.<\/li>\n<li>El precio por estancia es de <strong>15\u20ac por noche por mascota<\/strong> (Solo las 4 primeras noches).<\/li>\n<\/ol>\n<\/div><\/section><\/div><div  class='flex_column av-5v2f6p-84327a5ab87b2a3459db67ed237714a3 av_one_half  avia-builder-el-3  el_after_av_one_full  el_before_av_one_half  first flex_column_div  column-top-margin'     ><style type=\"text\/css\" data-created_by=\"avia_inline_auto\" id=\"style-css-av-lz15p9t1-22a31d08da8842b511feb91e0964d207\">\n#top .av_textblock_section.av-lz15p9t1-22a31d08da8842b511feb91e0964d207 .avia_textblock{\ntext-align:justify;\n}\n<\/style>\n<section  class='av_textblock_section av-lz15p9t1-22a31d08da8842b511feb91e0964d207 '   itemscope=\"itemscope\" itemtype=\"https:\/\/schema.org\/CreativeWork\" ><div class='avia_textblock'  itemprop=\"text\" ><h3><strong>PLAYAS PARA PERROS EN LA COSTA BRAVA<\/strong><\/h3>\n<p>L&#8217;Escala (Playa del Rec del Mol\u00ed)<\/p>\n<p>L&#8217;Estartit (Playa de la Gola del Ter)<\/p>\n<p>Empuriabrava (Playa de la Rubina)<\/p>\n<p>Palam\u00f3s (Playa Pere Grau)<\/p>\n<p>\u00a1Y fuera de temporada tambi\u00e9n se puede acceder a la gran mayor\u00eda de playas de la Costa!<\/p>\n<\/div><\/section><\/div><\/p>\n<div  class='flex_column av-4cyjq9-ffb5dac7c490f4c3caca5456e687e39c av_one_half  avia-builder-el-5  el_after_av_one_half  avia-builder-el-last  flex_column_div  column-top-margin'     ><style type=\"text\/css\" data-created_by=\"avia_inline_auto\" id=\"style-css-av-b0rxd-e1b234bdd1f2e2bc773377ba0fe6a6d5\">\n.avia-image-container.av-b0rxd-e1b234bdd1f2e2bc773377ba0fe6a6d5 img.avia_image{\nbox-shadow:none;\n}\n.avia-image-container.av-b0rxd-e1b234bdd1f2e2bc773377ba0fe6a6d5 .av-image-caption-overlay-center{\ncolor:#ffffff;\n}\n<\/style>\n<div  class='avia-image-container av-b0rxd-e1b234bdd1f2e2bc773377ba0fe6a6d5 av-styling- avia-align-left  avia-builder-el-6  avia-builder-el-no-sibling '   itemprop=\"image\" itemscope=\"itemscope\" itemtype=\"https:\/\/schema.org\/ImageObject\" ><div class=\"avia-image-container-inner\"><div class=\"avia-image-overlay-wrap\"><img decoding=\"async\" fetchpriority=\"high\" class='wp-image-2746 avia-img-lazy-loading-not-2746 avia_image ' src=\"https:\/\/hostallalolita.com\/wp-content\/uploads\/2024\/10\/IMG_0428-2-845x684.jpg\" alt='' title='IMG_0428'  height=\"684\" width=\"845\"  itemprop=\"thumbnailUrl\" srcset=\"https:\/\/hostallalolita.com\/wp-content\/uploads\/2024\/10\/IMG_0428-2-845x684.jpg 845w, https:\/\/hostallalolita.com\/wp-content\/uploads\/2024\/10\/IMG_0428-2-495x400.jpg 495w\" sizes=\"(max-width: 845px) 100vw, 845px\" \/><\/div><\/div><\/div><\/div>\n","protected":false},"excerpt":{"rendered":"","protected":false},"author":3,"featured_media":0,"parent":0,"menu_order":0,"comment_status":"closed","ping_status":"closed","template":"","meta":{"footnotes":""},"class_list":["post-2581","page","type-page","status-publish","hentry"],"_links":{"self":[{"href":"https:\/\/hostallalolita.com\/es\/wp-json\/wp\/v2\/pages\/2581","targetHints":{"allow":["GET"]}}],"collection":[{"href":"https:\/\/hostallalolita.com\/es\/wp-json\/wp\/v2\/pages"}],"about":[{"href":"https:\/\/hostallalolita.com\/es\/wp-json\/wp\/v2\/types\/page"}],"author":[{"embeddable":true,"href":"https:\/\/hostallalolita.com\/es\/wp-json\/wp\/v2\/users\/3"}],"replies":[{"embeddable":true,"href":"https:\/\/hostallalolita.com\/es\/wp-json\/wp\/v2\/comments?post=2581"}],"version-history":[{"count":4,"href":"https:\/\/hostallalolita.com\/es\/wp-json\/wp\/v2\/pages\/2581\/revisions"}],"predecessor-version":[{"id":3044,"href":"https:\/\/hostallalolita.com\/es\/wp-json\/wp\/v2\/pages\/2581\/revisions\/3044"}],"wp:attachment":[{"href":"https:\/\/hostallalolita.com\/es\/wp-json\/wp\/v2\/media?parent=2581"}],"curies":[{"name":"wp","href":"https:\/\/api.w.org\/{rel}","templated":true}]}}