{"id":2595,"date":"2024-03-20T17:56:21","date_gmt":"2024-03-20T15:56:21","guid":{"rendered":"https:\/\/hostallalolita.com\/regala\/"},"modified":"2024-11-07T20:37:53","modified_gmt":"2024-11-07T18:37:53","slug":"regala","status":"publish","type":"page","link":"https:\/\/hostallalolita.com\/es\/regala\/","title":{"rendered":"REGALA"},"content":{"rendered":"\n<style type=\"text\/css\" data-created_by=\"avia_inline_auto\" id=\"style-css-av-ltzznd6t-0146dec4aca7024186c78bd2c4fe5f56\">\n.avia-section.av-ltzznd6t-0146dec4aca7024186c78bd2c4fe5f56{\nbackground-repeat:no-repeat;\nbackground-image:url(https:\/\/hostallalolita.com\/wp-content\/uploads\/2024\/03\/bany-tancat-06.jpg);\nbackground-position:50% 50%;\nbackground-attachment:scroll;\n}\n<\/style>\n<div id='av_section_1'  class='avia-section av-ltzznd6t-0146dec4aca7024186c78bd2c4fe5f56 main_color avia-section-default avia-no-shadow  avia-builder-el-0  el_before_av_section  avia-builder-el-first  avia-full-stretch avia-bg-style-scroll av-minimum-height av-minimum-height-custom av-height-custom  container_wrap fullsize'  data-section-bg-repeat='stretch' data-av_minimum_height_px='250'><div class='container av-section-cont-open' style='height:250px'><main  role=\"main\" itemprop=\"mainContentOfPage\"  class='template-page content  av-content-full alpha units'><div class='post-entry post-entry-type-page post-entry-2595'><div class='entry-content-wrapper clearfix'>\n<\/div><\/div><\/main><!-- close content main element --><\/div><\/div>\n<style type=\"text\/css\" data-created_by=\"avia_inline_auto\" id=\"style-css-av-7mexrl-f48f6f22515d913ebf3fb124d2af4d6d\">\n.avia-section.av-7mexrl-f48f6f22515d913ebf3fb124d2af4d6d{\nbackground-color:#f8f8f8;\nbackground-image:unset;\n}\n<\/style>\n<div id='av_section_2'  class='avia-section av-7mexrl-f48f6f22515d913ebf3fb124d2af4d6d main_color avia-section-huge avia-no-border-styling  avia-builder-el-1  el_after_av_section  el_before_av_section  avia-bg-style-scroll container_wrap fullsize'  ><div class='container av-section-cont-open' ><div class='template-page content  av-content-full alpha units'><div class='post-entry post-entry-type-page post-entry-2595'><div class='entry-content-wrapper clearfix'>\n\n<style type=\"text\/css\" data-created_by=\"avia_inline_auto\" id=\"style-css-av-65r5b5-10dd7e6fa16222f94a0075400a10ffc1\">\n#top .flex_column.av-65r5b5-10dd7e6fa16222f94a0075400a10ffc1{\nmargin-top:-200px;\nmargin-bottom:0px;\n}\n.flex_column.av-65r5b5-10dd7e6fa16222f94a0075400a10ffc1{\nborder-radius:0px 0px 0px 0px;\npadding:30px 0px 0px 0px;\nbackground-color:#f8f8f8;\n}\n.responsive #top #wrap_all .flex_column.av-65r5b5-10dd7e6fa16222f94a0075400a10ffc1{\nmargin-top:-200px;\nmargin-bottom:0px;\n}\n<\/style>\n<div  class='flex_column av-65r5b5-10dd7e6fa16222f94a0075400a10ffc1 av_one_full  avia-builder-el-2  el_before_av_hr  avia-builder-el-first  first flex_column_div  '     ><style type=\"text\/css\" data-created_by=\"avia_inline_auto\" id=\"style-css-av-ltzzmyzo-76342272177ec1e65c5f3db8af2c2950\">\n#top .av-special-heading.av-ltzzmyzo-76342272177ec1e65c5f3db8af2c2950{\nfont-size:40px;\n}\nbody .av-special-heading.av-ltzzmyzo-76342272177ec1e65c5f3db8af2c2950 .av-special-heading-tag .heading-char{\nfont-size:25px;\n}\n#top #wrap_all .av-special-heading.av-ltzzmyzo-76342272177ec1e65c5f3db8af2c2950 .av-special-heading-tag{\nfont-size:40px;\n}\n.av-special-heading.av-ltzzmyzo-76342272177ec1e65c5f3db8af2c2950 .av-subheading{\nfont-size:21px;\n}\n\n@media only screen and (min-width: 480px) and (max-width: 767px){ \n#top #wrap_all .av-special-heading.av-ltzzmyzo-76342272177ec1e65c5f3db8af2c2950 .av-special-heading-tag{\nfont-size:0.8em;\n}\n}\n\n@media only screen and (max-width: 479px){ \n#top #wrap_all .av-special-heading.av-ltzzmyzo-76342272177ec1e65c5f3db8af2c2950 .av-special-heading-tag{\nfont-size:0.8em;\n}\n}\n<\/style>\n<div  class='av-special-heading av-ltzzmyzo-76342272177ec1e65c5f3db8af2c2950 av-special-heading-h1 blockquote modern-quote modern-centered  avia-builder-el-3  avia-builder-el-no-sibling  av-inherit-size'><h1 class='av-special-heading-tag '  itemprop=\"headline\"  >Regala La Lolita<\/h1><div class='av-subheading av-subheading_below'><p>\u00bfEst\u00e1s buscando un regalo para sorprender a alguien muy especial?<\/p>\n<\/div><div class=\"special-heading-border\"><div class=\"special-heading-inner-border\"><\/div><\/div><\/div><\/div>\n<style type=\"text\/css\" data-created_by=\"avia_inline_auto\" id=\"style-css-av-ltzzw0vo-0769f13f45b2c0dabdcc0e48e03d71ea\">\n#top .hr.av-ltzzw0vo-0769f13f45b2c0dabdcc0e48e03d71ea{\nmargin-top:0px;\nmargin-bottom:0px;\n}\n.hr.av-ltzzw0vo-0769f13f45b2c0dabdcc0e48e03d71ea .hr-inner{\nwidth:50px;\nborder-color:#f8f8f8;\nmax-width:45%;\n}\n.hr.av-ltzzw0vo-0769f13f45b2c0dabdcc0e48e03d71ea .av-seperator-icon{\ncolor:#e5c80c;\n}\n.hr.av-ltzzw0vo-0769f13f45b2c0dabdcc0e48e03d71ea .av-seperator-icon.avia-svg-icon svg:first-child{\nfill:#e5c80c;\nstroke:#e5c80c;\n}\n<\/style>\n<div  class='hr av-ltzzw0vo-0769f13f45b2c0dabdcc0e48e03d71ea hr-custom  avia-builder-el-4  el_after_av_one_full  el_before_av_one_full  hr-center hr-icon-yes'><span class='hr-inner inner-border-av-border-fat'><span class=\"hr-inner-style\"><\/span><\/span><span class='av-seperator-icon avia-iconfont avia-font-entypo-fontello' data-av_icon='\ue8ce' data-av_iconfont='entypo-fontello' ><\/span><span class='hr-inner inner-border-av-border-fat'><span class=\"hr-inner-style\"><\/span><\/span><\/div>\n\n<style type=\"text\/css\" data-created_by=\"avia_inline_auto\" id=\"style-css-av-ezawx-d86da59ed5703a5a6cc17c894c62dfc4\">\n.flex_column.av-ezawx-d86da59ed5703a5a6cc17c894c62dfc4{\nborder-radius:0px 0px 0px 0px;\npadding:0px 0px 0px 0px;\n}\n<\/style>\n<div  class='flex_column av-ezawx-d86da59ed5703a5a6cc17c894c62dfc4 av_one_full  avia-builder-el-5  el_after_av_hr  el_before_av_one_half  first flex_column_div av-zero-column-padding  '     ><section  class='av_textblock_section av-ltzzozb2-99730903a3bba1fc4b7836fd34870ccc '   itemscope=\"itemscope\" itemtype=\"https:\/\/schema.org\/CreativeWork\" ><div class='avia_textblock'  itemprop=\"text\" ><p style=\"text-align: center;\">Haz una reserva en fechas concretas i a\u00f1ade un detalle para sorprender a tu pareja.<\/p>\n<\/div><\/section><\/div>\n<style type=\"text\/css\" data-created_by=\"avia_inline_auto\" id=\"style-css-av-307zyp-c33e257e99e450d82726589a85e5518c\">\n.flex_column.av-307zyp-c33e257e99e450d82726589a85e5518c{\nborder-width:2px;\nborder-color:#c8b89f;\nborder-style:solid;\nborder-radius:30px 30px 30px 30px;\npadding:15px 15px 15px 15px;\n}\n<\/style>\n<div  class='flex_column av-307zyp-c33e257e99e450d82726589a85e5518c av_one_half  avia-builder-el-7  el_after_av_one_full  el_before_av_one_half  first flex_column_div  column-top-margin'     ><section  class='av_textblock_section av-ltzzz5g0-8ad915ccba5aae7a9e604be72030569b '   itemscope=\"itemscope\" itemtype=\"https:\/\/schema.org\/CreativeWork\" ><div class='avia_textblock'  itemprop=\"text\" ><h3 style=\"text-align: center;\">PACK ROM\u00c1NTICO<\/h3>\n<\/div><\/section><br \/>\n\n<style type=\"text\/css\" data-created_by=\"avia_inline_auto\" id=\"style-css-av-ltzzy6an-2045e2eabec647ca53edc300ba6d4f52\">\n.avia-image-container.av-ltzzy6an-2045e2eabec647ca53edc300ba6d4f52 img.avia_image{\nbox-shadow:none;\n}\n.avia-image-container.av-ltzzy6an-2045e2eabec647ca53edc300ba6d4f52 .av-image-caption-overlay-center{\ncolor:#ffffff;\n}\n<\/style>\n<div  class='avia-image-container av-ltzzy6an-2045e2eabec647ca53edc300ba6d4f52 av-styling- avia-align-center  avia-builder-el-9  el_after_av_textblock  el_before_av_textblock '   itemprop=\"image\" itemscope=\"itemscope\" itemtype=\"https:\/\/schema.org\/ImageObject\" ><div class=\"avia-image-container-inner\"><div class=\"avia-image-overlay-wrap\"><img decoding=\"async\" fetchpriority=\"high\" class='wp-image-2596 avia-img-lazy-loading-not-2596 avia_image ' src=\"https:\/\/hostallalolita.com\/wp-content\/uploads\/2024\/03\/regals-3.jpg\" alt='' title='regals-3'  height=\"684\" width=\"1000\"  itemprop=\"thumbnailUrl\" srcset=\"https:\/\/hostallalolita.com\/wp-content\/uploads\/2024\/03\/regals-3.jpg 1000w, https:\/\/hostallalolita.com\/wp-content\/uploads\/2024\/03\/regals-3-300x205.jpg 300w, https:\/\/hostallalolita.com\/wp-content\/uploads\/2024\/03\/regals-3-768x525.jpg 768w, https:\/\/hostallalolita.com\/wp-content\/uploads\/2024\/03\/regals-3-705x482.jpg 705w\" sizes=\"(max-width: 1000px) 100vw, 1000px\" \/><\/div><\/div><\/div><br \/>\n<section  class='av_textblock_section av-lu00ztcp-d8e30f7116df018ac3f6c0f17a7b5f7b '   itemscope=\"itemscope\" itemtype=\"https:\/\/schema.org\/CreativeWork\" ><div class='avia_textblock'  itemprop=\"text\" ><p style=\"text-align: center;\">Incluye botella a escoger entre VINO (blanco\/tinto) o CAVA, con cubitera y copas, p\u00e9talos de rosa en la cama y velas de decoraci\u00f3n en la habitaci\u00f3n.<\/p>\n<\/div><\/section><br \/>\n<div  class='avia-button-wrap av-2f5wap-4378bd6355c9e52c7cceea952979b25b-wrap avia-button-center  avia-builder-el-11  el_after_av_textblock  avia-builder-el-last '><a href=''  class='avia-button av-2f5wap-4378bd6355c9e52c7cceea952979b25b av-link-btn avia-icon_select-no avia-size-small avia-position-center avia-color-theme-color'   aria-label=\"30\u20ac\"><span class='avia_iconbox_title' >30\u20ac<\/span><\/a><\/div><\/p><\/div>\n<style type=\"text\/css\" data-created_by=\"avia_inline_auto\" id=\"style-css-av-2d8vq9-a6759a9db24835e53e927b6c0bb95286\">\n.flex_column.av-2d8vq9-a6759a9db24835e53e927b6c0bb95286{\nborder-width:2px;\nborder-color:#c8b89f;\nborder-style:solid;\nborder-radius:30px 30px 30px 30px;\npadding:15px 15px 15px 15px;\n}\n<\/style>\n<div  class='flex_column av-2d8vq9-a6759a9db24835e53e927b6c0bb95286 av_one_half  avia-builder-el-12  el_after_av_one_half  avia-builder-el-last  flex_column_div  column-top-margin'     ><section  class='av_textblock_section av-lu012yi0-2757f1fec4e063dde81e8df15388d251 '   itemscope=\"itemscope\" itemtype=\"https:\/\/schema.org\/CreativeWork\" ><div class='avia_textblock'  itemprop=\"text\" ><h3 style=\"text-align: center;\">PACK BIENESTAR<\/h3>\n<\/div><\/section><br \/>\n\n<style type=\"text\/css\" data-created_by=\"avia_inline_auto\" id=\"style-css-av-lu013emb-6608df045984f882445ae25d5b005d4a\">\n.avia-image-container.av-lu013emb-6608df045984f882445ae25d5b005d4a img.avia_image{\nbox-shadow:none;\n}\n.avia-image-container.av-lu013emb-6608df045984f882445ae25d5b005d4a .av-image-caption-overlay-center{\ncolor:#ffffff;\n}\n<\/style>\n<div  class='avia-image-container av-lu013emb-6608df045984f882445ae25d5b005d4a av-styling- avia-align-center  avia-builder-el-14  el_after_av_textblock  el_before_av_textblock '   itemprop=\"image\" itemscope=\"itemscope\" itemtype=\"https:\/\/schema.org\/ImageObject\" ><div class=\"avia-image-container-inner\"><div class=\"avia-image-overlay-wrap\"><img decoding=\"async\" fetchpriority=\"high\" class='wp-image-2784 avia-img-lazy-loading-not-2784 avia_image ' src=\"https:\/\/hostallalolita.com\/wp-content\/uploads\/2024\/03\/regals-1.jpg\" alt='' title='regals-1'  height=\"684\" width=\"1000\"  itemprop=\"thumbnailUrl\" srcset=\"https:\/\/hostallalolita.com\/wp-content\/uploads\/2024\/03\/regals-1.jpg 1000w, https:\/\/hostallalolita.com\/wp-content\/uploads\/2024\/03\/regals-1-300x205.jpg 300w, https:\/\/hostallalolita.com\/wp-content\/uploads\/2024\/03\/regals-1-768x525.jpg 768w, https:\/\/hostallalolita.com\/wp-content\/uploads\/2024\/03\/regals-1-705x482.jpg 705w\" sizes=\"(max-width: 1000px) 100vw, 1000px\" \/><\/div><\/div><\/div><br \/>\n<section  class='av_textblock_section av-lu01a9vz-0f45ab2b87b53343cf2c4d2c54b27ff6 '   itemscope=\"itemscope\" itemtype=\"https:\/\/schema.org\/CreativeWork\" ><div class='avia_textblock'  itemprop=\"text\" ><p style=\"text-align: center;\">Servicio de masaje individual o en pareja a realizar en la propia habitaci\u00f3n del hotel, para relajarse de la tensi\u00f3n del d\u00eda a d\u00eda. <span style=\"color: #ffffff;\">.<\/span><\/p>\n<\/div><\/section><br \/>\n<div  class='avia-button-wrap av-lu1eo4iu-41358a2d9d8fb567ea59417e5e539d44-wrap avia-button-center  avia-builder-el-16  el_after_av_textblock  avia-builder-el-last '><a href=''  class='avia-button av-lu1eo4iu-41358a2d9d8fb567ea59417e5e539d44 av-link-btn avia-icon_select-no avia-size-small avia-position-center avia-color-theme-color'   aria-label=\"70\u20ac por persona\"><span class='avia_iconbox_title' >70\u20ac por persona<\/span><\/a><\/div><\/p><\/div>\n\n<\/div><\/div><\/div><!-- close content main div --><\/div><\/div><div id='av_section_3'  class='avia-section av-a0z5t-7519c099484ba5a73136d6d54c718a8d main_color avia-section-default avia-no-border-styling  avia-builder-el-17  el_after_av_section  el_before_av_section  avia-bg-style-scroll container_wrap fullsize'  ><div class='container av-section-cont-open' ><div class='template-page content  av-content-full alpha units'><div class='post-entry post-entry-type-page post-entry-2595'><div class='entry-content-wrapper clearfix'>\n\n<style type=\"text\/css\" data-created_by=\"avia_inline_auto\" id=\"style-css-av-1kysht-1e2c6dd68bacee6cdfbd62dc767f5c33\">\n#top .hr.av-1kysht-1e2c6dd68bacee6cdfbd62dc767f5c33{\nmargin-top:0px;\nmargin-bottom:0px;\n}\n.hr.av-1kysht-1e2c6dd68bacee6cdfbd62dc767f5c33 .hr-inner{\nwidth:50px;\nborder-color:#f8f8f8;\nmax-width:45%;\n}\n.hr.av-1kysht-1e2c6dd68bacee6cdfbd62dc767f5c33 .av-seperator-icon{\ncolor:#e5c80c;\n}\n.hr.av-1kysht-1e2c6dd68bacee6cdfbd62dc767f5c33 .av-seperator-icon.avia-svg-icon svg:first-child{\nfill:#e5c80c;\nstroke:#e5c80c;\n}\n<\/style>\n<div  class='hr av-1kysht-1e2c6dd68bacee6cdfbd62dc767f5c33 hr-custom  avia-builder-el-18  el_before_av_one_full  avia-builder-el-first  hr-center hr-icon-yes'><span class='hr-inner inner-border-av-border-fat'><span class=\"hr-inner-style\"><\/span><\/span><span class='av-seperator-icon avia-iconfont avia-font-entypo-fontello' data-av_icon='\ue8ce' data-av_iconfont='entypo-fontello' ><\/span><span class='hr-inner inner-border-av-border-fat'><span class=\"hr-inner-style\"><\/span><\/span><\/div>\n\n<style type=\"text\/css\" data-created_by=\"avia_inline_auto\" id=\"style-css-av-dx2vhd-fe5e50989369613a1dd872f1c34fa5bc\">\n.flex_column.av-dx2vhd-fe5e50989369613a1dd872f1c34fa5bc{\nborder-radius:0px 0px 0px 0px;\npadding:0px 0px 0px 0px;\n}\n<\/style>\n<div  class='flex_column av-dx2vhd-fe5e50989369613a1dd872f1c34fa5bc av_one_full  avia-builder-el-19  el_after_av_hr  el_before_av_one_half  first flex_column_div av-zero-column-padding  '     ><section  class='av_textblock_section av-lu1et1ni-c73c05a5594a3ae6eeb47ef674e7ebdd '   itemscope=\"itemscope\" itemtype=\"https:\/\/schema.org\/CreativeWork\" ><div class='avia_textblock'  itemprop=\"text\" ><p style=\"text-align: center;\">Regala una escapada de desconexi\u00f3n con <strong>fecha abierta<\/strong> y haz un regalo especial.<\/p>\n<p style=\"text-align: center;\">\u00c9ste vale regalo es ideal para regalar a 2 personas para que disfruten de unos d\u00edas de desconexi\u00f3n y tranquilidad en las fechas que ellos deseen.<\/p>\n<\/div><\/section><\/div>\n<style type=\"text\/css\" data-created_by=\"avia_inline_auto\" id=\"style-css-av-3isibl-a027f6d5b67131c8c06acc1b02d51e02\">\n.flex_column.av-3isibl-a027f6d5b67131c8c06acc1b02d51e02{\nborder-width:2px;\nborder-color:#c8b89f;\nborder-style:solid;\nborder-radius:30px 30px 30px 30px;\npadding:15px 15px 15px 15px;\n}\n<\/style>\n<div  class='flex_column av-3isibl-a027f6d5b67131c8c06acc1b02d51e02 av_one_half  avia-builder-el-21  el_after_av_one_full  el_before_av_one_half  first flex_column_div  column-top-margin'     ><section  class='av_textblock_section av-lu1eu2h0-0acd6c76d90232cd9eff24fbfbec64cb '   itemscope=\"itemscope\" itemtype=\"https:\/\/schema.org\/CreativeWork\" ><div class='avia_textblock'  itemprop=\"text\" ><h3 style=\"text-align: center;\">VALE REGALO RELAX<\/h3>\n<\/div><\/section><br \/>\n\n<style type=\"text\/css\" data-created_by=\"avia_inline_auto\" id=\"style-css-av-lu1fe6nm-4c1dee2f958372623bffa33cb7d5a8dc\">\n.avia-image-container.av-lu1fe6nm-4c1dee2f958372623bffa33cb7d5a8dc img.avia_image{\nbox-shadow:none;\n}\n.avia-image-container.av-lu1fe6nm-4c1dee2f958372623bffa33cb7d5a8dc .av-image-caption-overlay-center{\ncolor:#ffffff;\n}\n<\/style>\n<div  class='avia-image-container av-lu1fe6nm-4c1dee2f958372623bffa33cb7d5a8dc av-styling- avia-align-center  avia-builder-el-23  el_after_av_textblock  el_before_av_textblock '   itemprop=\"image\" itemscope=\"itemscope\" itemtype=\"https:\/\/schema.org\/ImageObject\" ><div class=\"avia-image-container-inner\"><div class=\"avia-image-overlay-wrap\"><img decoding=\"async\" fetchpriority=\"high\" class='wp-image-2786 avia-img-lazy-loading-not-2786 avia_image ' src=\"https:\/\/hostallalolita.com\/wp-content\/uploads\/2024\/03\/regals-2.jpg\" alt='' title='regals-2'  height=\"684\" width=\"1000\"  itemprop=\"thumbnailUrl\" srcset=\"https:\/\/hostallalolita.com\/wp-content\/uploads\/2024\/03\/regals-2.jpg 1000w, https:\/\/hostallalolita.com\/wp-content\/uploads\/2024\/03\/regals-2-300x205.jpg 300w, https:\/\/hostallalolita.com\/wp-content\/uploads\/2024\/03\/regals-2-768x525.jpg 768w, https:\/\/hostallalolita.com\/wp-content\/uploads\/2024\/03\/regals-2-705x482.jpg 705w\" sizes=\"(max-width: 1000px) 100vw, 1000px\" \/><\/div><\/div><\/div><br \/>\n<section  class='av_textblock_section av-24ditd-166100cc96ae59c84a60dc0a00c9f9ce '   itemscope=\"itemscope\" itemtype=\"https:\/\/schema.org\/CreativeWork\" ><div class='avia_textblock'  itemprop=\"text\" ><p style=\"text-align: center;\">2 noches con desayuno incluido (Excepto puentes y festivos).<\/p>\n<p style=\"text-align: center;\">Incluye masaje en pareja de 60 minutos en la propia habitaci\u00f3n.<\/p>\n<\/div><\/section><br \/>\n<div  class='avia-buttonrow-wrap av-lu1ezes2-df737b2f407e05475e2cdf0ae3128c9f avia-buttonrow-center  avia-builder-el-25  el_after_av_textblock  avia-builder-el-last '>\n\n<style type=\"text\/css\" data-created_by=\"avia_inline_auto\" id=\"style-css-av-lu1eyuss-32bebe3ee68a76dd8f6756ecef623adf\">\n#top #wrap_all .avia-button.av-lu1eyuss-32bebe3ee68a76dd8f6756ecef623adf{\nmargin-bottom:5px;\nmargin-right:3px;\nmargin-left:3px;\n}\n<\/style>\n<a href=''  class='avia-button av-lu1eyuss-32bebe3ee68a76dd8f6756ecef623adf avia-icon_select-no avia-size-small avia-color-theme-color'   aria-label=\"Octubre-Mayo 420\u20ac\"><span class='avia_iconbox_title' >Octubre-Mayo 420\u20ac<\/span><\/a>\n\n<style type=\"text\/css\" data-created_by=\"avia_inline_auto\" id=\"style-css-av-lu1ezbhr-4bf944a82d724af45386e97f8225f372\">\n#top #wrap_all .avia-button.av-lu1ezbhr-4bf944a82d724af45386e97f8225f372{\nmargin-bottom:5px;\nmargin-right:3px;\nmargin-left:3px;\n}\n<\/style>\n<a href=''  class='avia-button av-lu1ezbhr-4bf944a82d724af45386e97f8225f372 avia-icon_select-no avia-size-small avia-color-theme-color'   aria-label=\"Junio-Septiembre 455\u20ac\"><span class='avia_iconbox_title' >Junio-Septiembre 455\u20ac<\/span><\/a>\n<\/div><\/p><\/div>\n<style type=\"text\/css\" data-created_by=\"avia_inline_auto\" id=\"style-css-av-cofsjl-3e86ca481719a5e4e5167bc482538916\">\n.flex_column.av-cofsjl-3e86ca481719a5e4e5167bc482538916{\nborder-width:2px;\nborder-color:#c8b89f;\nborder-style:solid;\nborder-radius:30px 30px 30px 30px;\npadding:15px 15px 15px 15px;\n}\n<\/style>\n<div  class='flex_column av-cofsjl-3e86ca481719a5e4e5167bc482538916 av_one_half  avia-builder-el-26  el_after_av_one_half  avia-builder-el-last  flex_column_div  column-top-margin'     ><section  class='av_textblock_section av-lu1etru7-d55b5c00d53491ab9cd9c37870259af0 '   itemscope=\"itemscope\" itemtype=\"https:\/\/schema.org\/CreativeWork\" ><div class='avia_textblock'  itemprop=\"text\" ><h3 style=\"text-align: center;\">VALE REGALO ROM\u00c1NTICO<\/h3>\n<\/div><\/section><br \/>\n\n<style type=\"text\/css\" data-created_by=\"avia_inline_auto\" id=\"style-css-av-b2c3m9-624a389b5205a385c7052296171e7baf\">\n.avia-image-container.av-b2c3m9-624a389b5205a385c7052296171e7baf img.avia_image{\nbox-shadow:none;\n}\n.avia-image-container.av-b2c3m9-624a389b5205a385c7052296171e7baf .av-image-caption-overlay-center{\ncolor:#ffffff;\n}\n<\/style>\n<div  class='avia-image-container av-b2c3m9-624a389b5205a385c7052296171e7baf av-styling- avia-align-center  avia-builder-el-28  el_after_av_textblock  el_before_av_textblock '   itemprop=\"image\" itemscope=\"itemscope\" itemtype=\"https:\/\/schema.org\/ImageObject\" ><div class=\"avia-image-container-inner\"><div class=\"avia-image-overlay-wrap\"><img decoding=\"async\" fetchpriority=\"high\" class='wp-image-2596 avia-img-lazy-loading-not-2596 avia_image ' src=\"https:\/\/hostallalolita.com\/wp-content\/uploads\/2024\/03\/regals-3.jpg\" alt='' title='regals-3'  height=\"684\" width=\"1000\"  itemprop=\"thumbnailUrl\" srcset=\"https:\/\/hostallalolita.com\/wp-content\/uploads\/2024\/03\/regals-3.jpg 1000w, https:\/\/hostallalolita.com\/wp-content\/uploads\/2024\/03\/regals-3-300x205.jpg 300w, https:\/\/hostallalolita.com\/wp-content\/uploads\/2024\/03\/regals-3-768x525.jpg 768w, https:\/\/hostallalolita.com\/wp-content\/uploads\/2024\/03\/regals-3-705x482.jpg 705w\" sizes=\"(max-width: 1000px) 100vw, 1000px\" \/><\/div><\/div><\/div><br \/>\n<section  class='av_textblock_section av-lu1ewcsk-cf3201fbb723b16fabab7221eb119811 '   itemscope=\"itemscope\" itemtype=\"https:\/\/schema.org\/CreativeWork\" ><div class='avia_textblock'  itemprop=\"text\" ><p style=\"text-align: center;\">2 noches con desayuno incluido (Excepto puentes y festivos)<\/p>\n<p style=\"text-align: center;\">Incluye pack rom\u00e1ntico a escoger entre VINO (blanco\/tinto) o CAVA.<\/p>\n<\/div><\/section><br \/>\n<div  class='avia-buttonrow-wrap av-9fv4ap-cf2d1b6a811c49fdcb544f3039b9f3e9 avia-buttonrow-center  avia-builder-el-30  el_after_av_textblock  avia-builder-el-last '>\n\n<style type=\"text\/css\" data-created_by=\"avia_inline_auto\" id=\"style-css-av-88ijqp-30f86db2e1187b73be90c1b7e6a39b23\">\n#top #wrap_all .avia-button.av-88ijqp-30f86db2e1187b73be90c1b7e6a39b23{\nmargin-bottom:5px;\nmargin-right:3px;\nmargin-left:3px;\n}\n<\/style>\n<a href=''  class='avia-button av-88ijqp-30f86db2e1187b73be90c1b7e6a39b23 avia-icon_select-no avia-size-small avia-color-theme-color'   aria-label=\"Octubre-Mayo 340\u20ac\"><span class='avia_iconbox_title' >Octubre-Mayo 340\u20ac<\/span><\/a>\n\n<style type=\"text\/css\" data-created_by=\"avia_inline_auto\" id=\"style-css-av-5s018h-1b0b2080a873ee115a5c8214af295caa\">\n#top #wrap_all .avia-button.av-5s018h-1b0b2080a873ee115a5c8214af295caa{\nmargin-bottom:5px;\nmargin-right:3px;\nmargin-left:3px;\n}\n<\/style>\n<a href=''  class='avia-button av-5s018h-1b0b2080a873ee115a5c8214af295caa avia-icon_select-no avia-size-small avia-color-theme-color'   aria-label=\"Junio-Septiembre 380\u20ac\"><span class='avia_iconbox_title' >Junio-Septiembre 380\u20ac<\/span><\/a>\n<\/div><\/p><\/div>\n\n<\/div><\/div><\/div><!-- close content main div --><\/div><\/div><div id='av_section_4'  class='avia-section av-lu1fgrht-04a88784f765c103bdebad9b261e00c8 main_color avia-section-default avia-no-border-styling  avia-builder-el-31  el_after_av_section  avia-builder-el-last  avia-bg-style-scroll container_wrap fullsize'  ><div class='container av-section-cont-open' ><div class='template-page content  av-content-full alpha units'><div class='post-entry post-entry-type-page post-entry-2595'><div class='entry-content-wrapper clearfix'>\n<div  class='flex_column av-5xxq4x-919c2e0d846e2fb36bf53413b48cc475 av_one_fifth  avia-builder-el-32  el_before_av_three_fifth  avia-builder-el-first  first flex_column_div  '     ><\/div><div  class='flex_column av-4s6lhd-bbb7494775e8728efc88f138571fd69e av_three_fifth  avia-builder-el-33  el_after_av_one_fifth  el_before_av_one_fifth  flex_column_div  '     ><p>\n<style type=\"text\/css\" data-created_by=\"avia_inline_auto\" id=\"style-css-av-lu03ng25-ead97eebcba87c2c75ecc739111be9ca\">\n#top .av-special-heading.av-lu03ng25-ead97eebcba87c2c75ecc739111be9ca{\npadding-bottom:50px;\n}\nbody .av-special-heading.av-lu03ng25-ead97eebcba87c2c75ecc739111be9ca .av-special-heading-tag .heading-char{\nfont-size:25px;\n}\n.av-special-heading.av-lu03ng25-ead97eebcba87c2c75ecc739111be9ca .av-subheading{\nfont-size:15px;\n}\n<\/style>\n<div  class='av-special-heading av-lu03ng25-ead97eebcba87c2c75ecc739111be9ca av-special-heading-h2 blockquote modern-quote modern-centered  avia-builder-el-34  el_before_av_textblock  avia-builder-el-first '><div class='av-subheading av-subheading_above'><p>HOSTAL LA LOLITA<\/p>\n<\/div><h2 class='av-special-heading-tag '  itemprop=\"headline\"  >Petici\u00f3n de vale regalo<\/h2><div class=\"special-heading-border\"><div class=\"special-heading-inner-border\"><\/div><\/div><\/div><br \/>\n<section  class='av_textblock_section av-lu03aar0-a5d8f0270d8daf4a605d15af6f15cc4d '   itemscope=\"itemscope\" itemtype=\"https:\/\/schema.org\/CreativeWork\" ><div class='avia_textblock'  itemprop=\"text\" ><p class=\"wpcf7-contact-form-not-found\"><strong>Error:<\/strong> Formulario de contacto no encontrado.<\/p>\n<\/div><\/section><\/p><\/div><div  class='flex_column av-201wyp-c40d2df5f39b8cdb96a5fef9605ad0ee av_one_fifth  avia-builder-el-36  el_after_av_three_fifth  avia-builder-el-last  flex_column_div  '     ><\/div>\n","protected":false},"excerpt":{"rendered":"","protected":false},"author":1,"featured_media":0,"parent":0,"menu_order":0,"comment_status":"closed","ping_status":"closed","template":"","meta":{"footnotes":""},"class_list":["post-2595","page","type-page","status-publish","hentry"],"_links":{"self":[{"href":"https:\/\/hostallalolita.com\/es\/wp-json\/wp\/v2\/pages\/2595","targetHints":{"allow":["GET"]}}],"collection":[{"href":"https:\/\/hostallalolita.com\/es\/wp-json\/wp\/v2\/pages"}],"about":[{"href":"https:\/\/hostallalolita.com\/es\/wp-json\/wp\/v2\/types\/page"}],"author":[{"embeddable":true,"href":"https:\/\/hostallalolita.com\/es\/wp-json\/wp\/v2\/users\/1"}],"replies":[{"embeddable":true,"href":"https:\/\/hostallalolita.com\/es\/wp-json\/wp\/v2\/comments?post=2595"}],"version-history":[{"count":3,"href":"https:\/\/hostallalolita.com\/es\/wp-json\/wp\/v2\/pages\/2595\/revisions"}],"predecessor-version":[{"id":2974,"href":"https:\/\/hostallalolita.com\/es\/wp-json\/wp\/v2\/pages\/2595\/revisions\/2974"}],"wp:attachment":[{"href":"https:\/\/hostallalolita.com\/es\/wp-json\/wp\/v2\/media?parent=2595"}],"curies":[{"name":"wp","href":"https:\/\/api.w.org\/{rel}","templated":true}]}}