{"id":2529,"date":"2024-03-26T12:39:00","date_gmt":"2024-03-26T10:39:00","guid":{"rendered":"https:\/\/hostallalolita.com\/que-fer\/"},"modified":"2024-11-06T19:19:56","modified_gmt":"2024-11-06T17:19:56","slug":"que-fer","status":"publish","type":"page","link":"https:\/\/hostallalolita.com\/fr\/que-fer\/","title":{"rendered":"QUE FAIRE?"},"content":{"rendered":"\n<style type=\"text\/css\" data-created_by=\"avia_inline_auto\" id=\"style-css-av-9jr2xi-52f3d96b51a6e93a7a26cdba5ff14ab7\">\n.avia-section.av-9jr2xi-52f3d96b51a6e93a7a26cdba5ff14ab7{\nbackground-repeat:no-repeat;\nbackground-image:url(https:\/\/hostallalolita.com\/wp-content\/uploads\/2016\/07\/slider03.jpg);\nbackground-position:50% 50%;\nbackground-attachment:scroll;\n}\n<\/style>\n<div id='av_section_1'  class='avia-section av-9jr2xi-52f3d96b51a6e93a7a26cdba5ff14ab7 main_color avia-section-default avia-no-shadow  avia-builder-el-0  el_before_av_section  avia-builder-el-first  avia-full-stretch avia-bg-style-scroll av-minimum-height av-minimum-height-custom av-height-custom  container_wrap fullsize'  data-section-bg-repeat='stretch' data-av_minimum_height_px='250'><div class='container av-section-cont-open' style='height:250px'><main  role=\"main\" itemprop=\"mainContentOfPage\"  class='template-page content  av-content-full alpha units'><div class='post-entry post-entry-type-page post-entry-2529'><div class='entry-content-wrapper clearfix'>\n<\/div><\/div><\/main><!-- close content main element --><\/div><\/div>\n<style type=\"text\/css\" data-created_by=\"avia_inline_auto\" id=\"style-css-av-lu88nldd-5dc56e60f448d2c8a205b798cd221a65\">\n.avia-section.av-lu88nldd-5dc56e60f448d2c8a205b798cd221a65{\nbackground-color:#f8f8f8;\nbackground-image:unset;\n}\n<\/style>\n<div id='av_section_2'  class='avia-section av-lu88nldd-5dc56e60f448d2c8a205b798cd221a65 main_color avia-section-huge avia-no-border-styling  avia-builder-el-1  el_after_av_section  avia-builder-el-last  avia-bg-style-scroll container_wrap fullsize'  ><div class='container av-section-cont-open' ><div class='template-page content  av-content-full alpha units'><div class='post-entry post-entry-type-page post-entry-2529'><div class='entry-content-wrapper clearfix'>\n\n<style type=\"text\/css\" data-created_by=\"avia_inline_auto\" id=\"style-css-av-86w912-04c2556a12cb15897f22e04caa3e8e28\">\n#top .flex_column.av-86w912-04c2556a12cb15897f22e04caa3e8e28{\nmargin-top:-200px;\nmargin-bottom:0px;\n}\n.flex_column.av-86w912-04c2556a12cb15897f22e04caa3e8e28{\nborder-radius:0px 0px 0px 0px;\npadding:30px 0px 0px 0px;\nbackground-color:#f8f8f8;\n}\n.responsive #top #wrap_all .flex_column.av-86w912-04c2556a12cb15897f22e04caa3e8e28{\nmargin-top:-200px;\nmargin-bottom:0px;\n}\n<\/style>\n<div  class='flex_column av-86w912-04c2556a12cb15897f22e04caa3e8e28 av_one_full  avia-builder-el-2  el_before_av_hr  avia-builder-el-first  first flex_column_div  '     ><style type=\"text\/css\" data-created_by=\"avia_inline_auto\" id=\"style-css-av-lu88m6az-852451f3f71aa91ff4fb7e5a35c40498\">\n#top .av-special-heading.av-lu88m6az-852451f3f71aa91ff4fb7e5a35c40498{\npadding-bottom:20px;\nfont-size:40px;\n}\nbody .av-special-heading.av-lu88m6az-852451f3f71aa91ff4fb7e5a35c40498 .av-special-heading-tag .heading-char{\nfont-size:25px;\n}\n#top #wrap_all .av-special-heading.av-lu88m6az-852451f3f71aa91ff4fb7e5a35c40498 .av-special-heading-tag{\nfont-size:40px;\n}\n.av-special-heading.av-lu88m6az-852451f3f71aa91ff4fb7e5a35c40498 .av-subheading{\nfont-size:15px;\n}\n\n@media only screen and (min-width: 480px) and (max-width: 767px){ \n#top #wrap_all .av-special-heading.av-lu88m6az-852451f3f71aa91ff4fb7e5a35c40498 .av-special-heading-tag{\nfont-size:0.8em;\n}\n}\n\n@media only screen and (max-width: 479px){ \n#top #wrap_all .av-special-heading.av-lu88m6az-852451f3f71aa91ff4fb7e5a35c40498 .av-special-heading-tag{\nfont-size:0.8em;\n}\n}\n<\/style>\n<div  class='av-special-heading av-lu88m6az-852451f3f71aa91ff4fb7e5a35c40498 av-special-heading-h1 blockquote modern-quote modern-centered  avia-builder-el-3  avia-builder-el-no-sibling  av-inherit-size'><h1 class='av-special-heading-tag '  itemprop=\"headline\"  >Que faire?<\/h1><div class=\"special-heading-border\"><div class=\"special-heading-inner-border\"><\/div><\/div><\/div><\/div>\n<style type=\"text\/css\" data-created_by=\"avia_inline_auto\" id=\"style-css-av-5ifdvq-4f09198423d1edbdc40fc519dce3baf6\">\n#top .hr.av-5ifdvq-4f09198423d1edbdc40fc519dce3baf6{\nmargin-top:0px;\nmargin-bottom:70px;\n}\n.hr.av-5ifdvq-4f09198423d1edbdc40fc519dce3baf6 .hr-inner{\nwidth:50px;\nborder-color:#f8f8f8;\nmax-width:45%;\n}\n.hr.av-5ifdvq-4f09198423d1edbdc40fc519dce3baf6 .av-seperator-icon{\ncolor:#e5c80c;\n}\n.hr.av-5ifdvq-4f09198423d1edbdc40fc519dce3baf6 .av-seperator-icon.avia-svg-icon svg:first-child{\nfill:#e5c80c;\nstroke:#e5c80c;\n}\n<\/style>\n<div  class='hr av-5ifdvq-4f09198423d1edbdc40fc519dce3baf6 hr-custom  avia-builder-el-4  el_after_av_one_full  el_before_av_one_half  hr-center hr-icon-yes'><span class='hr-inner inner-border-av-border-fat'><span class=\"hr-inner-style\"><\/span><\/span><span class='av-seperator-icon avia-iconfont avia-font-entypo-fontello' data-av_icon='\ue8ce' data-av_iconfont='entypo-fontello' ><\/span><span class='hr-inner inner-border-av-border-fat'><span class=\"hr-inner-style\"><\/span><\/span><\/div>\n\n<style type=\"text\/css\" data-created_by=\"avia_inline_auto\" id=\"style-css-av-3tuyie-e19c2a0e58eca49381ba4028a74bdb82\">\n.flex_column.av-3tuyie-e19c2a0e58eca49381ba4028a74bdb82{\nborder-width:2px;\nborder-color:#c8b89f;\nborder-style:solid;\nborder-radius:30px 30px 30px 30px;\npadding:15px 15px 15px 15px;\n}\n<\/style>\n<div  class='flex_column av-3tuyie-e19c2a0e58eca49381ba4028a74bdb82 av_one_half  avia-builder-el-5  el_after_av_hr  el_before_av_one_half  first flex_column_div  '     ><section  class='av_textblock_section av-lu88s7dq-33353abf4645867e795140b06528cb06 '   itemscope=\"itemscope\" itemtype=\"https:\/\/schema.org\/CreativeWork\" ><div class='avia_textblock'  itemprop=\"text\" ><h3 style=\"text-align: center;\">ACTIVIT\u00c9S<\/h3>\n<\/div><\/section><br \/>\n\n<style type=\"text\/css\" data-created_by=\"avia_inline_auto\" id=\"style-css-av-lu88su1d-2a39cb03cbb6678336794cb8f11ec44f\">\n.avia-image-container.av-lu88su1d-2a39cb03cbb6678336794cb8f11ec44f img.avia_image{\nbox-shadow:none;\n}\n.avia-image-container.av-lu88su1d-2a39cb03cbb6678336794cb8f11ec44f .av-image-caption-overlay-center{\ncolor:#ffffff;\n}\n<\/style>\n<div  class='avia-image-container av-lu88su1d-2a39cb03cbb6678336794cb8f11ec44f av-styling- avia-align-center  avia-builder-el-7  el_after_av_textblock  el_before_av_textblock '   itemprop=\"image\" itemscope=\"itemscope\" itemtype=\"https:\/\/schema.org\/ImageObject\" ><div class=\"avia-image-container-inner\"><div class=\"avia-image-overlay-wrap\"><img decoding=\"async\" fetchpriority=\"high\" class='wp-image-2794 avia-img-lazy-loading-not-2794 avia_image ' src=\"https:\/\/hostallalolita.com\/wp-content\/uploads\/2024\/03\/paisatge-els-angels_ok.jpg\" alt='' title='paisatge-els-angels_ok'  height=\"1000\" width=\"1778\"  itemprop=\"thumbnailUrl\" srcset=\"https:\/\/hostallalolita.com\/wp-content\/uploads\/2024\/03\/paisatge-els-angels_ok.jpg 1778w, https:\/\/hostallalolita.com\/wp-content\/uploads\/2024\/03\/paisatge-els-angels_ok-300x169.jpg 300w, https:\/\/hostallalolita.com\/wp-content\/uploads\/2024\/03\/paisatge-els-angels_ok-1030x579.jpg 1030w, https:\/\/hostallalolita.com\/wp-content\/uploads\/2024\/03\/paisatge-els-angels_ok-768x432.jpg 768w, https:\/\/hostallalolita.com\/wp-content\/uploads\/2024\/03\/paisatge-els-angels_ok-1536x864.jpg 1536w, https:\/\/hostallalolita.com\/wp-content\/uploads\/2024\/03\/paisatge-els-angels_ok-1500x844.jpg 1500w, https:\/\/hostallalolita.com\/wp-content\/uploads\/2024\/03\/paisatge-els-angels_ok-705x397.jpg 705w\" sizes=\"(max-width: 1778px) 100vw, 1778px\" \/><\/div><\/div><\/div><br \/>\n<section  class='av_textblock_section av-lu88th9n-c5d42d048d2b467323ecabe1feac128a '   itemscope=\"itemscope\" itemtype=\"https:\/\/schema.org\/CreativeWork\" ><div class='avia_textblock'  itemprop=\"text\" ><p style=\"text-align: center;\"><span class=\"Y2IQFc\" lang=\"fr\">Activit\u00e9s de randonn\u00e9es au d\u00e9part de l&rsquo;h\u00f4tel ou dans les environs, activit\u00e9s d&rsquo;aventure comme la planche \u00e0 voile ou la via ferrata, promenade en bateau ou en montgolfi\u00e8re.<\/span><\/p>\n<\/div><\/section><br \/>\n<div  class='avia-button-wrap av-lu88z1ns-395b812e9966714d135f2ff77be7fe17-wrap avia-button-center  avia-builder-el-9  el_after_av_textblock  avia-builder-el-last '><a href='https:\/\/hostallalolita.com\/fr\/que-fer\/activitats\/'  class='avia-button av-lu88z1ns-395b812e9966714d135f2ff77be7fe17 av-link-btn avia-icon_select-no avia-size-small avia-position-center avia-color-theme-color'   aria-label=\"Plus d\u2019informations\"><span class='avia_iconbox_title' >Plus d\u2019informations<\/span><\/a><\/div><\/p><\/div>\n<style type=\"text\/css\" data-created_by=\"avia_inline_auto\" id=\"style-css-av-34je5i-7bba5209179669a3a7a67c85bd8cb9f2\">\n.flex_column.av-34je5i-7bba5209179669a3a7a67c85bd8cb9f2{\nborder-width:2px;\nborder-color:#c8b89f;\nborder-style:solid;\nborder-radius:30px 30px 30px 30px;\npadding:15px 15px 15px 15px;\n}\n<\/style>\n<div  class='flex_column av-34je5i-7bba5209179669a3a7a67c85bd8cb9f2 av_one_half  avia-builder-el-10  el_after_av_one_half  el_before_av_one_half  flex_column_div  '     ><section  class='av_textblock_section av-lu88tye4-57e22a1cbca8709dc794712ecbd5b794 '   itemscope=\"itemscope\" itemtype=\"https:\/\/schema.org\/CreativeWork\" ><div class='avia_textblock'  itemprop=\"text\" ><h3 style=\"text-align: center;\">TOURISME<\/h3>\n<\/div><\/section><br \/>\n\n<style type=\"text\/css\" data-created_by=\"avia_inline_auto\" id=\"style-css-av-lu88ui3h-c255bfdb3001965aa6ff0e2c667c9947\">\n.avia-image-container.av-lu88ui3h-c255bfdb3001965aa6ff0e2c667c9947 img.avia_image{\nbox-shadow:none;\n}\n.avia-image-container.av-lu88ui3h-c255bfdb3001965aa6ff0e2c667c9947 .av-image-caption-overlay-center{\ncolor:#ffffff;\n}\n<\/style>\n<div  class='avia-image-container av-lu88ui3h-c255bfdb3001965aa6ff0e2c667c9947 av-styling- avia-align-center  avia-builder-el-12  el_after_av_textblock  el_before_av_textblock '   itemprop=\"image\" itemscope=\"itemscope\" itemtype=\"https:\/\/schema.org\/ImageObject\" ><div class=\"avia-image-container-inner\"><div class=\"avia-image-overlay-wrap\"><img decoding=\"async\" fetchpriority=\"high\" class='wp-image-2793 avia-img-lazy-loading-not-2793 avia_image ' src=\"https:\/\/hostallalolita.com\/wp-content\/uploads\/2024\/03\/sant-marti-vell_ok.jpg\" alt='' title='sant-marti-vell_ok'  height=\"1000\" width=\"1778\"  itemprop=\"thumbnailUrl\" srcset=\"https:\/\/hostallalolita.com\/wp-content\/uploads\/2024\/03\/sant-marti-vell_ok.jpg 1778w, https:\/\/hostallalolita.com\/wp-content\/uploads\/2024\/03\/sant-marti-vell_ok-300x169.jpg 300w, https:\/\/hostallalolita.com\/wp-content\/uploads\/2024\/03\/sant-marti-vell_ok-1030x579.jpg 1030w, https:\/\/hostallalolita.com\/wp-content\/uploads\/2024\/03\/sant-marti-vell_ok-768x432.jpg 768w, https:\/\/hostallalolita.com\/wp-content\/uploads\/2024\/03\/sant-marti-vell_ok-1536x864.jpg 1536w, https:\/\/hostallalolita.com\/wp-content\/uploads\/2024\/03\/sant-marti-vell_ok-1500x844.jpg 1500w, https:\/\/hostallalolita.com\/wp-content\/uploads\/2024\/03\/sant-marti-vell_ok-705x397.jpg 705w\" sizes=\"(max-width: 1778px) 100vw, 1778px\" \/><\/div><\/div><\/div><br \/>\n<section  class='av_textblock_section av-lu88v639-db94193dc4c5f7f5d6f6b473efc29b98 '   itemscope=\"itemscope\" itemtype=\"https:\/\/schema.org\/CreativeWork\" ><div class='avia_textblock'  itemprop=\"text\" ><p style=\"text-align: center;\"><span class=\"Y2IQFc\" lang=\"fr\">Visitez des villages enchant\u00e9s, faites un voyage dans les si\u00e8cles pass\u00e9s, visitez l&rsquo;artisanat local comme la c\u00e9ramique et les plus belles plages de la Costa Brava, tout cela entre 5 et 30 minutes de l&rsquo;h\u00f4tel.<\/span><\/p>\n<\/div><\/section><br \/>\n<div  class='avia-button-wrap av-2dqo7q-23489eafee26336ab16a12cf1f6d9024-wrap avia-button-center  avia-builder-el-14  el_after_av_textblock  avia-builder-el-last '><a href='https:\/\/hostallalolita.com\/fr\/que-fer\/activitats\/'  class='avia-button av-2dqo7q-23489eafee26336ab16a12cf1f6d9024 av-link-btn avia-icon_select-no avia-size-small avia-position-center avia-color-theme-color'   aria-label=\"Plus d\u2019informations\"><span class='avia_iconbox_title' >Plus d\u2019informations<\/span><\/a><\/div><\/p><\/div>\n<style type=\"text\/css\" data-created_by=\"avia_inline_auto\" id=\"style-css-av-4223ie-d44e9cef4a859c6650d370feda3f2df6\">\n.flex_column.av-4223ie-d44e9cef4a859c6650d370feda3f2df6{\nborder-width:2px;\nborder-color:#c8b89f;\nborder-style:solid;\nborder-radius:30px 30px 30px 30px;\npadding:15px 15px 15px 15px;\n}\n<\/style>\n<div  class='flex_column av-4223ie-d44e9cef4a859c6650d370feda3f2df6 av_one_half  avia-builder-el-15  el_after_av_one_half  el_before_av_one_half  first flex_column_div  column-top-margin'     ><section  class='av_textblock_section av-lu898rpl-62a108af8911fd50892ab970d3756460 '   itemscope=\"itemscope\" itemtype=\"https:\/\/schema.org\/CreativeWork\" ><div class='avia_textblock'  itemprop=\"text\" ><h3 style=\"text-align: center;\">ITIN\u00c9RAIRES GASTRONOMIQUES<\/h3>\n<\/div><\/section><br \/>\n\n<style type=\"text\/css\" data-created_by=\"avia_inline_auto\" id=\"style-css-av-lu8993wd-88fa5add5c9430b23f3bfaa0cd15875b\">\n.avia-image-container.av-lu8993wd-88fa5add5c9430b23f3bfaa0cd15875b img.avia_image{\nbox-shadow:none;\n}\n.avia-image-container.av-lu8993wd-88fa5add5c9430b23f3bfaa0cd15875b .av-image-caption-overlay-center{\ncolor:#ffffff;\n}\n<\/style>\n<div  class='avia-image-container av-lu8993wd-88fa5add5c9430b23f3bfaa0cd15875b av-styling- avia-align-center  avia-builder-el-17  el_after_av_textblock  el_before_av_textblock '   itemprop=\"image\" itemscope=\"itemscope\" itemtype=\"https:\/\/schema.org\/ImageObject\" ><div class=\"avia-image-container-inner\"><div class=\"avia-image-overlay-wrap\"><img decoding=\"async\" fetchpriority=\"high\" class='wp-image-2795 avia-img-lazy-loading-not-2795 avia_image ' src=\"https:\/\/hostallalolita.com\/wp-content\/uploads\/2024\/03\/gastronomia_ok.jpg\" alt='' title='gastronomia_ok'  height=\"416\" width=\"740\"  itemprop=\"thumbnailUrl\" srcset=\"https:\/\/hostallalolita.com\/wp-content\/uploads\/2024\/03\/gastronomia_ok.jpg 740w, https:\/\/hostallalolita.com\/wp-content\/uploads\/2024\/03\/gastronomia_ok-300x169.jpg 300w, https:\/\/hostallalolita.com\/wp-content\/uploads\/2024\/03\/gastronomia_ok-705x396.jpg 705w\" sizes=\"(max-width: 740px) 100vw, 740px\" \/><\/div><\/div><\/div><br \/>\n<section  class='av_textblock_section av-lu899jkw-39092d76d6aaf12efbed8107e734c490 '   itemscope=\"itemscope\" itemtype=\"https:\/\/schema.org\/CreativeWork\" ><div class='avia_textblock'  itemprop=\"text\" ><p style=\"text-align: center;\"><span class=\"Y2IQFc\" lang=\"fr\">Profitez de la d\u00e9licieuse gastronomie locale, des routes oenotouristiques aux restaurants o\u00f9 vous pourrez d\u00e9guster la meilleure cuisine de notre terre.<\/span><\/p>\n<\/div><\/section><br \/>\n<div  class='avia-button-wrap av-39wq12-52ca617a4e9b593bc598a9f21f7793ff-wrap avia-button-center  avia-builder-el-19  el_after_av_textblock  avia-builder-el-last '><a href='https:\/\/hostallalolita.com\/fr\/que-fer\/activitats\/'  class='avia-button av-39wq12-52ca617a4e9b593bc598a9f21f7793ff av-link-btn avia-icon_select-no avia-size-small avia-position-center avia-color-theme-color'   aria-label=\"plus d\u2019informations\"><span class='avia_iconbox_title' >plus d\u2019informations<\/span><\/a><\/div><\/p><\/div>\n<style type=\"text\/css\" data-created_by=\"avia_inline_auto\" id=\"style-css-av-3lze6e-739e1706f1c206018dcef7f607f4a998\">\n.flex_column.av-3lze6e-739e1706f1c206018dcef7f607f4a998{\nborder-width:2px;\nborder-color:#c8b89f;\nborder-style:solid;\nborder-radius:30px 30px 30px 30px;\npadding:15px 15px 15px 15px;\n}\n<\/style>\n<div  class='flex_column av-3lze6e-739e1706f1c206018dcef7f607f4a998 av_one_half  avia-builder-el-20  el_after_av_one_half  avia-builder-el-last  flex_column_div  column-top-margin'     ><section  class='av_textblock_section av-lu8qha5x-99013c55b9c907e14b3599363f4b2726 '   itemscope=\"itemscope\" itemtype=\"https:\/\/schema.org\/CreativeWork\" ><div class='avia_textblock'  itemprop=\"text\" ><h3 style=\"text-align: center;\">CULTURE<\/h3>\n<\/div><\/section><br \/>\n\n<style type=\"text\/css\" data-created_by=\"avia_inline_auto\" id=\"style-css-av-lu8qhq3v-37f7aa0de7c6aa8226665c08f36422f9\">\n.avia-image-container.av-lu8qhq3v-37f7aa0de7c6aa8226665c08f36422f9 img.avia_image{\nbox-shadow:none;\n}\n.avia-image-container.av-lu8qhq3v-37f7aa0de7c6aa8226665c08f36422f9 .av-image-caption-overlay-center{\ncolor:#ffffff;\n}\n<\/style>\n<div  class='avia-image-container av-lu8qhq3v-37f7aa0de7c6aa8226665c08f36422f9 av-styling- avia-align-center  avia-builder-el-22  el_after_av_textblock  el_before_av_textblock '   itemprop=\"image\" itemscope=\"itemscope\" itemtype=\"https:\/\/schema.org\/ImageObject\" ><div class=\"avia-image-container-inner\"><div class=\"avia-image-overlay-wrap\"><img decoding=\"async\" fetchpriority=\"high\" class='wp-image-2530 avia-img-lazy-loading-not-2530 avia_image ' src=\"https:\/\/hostallalolita.com\/wp-content\/uploads\/2024\/03\/museu-dali.jpg\" alt='' title='museu-dali'  height=\"563\" width=\"1000\"  itemprop=\"thumbnailUrl\" srcset=\"https:\/\/hostallalolita.com\/wp-content\/uploads\/2024\/03\/museu-dali.jpg 1000w, https:\/\/hostallalolita.com\/wp-content\/uploads\/2024\/03\/museu-dali-300x169.jpg 300w, https:\/\/hostallalolita.com\/wp-content\/uploads\/2024\/03\/museu-dali-768x432.jpg 768w, https:\/\/hostallalolita.com\/wp-content\/uploads\/2024\/03\/museu-dali-705x397.jpg 705w\" sizes=\"(max-width: 1000px) 100vw, 1000px\" \/><\/div><\/div><\/div><br \/>\n<section  class='av_textblock_section av-lu8qi5y9-837a03e207d9e654baefdbaaec65e76f '   itemscope=\"itemscope\" itemtype=\"https:\/\/schema.org\/CreativeWork\" ><div class='avia_textblock'  itemprop=\"text\" ><p style=\"text-align: center;\" data-pm-slice=\"1 1 &#091;&#093;\">Visitez la culture locale, comme les mus\u00e9es d\u00e9di\u00e9s \u00e0 Dal\u00ed et \u00e0 sa vie, situ\u00e9s \u00e0 P\u00fabol et Figueres. Outre diverses expositions variables tout au long de l&rsquo;ann\u00e9e dans le Giron\u00e8s.<\/p>\n<\/div><\/section><br \/>\n<div  class='avia-button-wrap av-8xyw6-237a05df19c5e50a48be0a2583b5bfc6-wrap avia-button-center  avia-builder-el-24  el_after_av_textblock  avia-builder-el-last '><a href=''  class='avia-button av-8xyw6-237a05df19c5e50a48be0a2583b5bfc6 av-link-btn avia-icon_select-no avia-size-small avia-position-center avia-color-theme-color'   aria-label=\"plus d\u2019informations\"><span class='avia_iconbox_title' >plus d\u2019informations<\/span><\/a><\/div><\/p><\/div>\n","protected":false},"excerpt":{"rendered":"","protected":false},"author":1,"featured_media":0,"parent":0,"menu_order":0,"comment_status":"closed","ping_status":"closed","template":"","meta":{"footnotes":""},"class_list":["post-2529","page","type-page","status-publish","hentry"],"_links":{"self":[{"href":"https:\/\/hostallalolita.com\/fr\/wp-json\/wp\/v2\/pages\/2529","targetHints":{"allow":["GET"]}}],"collection":[{"href":"https:\/\/hostallalolita.com\/fr\/wp-json\/wp\/v2\/pages"}],"about":[{"href":"https:\/\/hostallalolita.com\/fr\/wp-json\/wp\/v2\/types\/page"}],"author":[{"embeddable":true,"href":"https:\/\/hostallalolita.com\/fr\/wp-json\/wp\/v2\/users\/1"}],"replies":[{"embeddable":true,"href":"https:\/\/hostallalolita.com\/fr\/wp-json\/wp\/v2\/comments?post=2529"}],"version-history":[{"count":3,"href":"https:\/\/hostallalolita.com\/fr\/wp-json\/wp\/v2\/pages\/2529\/revisions"}],"predecessor-version":[{"id":2792,"href":"https:\/\/hostallalolita.com\/fr\/wp-json\/wp\/v2\/pages\/2529\/revisions\/2792"}],"wp:attachment":[{"href":"https:\/\/hostallalolita.com\/fr\/wp-json\/wp\/v2\/media?parent=2529"}],"curies":[{"name":"wp","href":"https:\/\/api.w.org\/{rel}","templated":true}]}}