{"id":2551,"date":"2024-04-08T12:50:40","date_gmt":"2024-04-08T10:50:40","guid":{"rendered":"https:\/\/hostallalolita.com\/que-fer\/turisme\/"},"modified":"2024-11-06T20:28:15","modified_gmt":"2024-11-06T18:28:15","slug":"turisme","status":"publish","type":"page","link":"https:\/\/hostallalolita.com\/fr\/que-fer\/turisme\/","title":{"rendered":"Tourisme"},"content":{"rendered":"\n<style type=\"text\/css\" data-created_by=\"avia_inline_auto\" id=\"style-css-av-20jat9y-c6a2919b44f17f5303f3885921da763d\">\n.avia-section.av-20jat9y-c6a2919b44f17f5303f3885921da763d{\nbackground-repeat:no-repeat;\nbackground-image:url(https:\/\/hostallalolita.com\/wp-content\/uploads\/2024\/04\/turisme.jpg);\nbackground-position:50% 50%;\nbackground-attachment:scroll;\n}\n<\/style>\n<div id='av_section_1'  class='avia-section av-20jat9y-c6a2919b44f17f5303f3885921da763d main_color avia-section-default avia-no-shadow  avia-builder-el-0  el_before_av_section  avia-builder-el-first  avia-full-stretch avia-bg-style-scroll av-minimum-height av-minimum-height-custom av-height-custom  container_wrap fullsize'  data-section-bg-repeat='stretch' data-av_minimum_height_px='250'><div class='container av-section-cont-open' style='height:250px'><main  role=\"main\" itemprop=\"mainContentOfPage\"  class='template-page content  av-content-full alpha units'><div class='post-entry post-entry-type-page post-entry-2551'><div class='entry-content-wrapper clearfix'>\n<\/div><\/div><\/main><!-- close content main element --><\/div><\/div><div id='av_section_2'  class='avia-section av-1ypcevq-6212e403b092747578f46e88cc8829b1 main_color avia-section-huge avia-no-border-styling  avia-builder-el-1  el_after_av_section  avia-builder-el-last  avia-bg-style-scroll container_wrap fullsize'  ><div class='container av-section-cont-open' ><div class='template-page content  av-content-full alpha units'><div class='post-entry post-entry-type-page post-entry-2551'><div class='entry-content-wrapper clearfix'>\n\n<style type=\"text\/css\" data-created_by=\"avia_inline_auto\" id=\"style-css-av-1w9i4ae-f6e77b55be6b1507bdd7536ca84f5fc7\">\n#top .flex_column.av-1w9i4ae-f6e77b55be6b1507bdd7536ca84f5fc7{\nmargin-top:-200px;\nmargin-bottom:0px;\n}\n.flex_column.av-1w9i4ae-f6e77b55be6b1507bdd7536ca84f5fc7{\nborder-radius:0px 0px 0px 0px;\npadding:30px 0px 0px 0px;\nbackground-color:#f8f8f8;\n}\n.responsive #top #wrap_all .flex_column.av-1w9i4ae-f6e77b55be6b1507bdd7536ca84f5fc7{\nmargin-top:-200px;\nmargin-bottom:0px;\n}\n<\/style>\n<div  class='flex_column av-1w9i4ae-f6e77b55be6b1507bdd7536ca84f5fc7 av_one_full  avia-builder-el-2  el_before_av_one_third  avia-builder-el-first  first flex_column_div  '     ><p>\n<style type=\"text\/css\" data-created_by=\"avia_inline_auto\" id=\"style-css-av-1vomg3q-bb57524dce28814d3e064512c4414775\">\n#top .av-special-heading.av-1vomg3q-bb57524dce28814d3e064512c4414775{\npadding-bottom:20px;\nfont-size:40px;\n}\nbody .av-special-heading.av-1vomg3q-bb57524dce28814d3e064512c4414775 .av-special-heading-tag .heading-char{\nfont-size:25px;\n}\n#top #wrap_all .av-special-heading.av-1vomg3q-bb57524dce28814d3e064512c4414775 .av-special-heading-tag{\nfont-size:40px;\n}\n.av-special-heading.av-1vomg3q-bb57524dce28814d3e064512c4414775 .av-subheading{\nfont-size:15px;\n}\n\n@media only screen and (min-width: 480px) and (max-width: 767px){ \n#top #wrap_all .av-special-heading.av-1vomg3q-bb57524dce28814d3e064512c4414775 .av-special-heading-tag{\nfont-size:0.8em;\n}\n}\n\n@media only screen and (max-width: 479px){ \n#top #wrap_all .av-special-heading.av-1vomg3q-bb57524dce28814d3e064512c4414775 .av-special-heading-tag{\nfont-size:0.8em;\n}\n}\n<\/style>\n<div  class='av-special-heading av-1vomg3q-bb57524dce28814d3e064512c4414775 av-special-heading-h1 blockquote modern-quote modern-centered  avia-builder-el-3  el_before_av_hr  avia-builder-el-first  av-inherit-size'><h1 class='av-special-heading-tag '  itemprop=\"headline\"  >Tourisme<\/h1><div class=\"special-heading-border\"><div class=\"special-heading-inner-border\"><\/div><\/div><\/div><br \/>\n\n<style type=\"text\/css\" data-created_by=\"avia_inline_auto\" id=\"style-css-av-6i1r2e-8521226aeee05ae8830fa7fe2bfeba70\">\n#top .hr.av-6i1r2e-8521226aeee05ae8830fa7fe2bfeba70{\nmargin-top:0px;\nmargin-bottom:70px;\n}\n.hr.av-6i1r2e-8521226aeee05ae8830fa7fe2bfeba70 .hr-inner{\nwidth:50px;\nborder-color:#f8f8f8;\nmax-width:45%;\n}\n.hr.av-6i1r2e-8521226aeee05ae8830fa7fe2bfeba70 .av-seperator-icon{\ncolor:#e5c80c;\n}\n.hr.av-6i1r2e-8521226aeee05ae8830fa7fe2bfeba70 .av-seperator-icon.avia-svg-icon svg:first-child{\nfill:#e5c80c;\nstroke:#e5c80c;\n}\n<\/style>\n<div  class='hr av-6i1r2e-8521226aeee05ae8830fa7fe2bfeba70 hr-custom  avia-builder-el-4  el_after_av_heading  el_before_av_textblock  hr-center hr-icon-yes'><span class='hr-inner inner-border-av-border-fat'><span class=\"hr-inner-style\"><\/span><\/span><span class='av-seperator-icon avia-iconfont avia-font-entypo-fontello' data-av_icon='\ue8ce' data-av_iconfont='entypo-fontello' ><\/span><span class='hr-inner inner-border-av-border-fat'><span class=\"hr-inner-style\"><\/span><\/span><\/div><br \/>\n\n<style type=\"text\/css\" data-created_by=\"avia_inline_auto\" id=\"style-css-av-luqumild-ae9b72bf9e4f9a0db28aa03638dad8e2\">\n#top .av_textblock_section.av-luqumild-ae9b72bf9e4f9a0db28aa03638dad8e2 .avia_textblock{\ncolor:#c8b89f;\n}\n<\/style>\n<section  class='av_textblock_section av-luqumild-ae9b72bf9e4f9a0db28aa03638dad8e2 '   itemscope=\"itemscope\" itemtype=\"https:\/\/schema.org\/CreativeWork\" ><div class='avia_textblock av_inherit_color'  itemprop=\"text\" ><h2 style=\"text-align: center;\">VILLES M\u00c9DI\u00c9VALES<\/h2>\n<\/div><\/section><br \/>\n\n<style type=\"text\/css\" data-created_by=\"avia_inline_auto\" id=\"style-css-av-it6wc6-846df9538fe1405af798290f70bed646\">\n.hr.av-it6wc6-846df9538fe1405af798290f70bed646 .hr-inner{\nwidth:500px;\nborder-color:#c8b89f;\n}\n<\/style>\n<div  class='hr av-it6wc6-846df9538fe1405af798290f70bed646 hr-custom  avia-builder-el-6  el_after_av_textblock  avia-builder-el-last  hr-center hr-icon-no'><span class='hr-inner inner-border-av-border-thin'><span class=\"hr-inner-style\"><\/span><\/span><\/div><\/p><\/div><div  class='flex_column av-1ssn7q-fa629bb8d2df303d471e2c7f791b51ce av_one_third  avia-builder-el-7  el_after_av_one_full  el_before_av_one_third  first flex_column_div  column-top-margin'     ><style type=\"text\/css\" data-created_by=\"avia_inline_auto\" id=\"style-css-av-luquo23k-31d60ad6d7dee6fe24f8fa41e0d098dd\">\n.avia-image-container.av-luquo23k-31d60ad6d7dee6fe24f8fa41e0d098dd img.avia_image{\nbox-shadow:none;\n}\n.avia-image-container.av-luquo23k-31d60ad6d7dee6fe24f8fa41e0d098dd .av-image-caption-overlay-center{\ncolor:#ffffff;\n}\n<\/style>\n<div  class='avia-image-container av-luquo23k-31d60ad6d7dee6fe24f8fa41e0d098dd av-styling- avia-align-center  avia-builder-el-8  avia-builder-el-no-sibling '   itemprop=\"image\" itemscope=\"itemscope\" itemtype=\"https:\/\/schema.org\/ImageObject\" ><div class=\"avia-image-container-inner\"><div class=\"avia-image-overlay-wrap\"><img decoding=\"async\" fetchpriority=\"high\" class='wp-image-2926 avia-img-lazy-loading-not-2926 avia_image ' src=\"https:\/\/hostallalolita.com\/wp-content\/uploads\/2024\/04\/madremanya.jpg\" alt='' title='madremanya'  height=\"377\" width=\"670\"  itemprop=\"thumbnailUrl\" srcset=\"https:\/\/hostallalolita.com\/wp-content\/uploads\/2024\/04\/madremanya.jpg 670w, https:\/\/hostallalolita.com\/wp-content\/uploads\/2024\/04\/madremanya-300x169.jpg 300w\" sizes=\"(max-width: 670px) 100vw, 670px\" \/><\/div><\/div><\/div><\/div><div  class='flex_column av-gg49pi-6bfcd64f8aa145a3f5bf42f66dd0db03 av_one_third  avia-builder-el-9  el_after_av_one_third  el_before_av_one_third  flex_column_div  column-top-margin'     ><style type=\"text\/css\" data-created_by=\"avia_inline_auto\" id=\"style-css-av-luqupo8h-d6379363389eb755dd8908b18bf10963\">\n.avia-image-container.av-luqupo8h-d6379363389eb755dd8908b18bf10963 img.avia_image{\nbox-shadow:none;\n}\n.avia-image-container.av-luqupo8h-d6379363389eb755dd8908b18bf10963 .av-image-caption-overlay-center{\ncolor:#ffffff;\n}\n<\/style>\n<div  class='avia-image-container av-luqupo8h-d6379363389eb755dd8908b18bf10963 av-styling- avia-align-center  avia-builder-el-10  avia-builder-el-no-sibling '   itemprop=\"image\" itemscope=\"itemscope\" itemtype=\"https:\/\/schema.org\/ImageObject\" ><div class=\"avia-image-container-inner\"><div class=\"avia-image-overlay-wrap\"><img decoding=\"async\" fetchpriority=\"high\" class='wp-image-2930 avia-img-lazy-loading-not-2930 avia_image ' src=\"https:\/\/hostallalolita.com\/wp-content\/uploads\/2024\/04\/monells.jpg\" alt='' title='monells'  height=\"377\" width=\"670\"  itemprop=\"thumbnailUrl\" srcset=\"https:\/\/hostallalolita.com\/wp-content\/uploads\/2024\/04\/monells.jpg 670w, https:\/\/hostallalolita.com\/wp-content\/uploads\/2024\/04\/monells-300x169.jpg 300w\" sizes=\"(max-width: 670px) 100vw, 670px\" \/><\/div><\/div><\/div><\/div><div  class='flex_column av-dv1sfa-8a241064b9ea7437e924532a476c5ce8 av_one_third  avia-builder-el-11  el_after_av_one_third  el_before_av_one_half  flex_column_div  column-top-margin'     ><style type=\"text\/css\" data-created_by=\"avia_inline_auto\" id=\"style-css-av-luquq2b4-6da8c345653e977790277b3599790da8\">\n.avia-image-container.av-luquq2b4-6da8c345653e977790277b3599790da8 img.avia_image{\nbox-shadow:none;\n}\n.avia-image-container.av-luquq2b4-6da8c345653e977790277b3599790da8 .av-image-caption-overlay-center{\ncolor:#ffffff;\n}\n<\/style>\n<div  class='avia-image-container av-luquq2b4-6da8c345653e977790277b3599790da8 av-styling- avia-align-center  avia-builder-el-12  avia-builder-el-no-sibling '   itemprop=\"image\" itemscope=\"itemscope\" itemtype=\"https:\/\/schema.org\/ImageObject\" ><div class=\"avia-image-container-inner\"><div class=\"avia-image-overlay-wrap\"><img decoding=\"async\" fetchpriority=\"high\" class='wp-image-2552 avia-img-lazy-loading-not-2552 avia_image ' src=\"https:\/\/hostallalolita.com\/wp-content\/uploads\/2024\/04\/st-marti-vell.jpg\" alt='' title='st-marti-vell'  height=\"377\" width=\"670\"  itemprop=\"thumbnailUrl\" srcset=\"https:\/\/hostallalolita.com\/wp-content\/uploads\/2024\/04\/st-marti-vell.jpg 670w, https:\/\/hostallalolita.com\/wp-content\/uploads\/2024\/04\/st-marti-vell-300x169.jpg 300w\" sizes=\"(max-width: 670px) 100vw, 670px\" \/><\/div><\/div><\/div><\/div><div  class='flex_column av-3vtova-c39275dd4a633b990e81212ce300ba65 av_one_half  avia-builder-el-13  el_after_av_one_third  el_before_av_one_half  first flex_column_div  column-top-margin'     ><section  class='av_textblock_section av-luqun78y-0f4a2bacba5e6e227c6b01d097f853b8 '   itemscope=\"itemscope\" itemtype=\"https:\/\/schema.org\/CreativeWork\" ><div class='avia_textblock'  itemprop=\"text\" ><p>Visitez <strong>Sant Mart\u00ed Vell<\/strong>, notre joli village que vous pouvez atteindre \u00e0 pied depuis l&rsquo;h\u00f4tel en moins de 5 minutes.<\/p>\n<p>Il a \u00e9t\u00e9 conserv\u00e9 tel qu&rsquo;il \u00e9tait il y a des si\u00e8cles, avec ses ruelles en pierre, ses coins ench\u00e2ss\u00e9s et une magnifique \u00e9glise d&rsquo;architecture Renaissance. Laissez-vous \u00e9merveiller par son charme !<\/p>\n<\/div><\/section><\/div><div  class='flex_column av-28l9w6-68a7998e665fd8a347392af092d81884 av_one_half  avia-builder-el-15  el_after_av_one_half  el_before_av_hr  flex_column_div  column-top-margin'     ><section  class='av_textblock_section av-luqutcwb-06ff1fd3f1b6294bc7a4d3b3d2a63d8c '   itemscope=\"itemscope\" itemtype=\"https:\/\/schema.org\/CreativeWork\" ><div class='avia_textblock'  itemprop=\"text\" ><div class=\"flex max-w-full flex-col flex-grow\">\n<div class=\"min-h-8 text-message flex w-full flex-col items-end gap-2 whitespace-normal break-words &#091;.text-message+&amp;&#093;:mt-5\" dir=\"auto\" data-message-author-role=\"assistant\" data-message-id=\"644c5a23-7b1d-4798-ac35-142251d6e45b\" data-message-model-slug=\"gpt-4o-mini\">\n<div class=\"flex w-full flex-col gap-1 empty:hidden first:pt-&#091;3px&#093;\">\n<div class=\"markdown prose w-full break-words dark:prose-invert light\">\n<p>Vous pouvez \u00e9galement suivre la route des petits villages m\u00e9di\u00e9vaux de la c\u00f4te, entre le Giron\u00e8s et le Baix Empord\u00e0, en empruntant la route de Madremanya \u00e0 pied depuis l&rsquo;h\u00f4tel. Vous pourrez visiter <strong>Madremanya, Monells, La Pera, P\u00fabol et Cor\u00e7\u00e0.<\/strong><\/p>\n<\/div>\n<\/div>\n<\/div>\n<\/div>\n<\/div><\/section><\/div>\n<style type=\"text\/css\" data-created_by=\"avia_inline_auto\" id=\"style-css-av-10b1smu-bc436daa9363d4aee5f7cf7ff42d44cf\">\n#top .hr.av-10b1smu-bc436daa9363d4aee5f7cf7ff42d44cf{\nmargin-top:70px;\nmargin-bottom:70px;\n}\n.hr.av-10b1smu-bc436daa9363d4aee5f7cf7ff42d44cf .hr-inner{\nwidth:50px;\nborder-color:#f8f8f8;\nmax-width:45%;\n}\n.hr.av-10b1smu-bc436daa9363d4aee5f7cf7ff42d44cf .av-seperator-icon{\ncolor:#e5c80c;\n}\n.hr.av-10b1smu-bc436daa9363d4aee5f7cf7ff42d44cf .av-seperator-icon.avia-svg-icon svg:first-child{\nfill:#e5c80c;\nstroke:#e5c80c;\n}\n<\/style>\n<div  class='hr av-10b1smu-bc436daa9363d4aee5f7cf7ff42d44cf hr-custom  avia-builder-el-17  el_after_av_one_half  el_before_av_one_half  hr-center hr-icon-yes'><span class='hr-inner inner-border-av-border-fat'><span class=\"hr-inner-style\"><\/span><\/span><span class='av-seperator-icon avia-iconfont avia-font-entypo-fontello' data-av_icon='\ue8ce' data-av_iconfont='entypo-fontello' ><\/span><span class='hr-inner inner-border-av-border-fat'><span class=\"hr-inner-style\"><\/span><\/span><\/div>\n\n<style type=\"text\/css\" data-created_by=\"avia_inline_auto\" id=\"style-css-av-yiqc5i-8476e28c3954cc2a98f86aabef4e0bb3\">\n.flex_column.av-yiqc5i-8476e28c3954cc2a98f86aabef4e0bb3{\npadding:0px 10px 10px 10px;\n}\n<\/style>\n<div  class='flex_column av-yiqc5i-8476e28c3954cc2a98f86aabef4e0bb3 av_one_half  avia-builder-el-18  el_after_av_hr  el_before_av_one_half  first flex_column_div  '     ><style type=\"text\/css\" data-created_by=\"avia_inline_auto\" id=\"style-css-av-wn3hty-9cdcd2896f9aba81c0e2143f43df7cb5\">\n#top .av_textblock_section.av-wn3hty-9cdcd2896f9aba81c0e2143f43df7cb5 .avia_textblock{\ncolor:#c8b89f;\n}\n<\/style>\n<section  class='av_textblock_section av-wn3hty-9cdcd2896f9aba81c0e2143f43df7cb5 '   itemscope=\"itemscope\" itemtype=\"https:\/\/schema.org\/CreativeWork\" ><div class='avia_textblock av_inherit_color'  itemprop=\"text\" ><h2 style=\"text-align: center;\">ARTISANAT LOCAL<\/h2>\n<\/div><\/section><br \/>\n\n<style type=\"text\/css\" data-created_by=\"avia_inline_auto\" id=\"style-css-av-ue1bti-8676a36be597002f12679644719868a6\">\n#top .hr.av-ue1bti-8676a36be597002f12679644719868a6{\nmargin-bottom:10px;\n}\n.hr.av-ue1bti-8676a36be597002f12679644719868a6 .hr-inner{\nwidth:100px;\nborder-color:#c8b89f;\n}\n<\/style>\n<div  class='hr av-ue1bti-8676a36be597002f12679644719868a6 hr-custom  avia-builder-el-20  el_after_av_textblock  el_before_av_image  hr-center hr-icon-no'><span class='hr-inner inner-border-av-border-thin'><span class=\"hr-inner-style\"><\/span><\/span><\/div><br \/>\n\n<style type=\"text\/css\" data-created_by=\"avia_inline_auto\" id=\"style-css-av-tikcs6-66396010c9f23791aef6f9de30c512b7\">\n.avia-image-container.av-tikcs6-66396010c9f23791aef6f9de30c512b7 img.avia_image{\nbox-shadow:none;\n}\n.avia-image-container.av-tikcs6-66396010c9f23791aef6f9de30c512b7 .av-image-caption-overlay-center{\ncolor:#ffffff;\n}\n<\/style>\n<div  class='avia-image-container av-tikcs6-66396010c9f23791aef6f9de30c512b7 av-styling- avia-align-center  avia-builder-el-21  el_after_av_hr  el_before_av_textblock '   itemprop=\"image\" itemscope=\"itemscope\" itemtype=\"https:\/\/schema.org\/ImageObject\" ><div class=\"avia-image-container-inner\"><div class=\"avia-image-overlay-wrap\"><img decoding=\"async\" fetchpriority=\"high\" class='wp-image-2928 avia-img-lazy-loading-not-2928 avia_image ' src=\"https:\/\/hostallalolita.com\/wp-content\/uploads\/2024\/04\/ceramica.jpg\" alt='' title='ceramica'  height=\"377\" width=\"670\"  itemprop=\"thumbnailUrl\" srcset=\"https:\/\/hostallalolita.com\/wp-content\/uploads\/2024\/04\/ceramica.jpg 670w, https:\/\/hostallalolita.com\/wp-content\/uploads\/2024\/04\/ceramica-300x169.jpg 300w\" sizes=\"(max-width: 670px) 100vw, 670px\" \/><\/div><\/div><\/div><br \/>\n<section  class='av_textblock_section av-qte752-bae1df5b096c3b4d67dfff119aa44fab '   itemscope=\"itemscope\" itemtype=\"https:\/\/schema.org\/CreativeWork\" ><div class='avia_textblock'  itemprop=\"text\" ><div class=\"flex max-w-full flex-col flex-grow\">\n<div class=\"min-h-8 text-message flex w-full flex-col items-end gap-2 whitespace-normal break-words &#091;.text-message+&amp;&#093;:mt-5\" dir=\"auto\" data-message-author-role=\"assistant\" data-message-id=\"848f8e10-fdb5-4ec2-a809-77186fad5c40\" data-message-model-slug=\"gpt-4o-mini\">\n<div class=\"flex w-full flex-col gap-1 empty:hidden first:pt-&#091;3px&#093;\">\n<div class=\"markdown prose w-full break-words dark:prose-invert light\">\n<p>\u00c0 la Bisbal d&rsquo;Empord\u00e0, \u00e0 seulement 15 minutes en voiture de La Lolita, vous trouverez de nombreuses boutiques de c\u00e9ramique, d&rsquo;artisanat local et de d\u00e9coration.<\/p>\n<\/div>\n<\/div>\n<\/div>\n<\/div>\n<p style=\"text-align: left;\"><a href=\"https:\/\/ceramisteslabisbal.com\/\" target=\"_blank\" rel=\"noopener\">https:\/\/ceramisteslabisbal.com\/<\/a><\/p>\n<\/div><\/section><\/p><\/div>\n<style type=\"text\/css\" data-created_by=\"avia_inline_auto\" id=\"style-css-av-q5mko6-3d6fcf5669f36a67d1d1e15550a1ac72\">\n.flex_column.av-q5mko6-3d6fcf5669f36a67d1d1e15550a1ac72{\npadding:0px 10px 10px 10px;\n}\n<\/style>\n<div  class='flex_column av-q5mko6-3d6fcf5669f36a67d1d1e15550a1ac72 av_one_half  avia-builder-el-23  el_after_av_one_half  avia-builder-el-last  flex_column_div  '     ><style type=\"text\/css\" data-created_by=\"avia_inline_auto\" id=\"style-css-av-njdvbq-7aaa23cbd6bbdc137f30f2a001d76054\">\n#top .av_textblock_section.av-njdvbq-7aaa23cbd6bbdc137f30f2a001d76054 .avia_textblock{\ncolor:#c8b89f;\n}\n<\/style>\n<section  class='av_textblock_section av-njdvbq-7aaa23cbd6bbdc137f30f2a001d76054 '   itemscope=\"itemscope\" itemtype=\"https:\/\/schema.org\/CreativeWork\" ><div class='avia_textblock av_inherit_color'  itemprop=\"text\" ><h2 style=\"text-align: center;\">PLAGES<\/h2>\n<\/div><\/section><br \/>\n\n<style type=\"text\/css\" data-created_by=\"avia_inline_auto\" id=\"style-css-av-mg1jo6-b946fc98a2d891f9649362ae9b354659\">\n#top .hr.av-mg1jo6-b946fc98a2d891f9649362ae9b354659{\nmargin-bottom:10px;\n}\n.hr.av-mg1jo6-b946fc98a2d891f9649362ae9b354659 .hr-inner{\nwidth:100px;\nborder-color:#c8b89f;\n}\n<\/style>\n<div  class='hr av-mg1jo6-b946fc98a2d891f9649362ae9b354659 hr-custom  avia-builder-el-25  el_after_av_textblock  el_before_av_image  hr-center hr-icon-no'><span class='hr-inner inner-border-av-border-thin'><span class=\"hr-inner-style\"><\/span><\/span><\/div><br \/>\n\n<style type=\"text\/css\" data-created_by=\"avia_inline_auto\" id=\"style-css-av-l2ia52-6233ce7b0fa03a2a7c71fcaf04a1798a\">\n.avia-image-container.av-l2ia52-6233ce7b0fa03a2a7c71fcaf04a1798a img.avia_image{\nbox-shadow:none;\n}\n.avia-image-container.av-l2ia52-6233ce7b0fa03a2a7c71fcaf04a1798a .av-image-caption-overlay-center{\ncolor:#ffffff;\n}\n<\/style>\n<div  class='avia-image-container av-l2ia52-6233ce7b0fa03a2a7c71fcaf04a1798a av-styling- avia-align-center  avia-builder-el-26  el_after_av_hr  el_before_av_textblock '   itemprop=\"image\" itemscope=\"itemscope\" itemtype=\"https:\/\/schema.org\/ImageObject\" ><div class=\"avia-image-container-inner\"><div class=\"avia-image-overlay-wrap\"><img decoding=\"async\" fetchpriority=\"high\" class='wp-image-2929 avia-img-lazy-loading-not-2929 avia_image ' src=\"https:\/\/hostallalolita.com\/wp-content\/uploads\/2024\/04\/cala-montgo.jpg\" alt='' title='cala-montgo'  height=\"377\" width=\"670\"  itemprop=\"thumbnailUrl\" srcset=\"https:\/\/hostallalolita.com\/wp-content\/uploads\/2024\/04\/cala-montgo.jpg 670w, https:\/\/hostallalolita.com\/wp-content\/uploads\/2024\/04\/cala-montgo-300x169.jpg 300w\" sizes=\"(max-width: 670px) 100vw, 670px\" \/><\/div><\/div><\/div><br \/>\n<section  class='av_textblock_section av-ixjkrq-fbe093d9432949d6cacf5caf9d417135 '   itemscope=\"itemscope\" itemtype=\"https:\/\/schema.org\/CreativeWork\" ><div class='avia_textblock'  itemprop=\"text\" ><p>\u00c0 30-40 minutes en voiture de l&rsquo;h\u00f4tel, vous trouverez les meilleures plages de la Costa Brava, pour profiter de la mer pendant la journ\u00e9e, puis revenir \u00e0 la tranquillit\u00e9 de La Lolita.<\/p>\n<p>Il existe \u00e9galement plusieurs sections du <em>Cam\u00ed de Ronda<\/em> tout au long de la Costa Brava, o\u00f9 vous pourrez faire de la randonn\u00e9e au bord de la mer avec des vues magnifiques.<\/p>\n<ul>\n<li>L\u2019ESCALA (30min): Cala Montg\u00f3, Illa Mateua<\/li>\n<li>PALS (30min): Platja de Pals<\/li>\n<li>BEGUR (35min): L\u2019Illa Roja, Sa Tuna, Platja fonda, Aiguablava<\/li>\n<li>TAMARIU (40min)<\/li>\n<li>CALELLA DE PALAFRUGELL (40min)<\/li>\n<li>SANT ANTONI DE CALONGE (40min): Platja Belladona, Cala el Pi<\/li>\n<li>PALAM\u00d3S (45min): Cala Estreta, La Fosca, Cala s\u2019Alguer, Platja del Catell<\/li>\n<\/ul>\n<\/div><\/section><\/p><\/div>\n","protected":false},"excerpt":{"rendered":"","protected":false},"author":1,"featured_media":0,"parent":2529,"menu_order":0,"comment_status":"closed","ping_status":"closed","template":"","meta":{"footnotes":""},"class_list":["post-2551","page","type-page","status-publish","hentry"],"_links":{"self":[{"href":"https:\/\/hostallalolita.com\/fr\/wp-json\/wp\/v2\/pages\/2551","targetHints":{"allow":["GET"]}}],"collection":[{"href":"https:\/\/hostallalolita.com\/fr\/wp-json\/wp\/v2\/pages"}],"about":[{"href":"https:\/\/hostallalolita.com\/fr\/wp-json\/wp\/v2\/types\/page"}],"author":[{"embeddable":true,"href":"https:\/\/hostallalolita.com\/fr\/wp-json\/wp\/v2\/users\/1"}],"replies":[{"embeddable":true,"href":"https:\/\/hostallalolita.com\/fr\/wp-json\/wp\/v2\/comments?post=2551"}],"version-history":[{"count":3,"href":"https:\/\/hostallalolita.com\/fr\/wp-json\/wp\/v2\/pages\/2551\/revisions"}],"predecessor-version":[{"id":2925,"href":"https:\/\/hostallalolita.com\/fr\/wp-json\/wp\/v2\/pages\/2551\/revisions\/2925"}],"up":[{"embeddable":true,"href":"https:\/\/hostallalolita.com\/fr\/wp-json\/wp\/v2\/pages\/2529"}],"wp:attachment":[{"href":"https:\/\/hostallalolita.com\/fr\/wp-json\/wp\/v2\/media?parent=2551"}],"curies":[{"name":"wp","href":"https:\/\/api.w.org\/{rel}","templated":true}]}}