{"id":2579,"date":"2024-07-02T18:51:38","date_gmt":"2024-07-02T16:51:38","guid":{"rendered":"https:\/\/hostallalolita.com\/pet-friendly\/"},"modified":"2025-04-18T18:06:08","modified_gmt":"2025-04-18T16:06:08","slug":"pet-friendly","status":"publish","type":"page","link":"https:\/\/hostallalolita.com\/fr\/pet-friendly\/","title":{"rendered":"ANIMAUX ACCEPT\u00c9S"},"content":{"rendered":"<div id='full_slider_1'  class='avia-fullwidth-slider main_color avia-shadow   avia-builder-el-0  el_before_av_one_full  avia-builder-el-first   container_wrap fullsize'  ><div  class='avia-slideshow av-lyepqdjv-a87275d81102d869202fd29d37b8a77a avia-slideshow-featured av_slideshow_full avia-slide-slider av-slideshow-ui av-control-default av-slideshow-manual av-loop-once av-loop-manual-endless av-default-height-applied   avia-slideshow-1' data-slideshow-options=\"{&quot;animation&quot;:&quot;slide&quot;,&quot;autoplay&quot;:false,&quot;loop_autoplay&quot;:&quot;once&quot;,&quot;interval&quot;:5,&quot;loop_manual&quot;:&quot;manual-endless&quot;,&quot;autoplay_stopper&quot;:false,&quot;noNavigation&quot;:false,&quot;bg_slider&quot;:false,&quot;keep_padding&quot;:false,&quot;hoverpause&quot;:false,&quot;show_slide_delay&quot;:0}\"  itemprop=\"image\" itemscope=\"itemscope\" itemtype=\"https:\/\/schema.org\/ImageObject\" ><ul class='avia-slideshow-inner ' style='padding-bottom: 28.666666666667%;'><li  class='avia-slideshow-slide av-lyepqdjv-a87275d81102d869202fd29d37b8a77a__0  av-single-slide slide-1 slide-odd'><div data-rel='slideshow-1' class='avia-slide-wrap '   ><img decoding=\"async\" fetchpriority=\"high\" class=\"wp-image-2737 avia-img-lazy-loading-not-2737\"  src=\"https:\/\/hostallalolita.com\/wp-content\/uploads\/2024\/07\/bimba-jardi-1-1500x430.jpg\" width=\"1500\" height=\"430\" title='bimba jardi\u0301' alt=''  itemprop=\"thumbnailUrl\" srcset=\"https:\/\/hostallalolita.com\/wp-content\/uploads\/2024\/07\/bimba-jardi-1-1500x430.jpg 1500w, https:\/\/hostallalolita.com\/wp-content\/uploads\/2024\/07\/bimba-jardi-1-350x100.jpg 350w\" sizes=\"(max-width: 1500px) 100vw, 1500px\" \/><\/div><\/li><\/ul><\/div><\/div><div id='after_full_slider_1'  class='main_color av_default_container_wrap container_wrap fullsize'  ><div class='container av-section-cont-open' ><div class='template-page content  av-content-full alpha units'><div class='post-entry post-entry-type-page post-entry-2579'><div class='entry-content-wrapper clearfix'>\n<div  class='flex_column av-2puf2p-76b6fad82ba2e1e1fe707d509acad966 av_one_full  avia-builder-el-1  el_after_av_slideshow_full  el_before_av_one_half  avia-builder-el-first  first flex_column_div  '     ><section  class='av_textblock_section av-ly4o6vg9-56d2378174eb28fcd377b1f78cd45131 '   itemscope=\"itemscope\" itemtype=\"https:\/\/schema.org\/CreativeWork\" ><div class='avia_textblock'  itemprop=\"text\" ><p>Nous acceptons les animaux de compagnie bien \u00e9duqu\u00e9s sur demande pr\u00e9alable. Il est n\u00e9cessaire d\u2019informer lors de la r\u00e9servation que vous viendrez avec un chien.<\/p>\n<p><strong>R\u00c8GLEMENT POUR LES S\u00c9JOURS AVEC ANIMAL DE COMPAGNIE<\/strong><\/p>\n<ol>\n<li>Nous acceptons les chiens de toutes tailles et races, \u00e0 condition qu\u2019ils soient bien \u00e9duqu\u00e9s et qu\u2019ils puissent cohabiter sans probl\u00e8me avec d\u2019autres chiens, des personnes et les installations.<\/li>\n<li>\u00c9tant donn\u00e9 que nous sommes un h\u00e9bergement r\u00e9serv\u00e9 aux adultes, <strong>les chiens ne doivent pas aboyer excessivement<\/strong> pour des raisons \u00e9videntes. Nos clients viennent \u00e0 La Lolita pour se reposer et profiter du calme, loin du bruit, et les aboiements peuvent \u00eatre tr\u00e8s d\u00e9rangeants. Nous vous remercions de respecter cette r\u00e8gle pour assurer une bonne cohabitation.<\/li>\n<li>Il est recommand\u00e9 <strong>d\u2019\u00e9viter que l&rsquo;animal monte sur le lit<\/strong> ou le canap\u00e9 de la chambre pour des raisons d&rsquo;hygi\u00e8ne. Si cela ne peut pas \u00eatre \u00e9vit\u00e9 car l&rsquo;animal y est habitu\u00e9, nous vous remercions d&rsquo;apporter un drap ou une couverture.<\/li>\n<li>Il est interdit de faire leurs besoins dans la chambre et il est demand\u00e9 de ramasser les d\u00e9jections dans les environs.<\/li>\n<li>Il est interdit de baigner les animaux dans la douche de la chambre ou dans la piscine.<\/li>\n<li>Les animaux peuvent \u00eatre dans toutes les installations, y compris le jardin et la piscine, tant qu\u2019ils sont tenus en laisse.<\/li>\n<li>En hiver, en raison de l&rsquo;espace limit\u00e9, les animaux ne peuvent pas descendre dans la salle \u00e0 manger int\u00e9rieure. Si vous ne pouvez pas laisser votre animal seul dans la chambre, nous proposons de prendre le petit-d\u00e9jeuner \u00e0 la derni\u00e8re heure. En \u00e9t\u00e9, le petit-d\u00e9jeuner est servi en terrasse.<\/li>\n<li>Les animaux <strong>ne peuvent pas rester seuls<\/strong> dans la chambre, sauf pendant de courtes p\u00e9riodes.<\/li>\n<li>Les responsables des animaux devront prendre en charge les \u00e9ventuels dommages caus\u00e9s aux installations pendant le s\u00e9jour ou \u00e0 des tiers.<\/li>\n<li>Le tarif par nuit est de <strong>15 \u20ac par animal<\/strong> (Uniquement pour les 4 premi\u00e8res nuits).<\/li>\n<\/ol>\n<\/div><\/section><\/div><div  class='flex_column av-5v2f6p-84327a5ab87b2a3459db67ed237714a3 av_one_half  avia-builder-el-3  el_after_av_one_full  el_before_av_one_half  first flex_column_div  column-top-margin'     ><style type=\"text\/css\" data-created_by=\"avia_inline_auto\" id=\"style-css-av-lz15p9t1-22a31d08da8842b511feb91e0964d207\">\n#top .av_textblock_section.av-lz15p9t1-22a31d08da8842b511feb91e0964d207 .avia_textblock{\ntext-align:justify;\n}\n<\/style>\n<section  class='av_textblock_section av-lz15p9t1-22a31d08da8842b511feb91e0964d207 '   itemscope=\"itemscope\" itemtype=\"https:\/\/schema.org\/CreativeWork\" ><div class='avia_textblock'  itemprop=\"text\" ><h3><strong>PLAGES POUR CHIENS SUR LA COSTA BRAVA\u00a0\u00a0<\/strong><\/h3>\n<p>L&rsquo;Escala (Plage del Rec del Mol\u00ed)<\/p>\n<p>L&rsquo;Estartit (Plage de la Gola del Ter)<\/p>\n<p>Empuriabrava (Plage de la Rubina)<\/p>\n<p>Palam\u00f3s (Plage Pere Grau)<\/p>\n<p>Et en dehors de la saison, vous pouvez \u00e9galement acc\u00e9der \u00e0 la grande majorit\u00e9 des plages de la Costa !<\/p>\n<\/div><\/section><\/div><\/p>\n<div  class='flex_column av-4cyjq9-ffb5dac7c490f4c3caca5456e687e39c av_one_half  avia-builder-el-5  el_after_av_one_half  avia-builder-el-last  flex_column_div  column-top-margin'     ><style type=\"text\/css\" data-created_by=\"avia_inline_auto\" id=\"style-css-av-b0rxd-6a513ae6c0eb39cef201c4f4f562746a\">\n.avia-image-container.av-b0rxd-6a513ae6c0eb39cef201c4f4f562746a img.avia_image{\nbox-shadow:none;\n}\n.avia-image-container.av-b0rxd-6a513ae6c0eb39cef201c4f4f562746a .av-image-caption-overlay-center{\ncolor:#ffffff;\n}\n<\/style>\n<div  class='avia-image-container av-b0rxd-6a513ae6c0eb39cef201c4f4f562746a av-styling- avia-align-left  avia-builder-el-6  avia-builder-el-no-sibling '   itemprop=\"image\" itemscope=\"itemscope\" itemtype=\"https:\/\/schema.org\/ImageObject\" ><div class=\"avia-image-container-inner\"><div class=\"avia-image-overlay-wrap\"><img decoding=\"async\" fetchpriority=\"high\" class='wp-image-2739 avia-img-lazy-loading-not-2739 avia_image ' src=\"https:\/\/hostallalolita.com\/wp-content\/uploads\/2024\/10\/IMG_0428-2-845x684.jpg\" alt='' title='IMG_0428'  height=\"684\" width=\"845\"  itemprop=\"thumbnailUrl\" srcset=\"https:\/\/hostallalolita.com\/wp-content\/uploads\/2024\/10\/IMG_0428-2-845x684.jpg 845w, https:\/\/hostallalolita.com\/wp-content\/uploads\/2024\/10\/IMG_0428-2-495x400.jpg 495w\" sizes=\"(max-width: 845px) 100vw, 845px\" \/><\/div><\/div><\/div><\/div>\n","protected":false},"excerpt":{"rendered":"","protected":false},"author":3,"featured_media":0,"parent":0,"menu_order":0,"comment_status":"closed","ping_status":"closed","template":"","meta":{"footnotes":""},"class_list":["post-2579","page","type-page","status-publish","hentry"],"_links":{"self":[{"href":"https:\/\/hostallalolita.com\/fr\/wp-json\/wp\/v2\/pages\/2579","targetHints":{"allow":["GET"]}}],"collection":[{"href":"https:\/\/hostallalolita.com\/fr\/wp-json\/wp\/v2\/pages"}],"about":[{"href":"https:\/\/hostallalolita.com\/fr\/wp-json\/wp\/v2\/types\/page"}],"author":[{"embeddable":true,"href":"https:\/\/hostallalolita.com\/fr\/wp-json\/wp\/v2\/users\/3"}],"replies":[{"embeddable":true,"href":"https:\/\/hostallalolita.com\/fr\/wp-json\/wp\/v2\/comments?post=2579"}],"version-history":[{"count":6,"href":"https:\/\/hostallalolita.com\/fr\/wp-json\/wp\/v2\/pages\/2579\/revisions"}],"predecessor-version":[{"id":3046,"href":"https:\/\/hostallalolita.com\/fr\/wp-json\/wp\/v2\/pages\/2579\/revisions\/3046"}],"wp:attachment":[{"href":"https:\/\/hostallalolita.com\/fr\/wp-json\/wp\/v2\/media?parent=2579"}],"curies":[{"name":"wp","href":"https:\/\/api.w.org\/{rel}","templated":true}]}}