{"id":2593,"date":"2024-03-20T17:56:21","date_gmt":"2024-03-20T15:56:21","guid":{"rendered":"https:\/\/hostallalolita.com\/regala\/"},"modified":"2024-11-07T21:02:26","modified_gmt":"2024-11-07T19:02:26","slug":"regala","status":"publish","type":"page","link":"https:\/\/hostallalolita.com\/fr\/regala\/","title":{"rendered":"R\u00c9V\u00c9LER"},"content":{"rendered":"\n<style type=\"text\/css\" data-created_by=\"avia_inline_auto\" id=\"style-css-av-ltzznd6t-0146dec4aca7024186c78bd2c4fe5f56\">\n.avia-section.av-ltzznd6t-0146dec4aca7024186c78bd2c4fe5f56{\nbackground-repeat:no-repeat;\nbackground-image:url(https:\/\/hostallalolita.com\/wp-content\/uploads\/2024\/03\/bany-tancat-06.jpg);\nbackground-position:50% 50%;\nbackground-attachment:scroll;\n}\n<\/style>\n<div id='av_section_1'  class='avia-section av-ltzznd6t-0146dec4aca7024186c78bd2c4fe5f56 main_color avia-section-default avia-no-shadow  avia-builder-el-0  el_before_av_section  avia-builder-el-first  avia-full-stretch avia-bg-style-scroll av-minimum-height av-minimum-height-custom av-height-custom  container_wrap fullsize'  data-section-bg-repeat='stretch' data-av_minimum_height_px='250'><div class='container av-section-cont-open' style='height:250px'><main  role=\"main\" itemprop=\"mainContentOfPage\"  class='template-page content  av-content-full alpha units'><div class='post-entry post-entry-type-page post-entry-2593'><div class='entry-content-wrapper clearfix'>\n<\/div><\/div><\/main><!-- close content main element --><\/div><\/div>\n<style type=\"text\/css\" data-created_by=\"avia_inline_auto\" id=\"style-css-av-7mexrl-f48f6f22515d913ebf3fb124d2af4d6d\">\n.avia-section.av-7mexrl-f48f6f22515d913ebf3fb124d2af4d6d{\nbackground-color:#f8f8f8;\nbackground-image:unset;\n}\n<\/style>\n<div id='av_section_2'  class='avia-section av-7mexrl-f48f6f22515d913ebf3fb124d2af4d6d main_color avia-section-huge avia-no-border-styling  avia-builder-el-1  el_after_av_section  el_before_av_section  avia-bg-style-scroll container_wrap fullsize'  ><div class='container av-section-cont-open' ><div class='template-page content  av-content-full alpha units'><div class='post-entry post-entry-type-page post-entry-2593'><div class='entry-content-wrapper clearfix'>\n\n<style type=\"text\/css\" data-created_by=\"avia_inline_auto\" id=\"style-css-av-65r5b5-10dd7e6fa16222f94a0075400a10ffc1\">\n#top .flex_column.av-65r5b5-10dd7e6fa16222f94a0075400a10ffc1{\nmargin-top:-200px;\nmargin-bottom:0px;\n}\n.flex_column.av-65r5b5-10dd7e6fa16222f94a0075400a10ffc1{\nborder-radius:0px 0px 0px 0px;\npadding:30px 0px 0px 0px;\nbackground-color:#f8f8f8;\n}\n.responsive #top #wrap_all .flex_column.av-65r5b5-10dd7e6fa16222f94a0075400a10ffc1{\nmargin-top:-200px;\nmargin-bottom:0px;\n}\n<\/style>\n<div  class='flex_column av-65r5b5-10dd7e6fa16222f94a0075400a10ffc1 av_one_full  avia-builder-el-2  el_before_av_hr  avia-builder-el-first  first flex_column_div  '     ><style type=\"text\/css\" data-created_by=\"avia_inline_auto\" id=\"style-css-av-ltzzmyzo-6da009b86f287e2f9e1ebf70e2ba03f2\">\n#top .av-special-heading.av-ltzzmyzo-6da009b86f287e2f9e1ebf70e2ba03f2{\nfont-size:40px;\n}\nbody .av-special-heading.av-ltzzmyzo-6da009b86f287e2f9e1ebf70e2ba03f2 .av-special-heading-tag .heading-char{\nfont-size:25px;\n}\n#top #wrap_all .av-special-heading.av-ltzzmyzo-6da009b86f287e2f9e1ebf70e2ba03f2 .av-special-heading-tag{\nfont-size:40px;\n}\n.av-special-heading.av-ltzzmyzo-6da009b86f287e2f9e1ebf70e2ba03f2 .av-subheading{\nfont-size:21px;\n}\n\n@media only screen and (min-width: 480px) and (max-width: 767px){ \n#top #wrap_all .av-special-heading.av-ltzzmyzo-6da009b86f287e2f9e1ebf70e2ba03f2 .av-special-heading-tag{\nfont-size:0.8em;\n}\n}\n\n@media only screen and (max-width: 479px){ \n#top #wrap_all .av-special-heading.av-ltzzmyzo-6da009b86f287e2f9e1ebf70e2ba03f2 .av-special-heading-tag{\nfont-size:0.8em;\n}\n}\n<\/style>\n<div  class='av-special-heading av-ltzzmyzo-6da009b86f287e2f9e1ebf70e2ba03f2 av-special-heading-h1 blockquote modern-quote modern-centered  avia-builder-el-3  avia-builder-el-no-sibling  av-inherit-size'><h1 class='av-special-heading-tag '  itemprop=\"headline\"  >R\u00e9v\u00e9ler La Lolita<\/h1><div class='av-subheading av-subheading_below'><p>\u00cates-vous \u00e0 la recherche d\u2019un cadeau pour surprendre quelqu\u2019un de tr\u00e8s sp\u00e9cial ?<\/p>\n<\/div><div class=\"special-heading-border\"><div class=\"special-heading-inner-border\"><\/div><\/div><\/div><\/div>\n<style type=\"text\/css\" data-created_by=\"avia_inline_auto\" id=\"style-css-av-ltzzw0vo-0769f13f45b2c0dabdcc0e48e03d71ea\">\n#top .hr.av-ltzzw0vo-0769f13f45b2c0dabdcc0e48e03d71ea{\nmargin-top:0px;\nmargin-bottom:0px;\n}\n.hr.av-ltzzw0vo-0769f13f45b2c0dabdcc0e48e03d71ea .hr-inner{\nwidth:50px;\nborder-color:#f8f8f8;\nmax-width:45%;\n}\n.hr.av-ltzzw0vo-0769f13f45b2c0dabdcc0e48e03d71ea .av-seperator-icon{\ncolor:#e5c80c;\n}\n.hr.av-ltzzw0vo-0769f13f45b2c0dabdcc0e48e03d71ea .av-seperator-icon.avia-svg-icon svg:first-child{\nfill:#e5c80c;\nstroke:#e5c80c;\n}\n<\/style>\n<div  class='hr av-ltzzw0vo-0769f13f45b2c0dabdcc0e48e03d71ea hr-custom  avia-builder-el-4  el_after_av_one_full  el_before_av_one_full  hr-center hr-icon-yes'><span class='hr-inner inner-border-av-border-fat'><span class=\"hr-inner-style\"><\/span><\/span><span class='av-seperator-icon avia-iconfont avia-font-entypo-fontello' data-av_icon='\ue8ce' data-av_iconfont='entypo-fontello' ><\/span><span class='hr-inner inner-border-av-border-fat'><span class=\"hr-inner-style\"><\/span><\/span><\/div>\n\n<style type=\"text\/css\" data-created_by=\"avia_inline_auto\" id=\"style-css-av-ezawx-d86da59ed5703a5a6cc17c894c62dfc4\">\n.flex_column.av-ezawx-d86da59ed5703a5a6cc17c894c62dfc4{\nborder-radius:0px 0px 0px 0px;\npadding:0px 0px 0px 0px;\n}\n<\/style>\n<div  class='flex_column av-ezawx-d86da59ed5703a5a6cc17c894c62dfc4 av_one_full  avia-builder-el-5  el_after_av_hr  el_before_av_one_half  first flex_column_div av-zero-column-padding  '     ><section  class='av_textblock_section av-ltzzozb2-99730903a3bba1fc4b7836fd34870ccc '   itemscope=\"itemscope\" itemtype=\"https:\/\/schema.org\/CreativeWork\" ><div class='avia_textblock'  itemprop=\"text\" ><p style=\"text-align: center;\">Faites une r\u00e9servation \u00e0 des dates pr\u00e9cises et ajoutez un d\u00e9tail pour surprendre votre partenaire<\/p>\n<\/div><\/section><\/div>\n<style type=\"text\/css\" data-created_by=\"avia_inline_auto\" id=\"style-css-av-307zyp-c33e257e99e450d82726589a85e5518c\">\n.flex_column.av-307zyp-c33e257e99e450d82726589a85e5518c{\nborder-width:2px;\nborder-color:#c8b89f;\nborder-style:solid;\nborder-radius:30px 30px 30px 30px;\npadding:15px 15px 15px 15px;\n}\n<\/style>\n<div  class='flex_column av-307zyp-c33e257e99e450d82726589a85e5518c av_one_half  avia-builder-el-7  el_after_av_one_full  el_before_av_one_half  first flex_column_div  column-top-margin'     ><section  class='av_textblock_section av-ltzzz5g0-8ad915ccba5aae7a9e604be72030569b '   itemscope=\"itemscope\" itemtype=\"https:\/\/schema.org\/CreativeWork\" ><div class='avia_textblock'  itemprop=\"text\" ><h3 style=\"text-align: center;\">PACK ROMANTIQUE<\/h3>\n<\/div><\/section><br \/>\n\n<style type=\"text\/css\" data-created_by=\"avia_inline_auto\" id=\"style-css-av-ltzzy6an-3c1da8868fc2e29d258b88b953a4e4c8\">\n.avia-image-container.av-ltzzy6an-3c1da8868fc2e29d258b88b953a4e4c8 img.avia_image{\nbox-shadow:none;\n}\n.avia-image-container.av-ltzzy6an-3c1da8868fc2e29d258b88b953a4e4c8 .av-image-caption-overlay-center{\ncolor:#ffffff;\n}\n<\/style>\n<div  class='avia-image-container av-ltzzy6an-3c1da8868fc2e29d258b88b953a4e4c8 av-styling- avia-align-center  avia-builder-el-9  el_after_av_textblock  el_before_av_textblock '   itemprop=\"image\" itemscope=\"itemscope\" itemtype=\"https:\/\/schema.org\/ImageObject\" ><div class=\"avia-image-container-inner\"><div class=\"avia-image-overlay-wrap\"><img decoding=\"async\" fetchpriority=\"high\" class='wp-image-2594 avia-img-lazy-loading-not-2594 avia_image ' src=\"https:\/\/hostallalolita.com\/wp-content\/uploads\/2024\/03\/regals-3.jpg\" alt='' title='regals-3'  height=\"684\" width=\"1000\"  itemprop=\"thumbnailUrl\" srcset=\"https:\/\/hostallalolita.com\/wp-content\/uploads\/2024\/03\/regals-3.jpg 1000w, https:\/\/hostallalolita.com\/wp-content\/uploads\/2024\/03\/regals-3-300x205.jpg 300w, https:\/\/hostallalolita.com\/wp-content\/uploads\/2024\/03\/regals-3-768x525.jpg 768w, https:\/\/hostallalolita.com\/wp-content\/uploads\/2024\/03\/regals-3-705x482.jpg 705w\" sizes=\"(max-width: 1000px) 100vw, 1000px\" \/><\/div><\/div><\/div><br \/>\n<section  class='av_textblock_section av-lu00ztcp-d8e30f7116df018ac3f6c0f17a7b5f7b '   itemscope=\"itemscope\" itemtype=\"https:\/\/schema.org\/CreativeWork\" ><div class='avia_textblock'  itemprop=\"text\" ><p style=\"text-align: center;\">Comprend une bouteille au choix entre VI (noir\/blanc) ou CAVA, avec glaci\u00e8re avec glace et verres, p\u00e9tales de roses sur le lit et bougies d\u00e9coratives dans la chambre.<\/p>\n<\/div><\/section><br \/>\n<div  class='avia-button-wrap av-2f5wap-4378bd6355c9e52c7cceea952979b25b-wrap avia-button-center  avia-builder-el-11  el_after_av_textblock  avia-builder-el-last '><a href=''  class='avia-button av-2f5wap-4378bd6355c9e52c7cceea952979b25b av-link-btn avia-icon_select-no avia-size-small avia-position-center avia-color-theme-color'   aria-label=\"30\u20ac\"><span class='avia_iconbox_title' >30\u20ac<\/span><\/a><\/div><\/p><\/div>\n<style type=\"text\/css\" data-created_by=\"avia_inline_auto\" id=\"style-css-av-2d8vq9-a6759a9db24835e53e927b6c0bb95286\">\n.flex_column.av-2d8vq9-a6759a9db24835e53e927b6c0bb95286{\nborder-width:2px;\nborder-color:#c8b89f;\nborder-style:solid;\nborder-radius:30px 30px 30px 30px;\npadding:15px 15px 15px 15px;\n}\n<\/style>\n<div  class='flex_column av-2d8vq9-a6759a9db24835e53e927b6c0bb95286 av_one_half  avia-builder-el-12  el_after_av_one_half  avia-builder-el-last  flex_column_div  column-top-margin'     ><section  class='av_textblock_section av-lu012yi0-2757f1fec4e063dde81e8df15388d251 '   itemscope=\"itemscope\" itemtype=\"https:\/\/schema.org\/CreativeWork\" ><div class='avia_textblock'  itemprop=\"text\" ><h3 style=\"text-align: center;\">PACK BIEN-\u00caTRE<\/h3>\n<\/div><\/section><br \/>\n\n<style type=\"text\/css\" data-created_by=\"avia_inline_auto\" id=\"style-css-av-lu013emb-4c63800489fa9612ba09c246d395b1cf\">\n.avia-image-container.av-lu013emb-4c63800489fa9612ba09c246d395b1cf img.avia_image{\nbox-shadow:none;\n}\n.avia-image-container.av-lu013emb-4c63800489fa9612ba09c246d395b1cf .av-image-caption-overlay-center{\ncolor:#ffffff;\n}\n<\/style>\n<div  class='avia-image-container av-lu013emb-4c63800489fa9612ba09c246d395b1cf av-styling- avia-align-center  avia-builder-el-14  el_after_av_textblock  el_before_av_textblock '   itemprop=\"image\" itemscope=\"itemscope\" itemtype=\"https:\/\/schema.org\/ImageObject\" ><div class=\"avia-image-container-inner\"><div class=\"avia-image-overlay-wrap\"><img decoding=\"async\" fetchpriority=\"high\" class='wp-image-2773 avia-img-lazy-loading-not-2773 avia_image ' src=\"https:\/\/hostallalolita.com\/wp-content\/uploads\/2024\/03\/regals-1.jpg\" alt='' title='regals-1'  height=\"684\" width=\"1000\"  itemprop=\"thumbnailUrl\" srcset=\"https:\/\/hostallalolita.com\/wp-content\/uploads\/2024\/03\/regals-1.jpg 1000w, https:\/\/hostallalolita.com\/wp-content\/uploads\/2024\/03\/regals-1-300x205.jpg 300w, https:\/\/hostallalolita.com\/wp-content\/uploads\/2024\/03\/regals-1-768x525.jpg 768w, https:\/\/hostallalolita.com\/wp-content\/uploads\/2024\/03\/regals-1-705x482.jpg 705w\" sizes=\"(max-width: 1000px) 100vw, 1000px\" \/><\/div><\/div><\/div><br \/>\n<section  class='av_textblock_section av-lu01a9vz-0f45ab2b87b53343cf2c4d2c54b27ff6 '   itemscope=\"itemscope\" itemtype=\"https:\/\/schema.org\/CreativeWork\" ><div class='avia_textblock'  itemprop=\"text\" ><p style=\"text-align: center;\">Service de massage individuel ou en couple \u00e0 r\u00e9aliser dans la chambre de l&rsquo;h\u00f4tel, pour se d\u00e9tendre de la tension du quotidien.<\/p>\n<\/div><\/section><br \/>\n<div  class='avia-button-wrap av-lu1eo4iu-3820d89c2b44b2c40caf6db0dad86497-wrap avia-button-center  avia-builder-el-16  el_after_av_textblock  avia-builder-el-last '><a href=''  class='avia-button av-lu1eo4iu-3820d89c2b44b2c40caf6db0dad86497 av-link-btn avia-icon_select-no avia-size-small avia-position-center avia-color-theme-color'   aria-label=\"70\u20ac par personne\"><span class='avia_iconbox_title' >70\u20ac par personne<\/span><\/a><\/div><\/p><\/div>\n\n<\/div><\/div><\/div><!-- close content main div --><\/div><\/div><div id='av_section_3'  class='avia-section av-a0z5t-7519c099484ba5a73136d6d54c718a8d main_color avia-section-default avia-no-border-styling  avia-builder-el-17  el_after_av_section  el_before_av_section  avia-bg-style-scroll container_wrap fullsize'  ><div class='container av-section-cont-open' ><div class='template-page content  av-content-full alpha units'><div class='post-entry post-entry-type-page post-entry-2593'><div class='entry-content-wrapper clearfix'>\n\n<style type=\"text\/css\" data-created_by=\"avia_inline_auto\" id=\"style-css-av-1kysht-1e2c6dd68bacee6cdfbd62dc767f5c33\">\n#top .hr.av-1kysht-1e2c6dd68bacee6cdfbd62dc767f5c33{\nmargin-top:0px;\nmargin-bottom:0px;\n}\n.hr.av-1kysht-1e2c6dd68bacee6cdfbd62dc767f5c33 .hr-inner{\nwidth:50px;\nborder-color:#f8f8f8;\nmax-width:45%;\n}\n.hr.av-1kysht-1e2c6dd68bacee6cdfbd62dc767f5c33 .av-seperator-icon{\ncolor:#e5c80c;\n}\n.hr.av-1kysht-1e2c6dd68bacee6cdfbd62dc767f5c33 .av-seperator-icon.avia-svg-icon svg:first-child{\nfill:#e5c80c;\nstroke:#e5c80c;\n}\n<\/style>\n<div  class='hr av-1kysht-1e2c6dd68bacee6cdfbd62dc767f5c33 hr-custom  avia-builder-el-18  el_before_av_one_full  avia-builder-el-first  hr-center hr-icon-yes'><span class='hr-inner inner-border-av-border-fat'><span class=\"hr-inner-style\"><\/span><\/span><span class='av-seperator-icon avia-iconfont avia-font-entypo-fontello' data-av_icon='\ue8ce' data-av_iconfont='entypo-fontello' ><\/span><span class='hr-inner inner-border-av-border-fat'><span class=\"hr-inner-style\"><\/span><\/span><\/div>\n\n<style type=\"text\/css\" data-created_by=\"avia_inline_auto\" id=\"style-css-av-dx2vhd-fe5e50989369613a1dd872f1c34fa5bc\">\n.flex_column.av-dx2vhd-fe5e50989369613a1dd872f1c34fa5bc{\nborder-radius:0px 0px 0px 0px;\npadding:0px 0px 0px 0px;\n}\n<\/style>\n<div  class='flex_column av-dx2vhd-fe5e50989369613a1dd872f1c34fa5bc av_one_full  avia-builder-el-19  el_after_av_hr  el_before_av_one_half  first flex_column_div av-zero-column-padding  '     ><section  class='av_textblock_section av-lu1et1ni-c73c05a5594a3ae6eeb47ef674e7ebdd '   itemscope=\"itemscope\" itemtype=\"https:\/\/schema.org\/CreativeWork\" ><div class='avia_textblock'  itemprop=\"text\" ><p style=\"text-align: center;\">Offrez une escapade de d\u00e9connexion <strong>\u00e0 date ouverte<\/strong> et offrez un cadeau sp\u00e9cial.<\/p>\n<p style=\"text-align: center;\">Ce ch\u00e8que cadeau est id\u00e9al \u00e0 offrir \u00e0 2 personnes afin qu&rsquo;elles puissent profiter de quelques jours de d\u00e9connexion et de tranquillit\u00e9 aux dates qu&rsquo;elles souhaitent.<\/p>\n<\/div><\/section><\/div>\n<style type=\"text\/css\" data-created_by=\"avia_inline_auto\" id=\"style-css-av-3isibl-a027f6d5b67131c8c06acc1b02d51e02\">\n.flex_column.av-3isibl-a027f6d5b67131c8c06acc1b02d51e02{\nborder-width:2px;\nborder-color:#c8b89f;\nborder-style:solid;\nborder-radius:30px 30px 30px 30px;\npadding:15px 15px 15px 15px;\n}\n<\/style>\n<div  class='flex_column av-3isibl-a027f6d5b67131c8c06acc1b02d51e02 av_one_half  avia-builder-el-21  el_after_av_one_full  el_before_av_one_half  first flex_column_div  column-top-margin'     ><section  class='av_textblock_section av-lu1eu2h0-0acd6c76d90232cd9eff24fbfbec64cb '   itemscope=\"itemscope\" itemtype=\"https:\/\/schema.org\/CreativeWork\" ><div class='avia_textblock'  itemprop=\"text\" ><h3 style=\"text-align: center;\"><strong>BON CADEAU D\u00c9TENTE<\/strong><\/h3>\n<\/div><\/section><br \/>\n\n<style type=\"text\/css\" data-created_by=\"avia_inline_auto\" id=\"style-css-av-lu1fe6nm-42e425e641228556b395b9116065e4bb\">\n.avia-image-container.av-lu1fe6nm-42e425e641228556b395b9116065e4bb img.avia_image{\nbox-shadow:none;\n}\n.avia-image-container.av-lu1fe6nm-42e425e641228556b395b9116065e4bb .av-image-caption-overlay-center{\ncolor:#ffffff;\n}\n<\/style>\n<div  class='avia-image-container av-lu1fe6nm-42e425e641228556b395b9116065e4bb av-styling- avia-align-center  avia-builder-el-23  el_after_av_textblock  el_before_av_textblock '   itemprop=\"image\" itemscope=\"itemscope\" itemtype=\"https:\/\/schema.org\/ImageObject\" ><div class=\"avia-image-container-inner\"><div class=\"avia-image-overlay-wrap\"><img decoding=\"async\" fetchpriority=\"high\" class='wp-image-2775 avia-img-lazy-loading-not-2775 avia_image ' src=\"https:\/\/hostallalolita.com\/wp-content\/uploads\/2024\/03\/regals-2.jpg\" alt='' title='regals-2'  height=\"684\" width=\"1000\"  itemprop=\"thumbnailUrl\" srcset=\"https:\/\/hostallalolita.com\/wp-content\/uploads\/2024\/03\/regals-2.jpg 1000w, https:\/\/hostallalolita.com\/wp-content\/uploads\/2024\/03\/regals-2-300x205.jpg 300w, https:\/\/hostallalolita.com\/wp-content\/uploads\/2024\/03\/regals-2-768x525.jpg 768w, https:\/\/hostallalolita.com\/wp-content\/uploads\/2024\/03\/regals-2-705x482.jpg 705w\" sizes=\"(max-width: 1000px) 100vw, 1000px\" \/><\/div><\/div><\/div><br \/>\n<section  class='av_textblock_section av-24ditd-166100cc96ae59c84a60dc0a00c9f9ce '   itemscope=\"itemscope\" itemtype=\"https:\/\/schema.org\/CreativeWork\" ><div class='avia_textblock'  itemprop=\"text\" ><p style=\"text-align: center;\"><span class=\"Y2IQFc\" lang=\"fr\">2 nuits avec petit d\u00e9jeuner inclus (Sauf week-end et jours f\u00e9ri\u00e9s). Comprend un massage en couple de 60 minutes.<\/span><\/p>\n<\/div><\/section><br \/>\n<div  class='avia-buttonrow-wrap av-lu1ezes2-df737b2f407e05475e2cdf0ae3128c9f avia-buttonrow-center  avia-builder-el-25  el_after_av_textblock  avia-builder-el-last '>\n\n<style type=\"text\/css\" data-created_by=\"avia_inline_auto\" id=\"style-css-av-lu1eyuss-82a6546c9aa34b69cf6996fd91f75884\">\n#top #wrap_all .avia-button.av-lu1eyuss-82a6546c9aa34b69cf6996fd91f75884{\nmargin-bottom:5px;\nmargin-right:3px;\nmargin-left:3px;\n}\n<\/style>\n<a href=''  class='avia-button av-lu1eyuss-82a6546c9aa34b69cf6996fd91f75884 avia-icon_select-no avia-size-small avia-color-theme-color'   aria-label=\"Octobre-Peut 420\u20ac\"><span class='avia_iconbox_title' >Octobre-Peut 420\u20ac<\/span><\/a>\n\n<style type=\"text\/css\" data-created_by=\"avia_inline_auto\" id=\"style-css-av-lu1ezbhr-eb0d8f169777a02be719930e3523071c\">\n#top #wrap_all .avia-button.av-lu1ezbhr-eb0d8f169777a02be719930e3523071c{\nmargin-bottom:5px;\nmargin-right:3px;\nmargin-left:3px;\n}\n<\/style>\n<a href=''  class='avia-button av-lu1ezbhr-eb0d8f169777a02be719930e3523071c avia-icon_select-no avia-size-small avia-color-theme-color'   aria-label=\"Juin-Septembre 455\u20ac\"><span class='avia_iconbox_title' >Juin-Septembre 455\u20ac<\/span><\/a>\n<\/div><\/p><\/div>\n<style type=\"text\/css\" data-created_by=\"avia_inline_auto\" id=\"style-css-av-cofsjl-3e86ca481719a5e4e5167bc482538916\">\n.flex_column.av-cofsjl-3e86ca481719a5e4e5167bc482538916{\nborder-width:2px;\nborder-color:#c8b89f;\nborder-style:solid;\nborder-radius:30px 30px 30px 30px;\npadding:15px 15px 15px 15px;\n}\n<\/style>\n<div  class='flex_column av-cofsjl-3e86ca481719a5e4e5167bc482538916 av_one_half  avia-builder-el-26  el_after_av_one_half  avia-builder-el-last  flex_column_div  column-top-margin'     ><section  class='av_textblock_section av-lu1etru7-d55b5c00d53491ab9cd9c37870259af0 '   itemscope=\"itemscope\" itemtype=\"https:\/\/schema.org\/CreativeWork\" ><div class='avia_textblock'  itemprop=\"text\" ><h3 style=\"text-align: center;\">BON CADEAU ROMANTIQUE<\/h3>\n<\/div><\/section><br \/>\n\n<style type=\"text\/css\" data-created_by=\"avia_inline_auto\" id=\"style-css-av-b2c3m9-37573f7fdd2cdc8083ab34254c6d930f\">\n.avia-image-container.av-b2c3m9-37573f7fdd2cdc8083ab34254c6d930f img.avia_image{\nbox-shadow:none;\n}\n.avia-image-container.av-b2c3m9-37573f7fdd2cdc8083ab34254c6d930f .av-image-caption-overlay-center{\ncolor:#ffffff;\n}\n<\/style>\n<div  class='avia-image-container av-b2c3m9-37573f7fdd2cdc8083ab34254c6d930f av-styling- avia-align-center  avia-builder-el-28  el_after_av_textblock  el_before_av_textblock '   itemprop=\"image\" itemscope=\"itemscope\" itemtype=\"https:\/\/schema.org\/ImageObject\" ><div class=\"avia-image-container-inner\"><div class=\"avia-image-overlay-wrap\"><img decoding=\"async\" fetchpriority=\"high\" class='wp-image-2594 avia-img-lazy-loading-not-2594 avia_image ' src=\"https:\/\/hostallalolita.com\/wp-content\/uploads\/2024\/03\/regals-3.jpg\" alt='' title='regals-3'  height=\"684\" width=\"1000\"  itemprop=\"thumbnailUrl\" srcset=\"https:\/\/hostallalolita.com\/wp-content\/uploads\/2024\/03\/regals-3.jpg 1000w, https:\/\/hostallalolita.com\/wp-content\/uploads\/2024\/03\/regals-3-300x205.jpg 300w, https:\/\/hostallalolita.com\/wp-content\/uploads\/2024\/03\/regals-3-768x525.jpg 768w, https:\/\/hostallalolita.com\/wp-content\/uploads\/2024\/03\/regals-3-705x482.jpg 705w\" sizes=\"(max-width: 1000px) 100vw, 1000px\" \/><\/div><\/div><\/div><br \/>\n<section  class='av_textblock_section av-lu1ewcsk-cf3201fbb723b16fabab7221eb119811 '   itemscope=\"itemscope\" itemtype=\"https:\/\/schema.org\/CreativeWork\" ><div class='avia_textblock'  itemprop=\"text\" ><p style=\"text-align: center;\">2 nuits avec petit d\u00e9jeuner inclus (Sauf week-end et jours f\u00e9ri\u00e9s)<br \/>\nComprend un pack romantique au choix entre blanc\/noir VI ou CAVA.<\/p>\n<\/div><\/section><br \/>\n<div  class='avia-buttonrow-wrap av-9fv4ap-cf2d1b6a811c49fdcb544f3039b9f3e9 avia-buttonrow-center  avia-builder-el-30  el_after_av_textblock  avia-builder-el-last '>\n\n<style type=\"text\/css\" data-created_by=\"avia_inline_auto\" id=\"style-css-av-88ijqp-1e7ea556d316bb23c7eb128fd97dc567\">\n#top #wrap_all .avia-button.av-88ijqp-1e7ea556d316bb23c7eb128fd97dc567{\nmargin-bottom:5px;\nmargin-right:3px;\nmargin-left:3px;\n}\n<\/style>\n<a href=''  class='avia-button av-88ijqp-1e7ea556d316bb23c7eb128fd97dc567 avia-icon_select-no avia-size-small avia-color-theme-color'   aria-label=\"Octobre-Peut 340\u20ac\"><span class='avia_iconbox_title' >Octobre-Peut 340\u20ac<\/span><\/a>\n\n<style type=\"text\/css\" data-created_by=\"avia_inline_auto\" id=\"style-css-av-5s018h-4648ef97d8e48493337a4e13e6fbf47b\">\n#top #wrap_all .avia-button.av-5s018h-4648ef97d8e48493337a4e13e6fbf47b{\nmargin-bottom:5px;\nmargin-right:3px;\nmargin-left:3px;\n}\n<\/style>\n<a href=''  class='avia-button av-5s018h-4648ef97d8e48493337a4e13e6fbf47b avia-icon_select-no avia-size-small avia-color-theme-color'   aria-label=\"Juin-Septembre 380\u20ac\"><span class='avia_iconbox_title' >Juin-Septembre 380\u20ac<\/span><\/a>\n<\/div><\/p><\/div>\n\n<\/div><\/div><\/div><!-- close content main div --><\/div><\/div><div id='av_section_4'  class='avia-section av-lu1fgrht-04a88784f765c103bdebad9b261e00c8 main_color avia-section-default avia-no-border-styling  avia-builder-el-31  el_after_av_section  avia-builder-el-last  avia-bg-style-scroll container_wrap fullsize'  ><div class='container av-section-cont-open' ><div class='template-page content  av-content-full alpha units'><div class='post-entry post-entry-type-page post-entry-2593'><div class='entry-content-wrapper clearfix'>\n<div  class='flex_column av-5xxq4x-919c2e0d846e2fb36bf53413b48cc475 av_one_fifth  avia-builder-el-32  el_before_av_three_fifth  avia-builder-el-first  first flex_column_div  '     ><\/div><div  class='flex_column av-4s6lhd-bbb7494775e8728efc88f138571fd69e av_three_fifth  avia-builder-el-33  el_after_av_one_fifth  el_before_av_one_fifth  flex_column_div  '     ><p>\n<style type=\"text\/css\" data-created_by=\"avia_inline_auto\" id=\"style-css-av-lu03ng25-328d350fbb6ac03713d33a13147a4593\">\n#top .av-special-heading.av-lu03ng25-328d350fbb6ac03713d33a13147a4593{\npadding-bottom:50px;\n}\nbody .av-special-heading.av-lu03ng25-328d350fbb6ac03713d33a13147a4593 .av-special-heading-tag .heading-char{\nfont-size:25px;\n}\n.av-special-heading.av-lu03ng25-328d350fbb6ac03713d33a13147a4593 .av-subheading{\nfont-size:15px;\n}\n<\/style>\n<div  class='av-special-heading av-lu03ng25-328d350fbb6ac03713d33a13147a4593 av-special-heading-h2 blockquote modern-quote modern-centered  avia-builder-el-34  el_before_av_textblock  avia-builder-el-first '><div class='av-subheading av-subheading_above'><p>HOSTAL LA LOLITA<\/p>\n<\/div><h2 class='av-special-heading-tag '  itemprop=\"headline\"  >Demande de ch\u00e8que-cadeau<\/h2><div class=\"special-heading-border\"><div class=\"special-heading-inner-border\"><\/div><\/div><\/div><br \/>\n<section  class='av_textblock_section av-lu03aar0-a5d8f0270d8daf4a605d15af6f15cc4d '   itemscope=\"itemscope\" itemtype=\"https:\/\/schema.org\/CreativeWork\" ><div class='avia_textblock'  itemprop=\"text\" ><p class=\"wpcf7-contact-form-not-found\"><strong>Erreur\u00a0:<\/strong> Formulaire de contact non trouv\u00e9\u00a0!<\/p>\n<\/div><\/section><\/p><\/div><div  class='flex_column av-201wyp-c40d2df5f39b8cdb96a5fef9605ad0ee av_one_fifth  avia-builder-el-36  el_after_av_three_fifth  avia-builder-el-last  flex_column_div  '     ><\/div>\n","protected":false},"excerpt":{"rendered":"","protected":false},"author":1,"featured_media":0,"parent":0,"menu_order":0,"comment_status":"closed","ping_status":"closed","template":"","meta":{"footnotes":""},"class_list":["post-2593","page","type-page","status-publish","hentry"],"_links":{"self":[{"href":"https:\/\/hostallalolita.com\/fr\/wp-json\/wp\/v2\/pages\/2593","targetHints":{"allow":["GET"]}}],"collection":[{"href":"https:\/\/hostallalolita.com\/fr\/wp-json\/wp\/v2\/pages"}],"about":[{"href":"https:\/\/hostallalolita.com\/fr\/wp-json\/wp\/v2\/types\/page"}],"author":[{"embeddable":true,"href":"https:\/\/hostallalolita.com\/fr\/wp-json\/wp\/v2\/users\/1"}],"replies":[{"embeddable":true,"href":"https:\/\/hostallalolita.com\/fr\/wp-json\/wp\/v2\/comments?post=2593"}],"version-history":[{"count":5,"href":"https:\/\/hostallalolita.com\/fr\/wp-json\/wp\/v2\/pages\/2593\/revisions"}],"predecessor-version":[{"id":2980,"href":"https:\/\/hostallalolita.com\/fr\/wp-json\/wp\/v2\/pages\/2593\/revisions\/2980"}],"wp:attachment":[{"href":"https:\/\/hostallalolita.com\/fr\/wp-json\/wp\/v2\/media?parent=2593"}],"curies":[{"name":"wp","href":"https:\/\/api.w.org\/{rel}","templated":true}]}}