{"id":2617,"date":"2016-07-29T14:02:21","date_gmt":"2016-07-29T12:02:21","guid":{"rendered":"https:\/\/hostallalolita.com\/contacte\/"},"modified":"2024-11-05T21:33:40","modified_gmt":"2024-11-05T19:33:40","slug":"contacte","status":"publish","type":"page","link":"https:\/\/hostallalolita.com\/fr\/contacte\/","title":{"rendered":"CONTACT"},"content":{"rendered":"\n<style type=\"text\/css\" data-created_by=\"avia_inline_auto\" id=\"style-css-av-1jy4yl-fd99dfc4a63fe2845004056abe538813\">\n.avia-section.av-1jy4yl-fd99dfc4a63fe2845004056abe538813 .av-extra-border-element .av-extra-border-inner{\nbackground-color:#f8f8f8;\n}\n<\/style>\n<div id='av_section_1'  class='avia-section av-1jy4yl-fd99dfc4a63fe2845004056abe538813 main_color avia-section-huge avia-no-border-styling  avia-builder-el-0  avia-builder-el-no-sibling  avia-bg-style-scroll av-arrow-down-section container_wrap fullsize'  ><div class='container av-section-cont-open' ><main  role=\"main\" itemprop=\"mainContentOfPage\"  class='template-page content  av-content-full alpha units'><div class='post-entry post-entry-type-page post-entry-2617'><div class='entry-content-wrapper clearfix'>\n\n<style type=\"text\/css\" data-created_by=\"avia_inline_auto\" id=\"style-css-av-1e88x9-a04776194c57e88549ba20825abe07d4\">\n#top .flex_column.av-1e88x9-a04776194c57e88549ba20825abe07d4{\nmargin-top:-200px;\nmargin-bottom:0px;\n}\n.flex_column.av-1e88x9-a04776194c57e88549ba20825abe07d4{\nborder-radius:0px 0px 0px 0px;\npadding:30px 30px 30px 30px;\nbackground-color:#ffffff;\n}\n.responsive #top #wrap_all .flex_column.av-1e88x9-a04776194c57e88549ba20825abe07d4{\nmargin-top:-200px;\nmargin-bottom:0px;\n}\n<\/style>\n<div  class='flex_column av-1e88x9-a04776194c57e88549ba20825abe07d4 av_one_full  avia-builder-el-1  el_before_av_hr  avia-builder-el-first  first flex_column_div  '     ><style type=\"text\/css\" data-created_by=\"avia_inline_auto\" id=\"style-css-av-17dc19-806a05d55bda1dd340d194f51056f5b6\">\n#top .av-special-heading.av-17dc19-806a05d55bda1dd340d194f51056f5b6{\npadding-bottom:20px;\nfont-size:40px;\n}\nbody .av-special-heading.av-17dc19-806a05d55bda1dd340d194f51056f5b6 .av-special-heading-tag .heading-char{\nfont-size:25px;\n}\n#top #wrap_all .av-special-heading.av-17dc19-806a05d55bda1dd340d194f51056f5b6 .av-special-heading-tag{\nfont-size:40px;\n}\n.av-special-heading.av-17dc19-806a05d55bda1dd340d194f51056f5b6 .av-subheading{\nfont-size:15px;\n}\n\n@media only screen and (min-width: 480px) and (max-width: 767px){ \n#top #wrap_all .av-special-heading.av-17dc19-806a05d55bda1dd340d194f51056f5b6 .av-special-heading-tag{\nfont-size:0.8em;\n}\n}\n\n@media only screen and (max-width: 479px){ \n#top #wrap_all .av-special-heading.av-17dc19-806a05d55bda1dd340d194f51056f5b6 .av-special-heading-tag{\nfont-size:0.8em;\n}\n}\n<\/style>\n<div  class='av-special-heading av-17dc19-806a05d55bda1dd340d194f51056f5b6 av-special-heading-h1 blockquote modern-quote modern-centered  avia-builder-el-2  avia-builder-el-no-sibling  av-inherit-size'><h1 class='av-special-heading-tag '  itemprop=\"headline\"  >Contactez-nous!<\/h1><div class=\"special-heading-border\"><div class=\"special-heading-inner-border\"><\/div><\/div><\/div><\/div>\n<style type=\"text\/css\" data-created_by=\"avia_inline_auto\" id=\"style-css-av-11zbgt-f078f5dcbdc6c919a446adaed5cd2428\">\n#top .hr.av-11zbgt-f078f5dcbdc6c919a446adaed5cd2428{\nmargin-top:0px;\nmargin-bottom:70px;\n}\n.hr.av-11zbgt-f078f5dcbdc6c919a446adaed5cd2428 .hr-inner{\nwidth:50px;\nborder-color:#f8f8f8;\nmax-width:45%;\n}\n.hr.av-11zbgt-f078f5dcbdc6c919a446adaed5cd2428 .av-seperator-icon{\ncolor:#e5c80c;\n}\n.hr.av-11zbgt-f078f5dcbdc6c919a446adaed5cd2428 .av-seperator-icon.avia-svg-icon svg:first-child{\nfill:#e5c80c;\nstroke:#e5c80c;\n}\n<\/style>\n<div  class='hr av-11zbgt-f078f5dcbdc6c919a446adaed5cd2428 hr-custom  avia-builder-el-3  el_after_av_one_full  el_before_av_one_half  hr-center hr-icon-yes'><span class='hr-inner inner-border-av-border-fat'><span class=\"hr-inner-style\"><\/span><\/span><span class='av-seperator-icon avia-iconfont avia-font-entypo-fontello' data-av_icon='\ue8ce' data-av_iconfont='entypo-fontello' ><\/span><span class='hr-inner inner-border-av-border-fat'><span class=\"hr-inner-style\"><\/span><\/span><\/div>\n\n<style type=\"text\/css\" data-created_by=\"avia_inline_auto\" id=\"style-css-av-w3on1-12a668a53eae851cafa6d21591341c28\">\n.flex_column.av-w3on1-12a668a53eae851cafa6d21591341c28{\nborder-radius:0px 0px 0px 0px;\npadding:0px 0px 0px 0px;\n}\n<\/style>\n<div  class='flex_column av-w3on1-12a668a53eae851cafa6d21591341c28 av_one_half  avia-builder-el-4  el_after_av_hr  el_before_av_one_half  first flex_column_div av-animated-generic bottom-to-top av-zero-column-padding  '     ><section  class='av_textblock_section av-qme0l-2f5fc83fe1f02d5d57c5b943de83b14d '   itemscope=\"itemscope\" itemtype=\"https:\/\/schema.org\/CreativeWork\" ><div class='avia_textblock'  itemprop=\"text\" ><p data-pm-slice=\"1 1 &#091;&#093;\">Si vous souhaitez nous demander des disponibilit\u00e9s, des informations ou toute question que vous pourriez avoir, n&rsquo;h\u00e9sitez pas \u00e0 nous contacter, que ce soit par t\u00e9l\u00e9phone, WhatsApp ou e-mail, nous serons heureux de vous aider.<\/p>\n<\/div><\/section><\/div>\n<style type=\"text\/css\" data-created_by=\"avia_inline_auto\" id=\"style-css-av-lg2gd-0d1add9a1971f403fdb1a5e185b2499b\">\n.flex_column.av-lg2gd-0d1add9a1971f403fdb1a5e185b2499b{\nborder-radius:0px 0px 0px 0px;\npadding:0px 0px 0px 0px;\n}\n<\/style>\n<div  class='flex_column av-lg2gd-0d1add9a1971f403fdb1a5e185b2499b av_one_half  avia-builder-el-6  el_after_av_one_half  el_before_av_textblock  flex_column_div av-animated-generic bottom-to-top av-zero-column-padding  '     ><section  class='av_textblock_section av-fh065-52b36196ae3f934903ae399bf6b92261 '   itemscope=\"itemscope\" itemtype=\"https:\/\/schema.org\/CreativeWork\" ><div class='avia_textblock'  itemprop=\"text\" ><p>Carretera a Madremanya Km. 3<br \/>\nSant Mart\u00ed Vell, 17462<br \/>\n(Girona)<\/p>\n<p><a href=\"mailto:hola@hostallalolita.com\">hola@hostallalolita.com<\/a><\/p>\n<p>T\u00e9l\u00e9phone pour les appels: 972 49 07 44<\/p>\n<p>Whatsapp: 620 85 10 78<\/p>\n<\/div><\/section><\/div><section  class='av_textblock_section av-9tn6l-e17651936eecbaded3bfa1a6d1e40b81 '   itemscope=\"itemscope\" itemtype=\"https:\/\/schema.org\/CreativeWork\" ><div class='avia_textblock'  itemprop=\"text\" ><p><iframe loading=\"lazy\" style=\"border: 0;\" src=\"https:\/\/www.google.com\/maps\/embed?pb=!1m18!1m12!1m3!1d2964.064764532113!2d2.9283281154455727!3d42.020343029211126!2m3!1f0!2f0!3f0!3m2!1i1024!2i768!4f13.1!3m3!1m2!1s0x0%3A0xc0060f9fb026b4f4!2sHostal+La+Lolita!5e0!3m2!1sca!2ses!4v1485169040992\" width=\"1200\" height=\"450\" frameborder=\"0\" allowfullscreen=\"allowfullscreen\"><\/iframe><\/p>\n<\/div><\/section>\n\n","protected":false},"excerpt":{"rendered":"","protected":false},"author":1,"featured_media":0,"parent":0,"menu_order":0,"comment_status":"closed","ping_status":"closed","template":"","meta":{"footnotes":""},"class_list":["post-2617","page","type-page","status-publish","hentry"],"_links":{"self":[{"href":"https:\/\/hostallalolita.com\/fr\/wp-json\/wp\/v2\/pages\/2617","targetHints":{"allow":["GET"]}}],"collection":[{"href":"https:\/\/hostallalolita.com\/fr\/wp-json\/wp\/v2\/pages"}],"about":[{"href":"https:\/\/hostallalolita.com\/fr\/wp-json\/wp\/v2\/types\/page"}],"author":[{"embeddable":true,"href":"https:\/\/hostallalolita.com\/fr\/wp-json\/wp\/v2\/users\/1"}],"replies":[{"embeddable":true,"href":"https:\/\/hostallalolita.com\/fr\/wp-json\/wp\/v2\/comments?post=2617"}],"version-history":[{"count":2,"href":"https:\/\/hostallalolita.com\/fr\/wp-json\/wp\/v2\/pages\/2617\/revisions"}],"predecessor-version":[{"id":2760,"href":"https:\/\/hostallalolita.com\/fr\/wp-json\/wp\/v2\/pages\/2617\/revisions\/2760"}],"wp:attachment":[{"href":"https:\/\/hostallalolita.com\/fr\/wp-json\/wp\/v2\/media?parent=2617"}],"curies":[{"name":"wp","href":"https:\/\/api.w.org\/{rel}","templated":true}]}}